{"id":26328,"date":"2024-06-14T15:34:18","date_gmt":"2024-06-14T13:34:18","guid":{"rendered":"https:\/\/cedrat-technologies.com\/produit\/optimized-high-efficiency-mica-actuators-for-space-compressors\/"},"modified":"2024-10-01T09:17:05","modified_gmt":"2024-10-01T07:17:05","slug":"optimized-high-efficiency-mica-actuators-for-space-compressors","status":"publish","type":"product","link":"https:\/\/cedrat-technologies.com\/fr\/produit\/optimized-high-efficiency-mica-actuators-for-space-compressors\/","title":{"rendered":"Actionneurs MICA optimis\u00e9s \u00e0 haut rendement pour compresseurs spatiaux"},"content":{"rendered":"","protected":false},"excerpt":{"rendered":"<p>Les actionneurs contr\u00f4lables \u00e0 fer mobile MICA\u2122 sont des actionneurs lin\u00e9aires magn\u00e9tiques de CEDRAT TECHNOLOGIES (CTEC) qui trouvent leur int\u00e9r\u00eat dans les applications n\u00e9cessitant une densit\u00e9 de force \u00e9lev\u00e9e et un faible \u00e9chauffement. En raison de ces performances attrayantes, certaines applications spatiales telles que les compresseurs de gaz ZBO et le cryocooler \u00e0 tube d&rsquo;impulsion envisagent leur utilisation dans des missions op\u00e9rationnelles. Cependant, cette derni\u00e8re application n\u00e9cessite la d\u00e9monstration de caract\u00e9ristiques suppl\u00e9mentaires, notamment un rendement \u00e9lev\u00e9, une longue dur\u00e9e de vie et une bonne homog\u00e9n\u00e9it\u00e9 de la force afin de minimiser la g\u00e9n\u00e9ration de micro-vibrations export\u00e9es. Pour r\u00e9pondre \u00e0 ces caract\u00e9ristiques suppl\u00e9mentaires, CTEC a d\u00e9velopp\u00e9 un MICA optimis\u00e9 suivant les sp\u00e9cifications du cryocooler \u00e0 tube d&rsquo;impulsion (PTC) d&rsquo;AIR LIQUIDE. L&rsquo;article pr\u00e9sentera les progr\u00e8s de performance obtenus sur cette MICA personnalis\u00e9e, depuis la pr\u00e9diction de la mod\u00e9lisation jusqu&rsquo;aux essais en laboratoire des mod\u00e8les d&rsquo;ing\u00e9nierie.<\/p>\n","protected":false},"featured_media":25050,"comment_status":"closed","ping_status":"closed","template":"","meta":{"_acf_changed":false,"_seopress_robots_primary_cat":"none","_seopress_titles_title":"","_seopress_titles_desc":"","_seopress_robots_index":"yes"},"product_brand":[],"product_cat":[1383,1384,1494,1394,1491,1464,2390],"product_tag":[],"class_list":{"0":"post-26328","1":"product","2":"type-product","3":"status-publish","4":"has-post-thumbnail","6":"product_cat-actionneurs-lineaires","7":"product_cat-actionneurs-lineaires-magnetiques","8":"product_cat-biomedical-assistance-personnelle-fr-2","9":"product_cat-dispositifs-electro-fluidique","10":"product_cat-domaine-fr","11":"product_cat-publications-fr","12":"product_cat-space-fr","14":"first","15":"instock","16":"downloadable","17":"shipping-taxable","18":"purchasable","19":"product-type-simple"},"acf":[],"_links":{"self":[{"href":"https:\/\/cedrat-technologies.com\/fr\/wp-json\/wp\/v2\/product\/26328","targetHints":{"allow":["GET"]}}],"collection":[{"href":"https:\/\/cedrat-technologies.com\/fr\/wp-json\/wp\/v2\/product"}],"about":[{"href":"https:\/\/cedrat-technologies.com\/fr\/wp-json\/wp\/v2\/types\/product"}],"replies":[{"embeddable":true,"href":"https:\/\/cedrat-technologies.com\/fr\/wp-json\/wp\/v2\/comments?post=26328"}],"version-history":[{"count":0,"href":"https:\/\/cedrat-technologies.com\/fr\/wp-json\/wp\/v2\/product\/26328\/revisions"}],"wp:featuredmedia":[{"embeddable":true,"href":"https:\/\/cedrat-technologies.com\/fr\/wp-json\/wp\/v2\/media\/25050"}],"wp:attachment":[{"href":"https:\/\/cedrat-technologies.com\/fr\/wp-json\/wp\/v2\/media?parent=26328"}],"wp:term":[{"taxonomy":"product_brand","embeddable":true,"href":"https:\/\/cedrat-technologies.com\/fr\/wp-json\/wp\/v2\/product_brand?post=26328"},{"taxonomy":"product_cat","embeddable":true,"href":"https:\/\/cedrat-technologies.com\/fr\/wp-json\/wp\/v2\/product_cat?post=26328"},{"taxonomy":"product_tag","embeddable":true,"href":"https:\/\/cedrat-technologies.com\/fr\/wp-json\/wp\/v2\/product_tag?post=26328"}],"curies":[{"name":"wp","href":"https:\/\/api.w.org\/{rel}","templated":true}]}}