{"id":26325,"date":"2024-06-14T15:50:12","date_gmt":"2024-06-14T13:50:12","guid":{"rendered":"https:\/\/cedrat-technologies.com\/produit\/miniature-piezo-fast-steering-mirror-for-optical-communication-in-nanosats-and-cubesats\/"},"modified":"2024-10-01T09:12:35","modified_gmt":"2024-10-01T07:12:35","slug":"miniature-piezo-fast-steering-mirror-for-optical-communication-in-nanosats-and-cubesats","status":"publish","type":"product","link":"https:\/\/cedrat-technologies.com\/fr\/produit\/miniature-piezo-fast-steering-mirror-for-optical-communication-in-nanosats-and-cubesats\/","title":{"rendered":"FSM pi\u00e9zo\u00e9lectrique miniature pour la communication optique dans les NanoSats et les CubeSats"},"content":{"rendered":"","protected":false},"excerpt":{"rendered":"<p>L&rsquo;acc\u00e8s aux donn\u00e9es est devenu vital et strat\u00e9gique pour les individus et les nations, la pr\u00e9servation et la surveillance de la plan\u00e8te Terre et les applications de mobilit\u00e9. Dans ce contexte, le nombre de projets de constellations de satellites augmente consid\u00e9rablement dans le monde entier et constitue un d\u00e9fi de nouvelle g\u00e9n\u00e9ration pour l&rsquo;industrie rentable du nouvel espace.<br \/>\nPour remplacer les communications par radiofr\u00e9quences (RF), les communications optiques spatiales seront la nouvelle tendance, permettant \u00e0 la fois d&rsquo;am\u00e9liorer les communications \u00e0 tr\u00e8s haut d\u00e9bit et les communications crypt\u00e9es s\u00e9curis\u00e9es.<br \/>\nLes FSM sont un composant cl\u00e9 utilis\u00e9 dans les communications optiques et pour un large \u00e9ventail de fonctions telles que les m\u00e9canismes de pointage (PAM), le balayage de trame, les miroirs d&rsquo;orientation de faisceau (BSM), les m\u00e9canismes de pointage fin (FPM) et la stabilisation de la ligne de mire (LOS).<br \/>\nL&rsquo;article suivant pr\u00e9sente les r\u00e9sultats des essais du mini-FSM pi\u00e9zo\u00e9lectrique de CEDRAT TECHNOLOGIES et de l&rsquo;\u00e9lectronique de commande CCBu20 associ\u00e9e.<\/p>\n","protected":false},"featured_media":24561,"comment_status":"closed","ping_status":"closed","template":"","meta":{"_acf_changed":false,"_seopress_robots_primary_cat":"none","_seopress_titles_title":"","_seopress_titles_desc":"","_seopress_robots_index":"yes"},"product_brand":[],"product_cat":[1491,1392,1495,1390,1496,1464,2390],"product_tag":[],"class_list":{"0":"post-26325","1":"product","2":"type-product","3":"status-publish","4":"has-post-thumbnail","6":"product_cat-domaine-fr","7":"product_cat-fsm-plateformes-tip-tilt","8":"product_cat-instrumentation-optique-fr","9":"product_cat-mecanismes","10":"product_cat-optronique-fr","11":"product_cat-publications-fr","12":"product_cat-space-fr","14":"first","15":"instock","16":"downloadable","17":"shipping-taxable","18":"purchasable","19":"product-type-simple"},"acf":[],"_links":{"self":[{"href":"https:\/\/cedrat-technologies.com\/fr\/wp-json\/wp\/v2\/product\/26325","targetHints":{"allow":["GET"]}}],"collection":[{"href":"https:\/\/cedrat-technologies.com\/fr\/wp-json\/wp\/v2\/product"}],"about":[{"href":"https:\/\/cedrat-technologies.com\/fr\/wp-json\/wp\/v2\/types\/product"}],"replies":[{"embeddable":true,"href":"https:\/\/cedrat-technologies.com\/fr\/wp-json\/wp\/v2\/comments?post=26325"}],"version-history":[{"count":0,"href":"https:\/\/cedrat-technologies.com\/fr\/wp-json\/wp\/v2\/product\/26325\/revisions"}],"wp:featuredmedia":[{"embeddable":true,"href":"https:\/\/cedrat-technologies.com\/fr\/wp-json\/wp\/v2\/media\/24561"}],"wp:attachment":[{"href":"https:\/\/cedrat-technologies.com\/fr\/wp-json\/wp\/v2\/media?parent=26325"}],"wp:term":[{"taxonomy":"product_brand","embeddable":true,"href":"https:\/\/cedrat-technologies.com\/fr\/wp-json\/wp\/v2\/product_brand?post=26325"},{"taxonomy":"product_cat","embeddable":true,"href":"https:\/\/cedrat-technologies.com\/fr\/wp-json\/wp\/v2\/product_cat?post=26325"},{"taxonomy":"product_tag","embeddable":true,"href":"https:\/\/cedrat-technologies.com\/fr\/wp-json\/wp\/v2\/product_tag?post=26325"}],"curies":[{"name":"wp","href":"https:\/\/api.w.org\/{rel}","templated":true}]}}