{"id":26322,"date":"2024-06-14T15:52:09","date_gmt":"2024-06-14T13:52:09","guid":{"rendered":"https:\/\/cedrat-technologies.com\/produit\/inertial-inchworm-piezoelectric-motors-design-and-motorization-selection-key-aspects\/"},"modified":"2024-10-01T09:09:41","modified_gmt":"2024-10-01T07:09:41","slug":"inertial-inchworm-piezoelectric-motors-design-and-motorization-selection-key-aspects","status":"publish","type":"product","link":"https:\/\/cedrat-technologies.com\/fr\/produit\/inertial-inchworm-piezoelectric-motors-design-and-motorization-selection-key-aspects\/","title":{"rendered":"Moteurs pi\u00e9zo\u00e9lectriques inertiels et \u00e0 vis sans fin : Aspects cl\u00e9s de la conception et de la s\u00e9lection de la motorisation"},"content":{"rendered":"","protected":false},"excerpt":{"rendered":"<p>Les moteurs pi\u00e9zo\u00e9lectriques sont de plus en plus utilis\u00e9s dans diverses applications en raison de leurs capacit\u00e9s et avantages uniques. Ces moteurs sont adapt\u00e9s aux applications qui requi\u00e8rent une compatibilit\u00e9 non magn\u00e9tique et avec les radiations, un rapport force\/volume \u00e9lev\u00e9, une bonne force de d\u00e9crochage non motoris\u00e9e et une faible consommation d&rsquo;\u00e9nergie. Cedrat Technologies (CTEC) a d\u00e9velopp\u00e9 la motorisation inertielle et la motorisation par vis sans fin pour une large gamme d&rsquo;applications telles que l&rsquo;espace, la d\u00e9fense et le nucl\u00e9aire. Chaque solution de motorisation pr\u00e9sente ses propres avantages et inconv\u00e9nients, qui sont examin\u00e9s dans le pr\u00e9sent document. Les aspects cl\u00e9s de la conception et les \u00e9l\u00e9ments cl\u00e9s de la s\u00e9lection de la motorisation sont pr\u00e9sent\u00e9s ci-dessous.<\/p>\n","protected":false},"featured_media":24573,"comment_status":"closed","ping_status":"closed","template":"","meta":{"_acf_changed":false,"_seopress_robots_primary_cat":"none","_seopress_titles_title":"","_seopress_titles_desc":"","_seopress_robots_index":"yes"},"product_brand":[],"product_cat":[1383,1398,1386,1387,1464],"product_tag":[],"class_list":{"0":"post-26322","1":"product","2":"type-product","3":"status-publish","4":"has-post-thumbnail","6":"product_cat-actionneurs-lineaires","7":"product_cat-machines-tournantes","8":"product_cat-moteurs-piezo-fr","9":"product_cat-moteurs-piezo-fr-2","10":"product_cat-publications-fr","12":"first","13":"instock","14":"downloadable","15":"shipping-taxable","16":"purchasable","17":"product-type-simple"},"acf":[],"_links":{"self":[{"href":"https:\/\/cedrat-technologies.com\/fr\/wp-json\/wp\/v2\/product\/26322","targetHints":{"allow":["GET"]}}],"collection":[{"href":"https:\/\/cedrat-technologies.com\/fr\/wp-json\/wp\/v2\/product"}],"about":[{"href":"https:\/\/cedrat-technologies.com\/fr\/wp-json\/wp\/v2\/types\/product"}],"replies":[{"embeddable":true,"href":"https:\/\/cedrat-technologies.com\/fr\/wp-json\/wp\/v2\/comments?post=26322"}],"version-history":[{"count":0,"href":"https:\/\/cedrat-technologies.com\/fr\/wp-json\/wp\/v2\/product\/26322\/revisions"}],"wp:featuredmedia":[{"embeddable":true,"href":"https:\/\/cedrat-technologies.com\/fr\/wp-json\/wp\/v2\/media\/24573"}],"wp:attachment":[{"href":"https:\/\/cedrat-technologies.com\/fr\/wp-json\/wp\/v2\/media?parent=26322"}],"wp:term":[{"taxonomy":"product_brand","embeddable":true,"href":"https:\/\/cedrat-technologies.com\/fr\/wp-json\/wp\/v2\/product_brand?post=26322"},{"taxonomy":"product_cat","embeddable":true,"href":"https:\/\/cedrat-technologies.com\/fr\/wp-json\/wp\/v2\/product_cat?post=26322"},{"taxonomy":"product_tag","embeddable":true,"href":"https:\/\/cedrat-technologies.com\/fr\/wp-json\/wp\/v2\/product_tag?post=26322"}],"curies":[{"name":"wp","href":"https:\/\/api.w.org\/{rel}","templated":true}]}}