{"id":26318,"date":"2024-06-14T15:57:15","date_gmt":"2024-06-14T13:57:15","guid":{"rendered":"https:\/\/cedrat-technologies.com\/produit\/light-controlled-mechanisms-based-on-photomobile-polymers-for-seamless-integration-in-demanding-environments\/"},"modified":"2024-10-01T09:07:19","modified_gmt":"2024-10-01T07:07:19","slug":"light-controlled-mechanisms-based-on-photomobile-polymers-for-seamless-integration-in-demanding-environments","status":"publish","type":"product","link":"https:\/\/cedrat-technologies.com\/fr\/produit\/light-controlled-mechanisms-based-on-photomobile-polymers-for-seamless-integration-in-demanding-environments\/","title":{"rendered":"M\u00e9canismes contr\u00f4l\u00e9s par la lumi\u00e8re bas\u00e9s sur des polym\u00e8res photomobiles pour une int\u00e9gration optimale dans des environnements exigeants"},"content":{"rendered":"","protected":false},"excerpt":{"rendered":"<p>Les polym\u00e8res photomobiles (PMP) sont des mat\u00e9riaux actifs qui convertissent la lumi\u00e8re en mouvement m\u00e9canique. Ils peuvent \u00eatre utilis\u00e9s dans des collecteurs d&rsquo;\u00e9nergie, des actionneurs contr\u00f4l\u00e9s par la lumi\u00e8re ou des m\u00e9canismes. Comme ils sont contr\u00f4l\u00e9s par la lumi\u00e8re et fonctionnent sans \u00e9lectricit\u00e9, ils offrent des possibilit\u00e9s uniques de concevoir des dispositifs qui peuvent \u00eatre int\u00e9gr\u00e9s de mani\u00e8re transparente et qui ne n\u00e9cessitent pratiquement pas d&rsquo;entretien. Ces dispositifs sont int\u00e9ressants dans des domaines tels que l&rsquo;\u00e9nergie nucl\u00e9aire, les implants m\u00e9dicaux, la biologie, l&rsquo;espace ou l&rsquo;internet des objets (IoT). Cedrat Technologies a con\u00e7u, construit et test\u00e9 trois prototypes de d\u00e9monstration de faisabilit\u00e9 : un interrupteur m\u00e9canique, une vanne m\u00e9canique et un d\u00e9flecteur optique. Cet article pr\u00e9sente ces trois concepts et les r\u00e9sultats des tests en d\u00e9tail.<\/p>\n","protected":false},"featured_media":22523,"comment_status":"closed","ping_status":"closed","template":"","meta":{"_acf_changed":false,"_seopress_robots_primary_cat":"none","_seopress_titles_title":"","_seopress_titles_desc":"","_seopress_robots_index":"yes"},"product_brand":[],"product_cat":[1383,1494,1394,1491,1411,1464,1415],"product_tag":[],"class_list":{"0":"post-26318","1":"product","2":"type-product","3":"status-publish","4":"has-post-thumbnail","6":"product_cat-actionneurs-lineaires","7":"product_cat-biomedical-assistance-personnelle-fr-2","8":"product_cat-dispositifs-electro-fluidique","9":"product_cat-domaine-fr","10":"product_cat-materiaux-essais","11":"product_cat-publications-fr","12":"product_cat-recuperateur-denergie","14":"first","15":"instock","16":"downloadable","17":"shipping-taxable","18":"purchasable","19":"product-type-simple"},"acf":[],"_links":{"self":[{"href":"https:\/\/cedrat-technologies.com\/fr\/wp-json\/wp\/v2\/product\/26318","targetHints":{"allow":["GET"]}}],"collection":[{"href":"https:\/\/cedrat-technologies.com\/fr\/wp-json\/wp\/v2\/product"}],"about":[{"href":"https:\/\/cedrat-technologies.com\/fr\/wp-json\/wp\/v2\/types\/product"}],"replies":[{"embeddable":true,"href":"https:\/\/cedrat-technologies.com\/fr\/wp-json\/wp\/v2\/comments?post=26318"}],"version-history":[{"count":0,"href":"https:\/\/cedrat-technologies.com\/fr\/wp-json\/wp\/v2\/product\/26318\/revisions"}],"wp:featuredmedia":[{"embeddable":true,"href":"https:\/\/cedrat-technologies.com\/fr\/wp-json\/wp\/v2\/media\/22523"}],"wp:attachment":[{"href":"https:\/\/cedrat-technologies.com\/fr\/wp-json\/wp\/v2\/media?parent=26318"}],"wp:term":[{"taxonomy":"product_brand","embeddable":true,"href":"https:\/\/cedrat-technologies.com\/fr\/wp-json\/wp\/v2\/product_brand?post=26318"},{"taxonomy":"product_cat","embeddable":true,"href":"https:\/\/cedrat-technologies.com\/fr\/wp-json\/wp\/v2\/product_cat?post=26318"},{"taxonomy":"product_tag","embeddable":true,"href":"https:\/\/cedrat-technologies.com\/fr\/wp-json\/wp\/v2\/product_tag?post=26318"}],"curies":[{"name":"wp","href":"https:\/\/api.w.org\/{rel}","templated":true}]}}