{"id":25847,"date":"2024-07-01T15:38:44","date_gmt":"2024-07-01T13:38:44","guid":{"rendered":"https:\/\/cedrat-technologies.com\/?post_type=product&#038;p=25847"},"modified":"2025-05-06T16:10:40","modified_gmt":"2025-05-06T14:10:40","slug":"mica300cm-pm","status":"publish","type":"product","link":"https:\/\/cedrat-technologies.com\/fr\/produit\/mica300cm-pm\/","title":{"rendered":"MICA300CM-PM"},"content":{"rendered":"<p>Le MICA300CM-PM est un actionneur con\u00e7u pour l&rsquo;excitation et l&rsquo;amortissement des vibrations dans les applications structurelles. Sa configuration de masse de preuve optimise la g\u00e9n\u00e9ration de force dynamique \u00e0 la r\u00e9sonance, ce qui le rend id\u00e9al pour les outils d&rsquo;usinage, les syst\u00e8mes d&rsquo;amortissement actifs et les tests structurels. Dot\u00e9 de la technologie des paliers flexibles pour une dur\u00e9e de vie et une pr\u00e9cision accrues, il s&rsquo;int\u00e8gre parfaitement \u00e0 l&rsquo;amplificateur <a href=\"https:\/\/cedrat-technologies.com\/fr\/produit\/mcsa480\/\">MCSA480<\/a> de CTEC et aux \u00e9lectroniques de puissance standard.<\/p>\n","protected":false},"excerpt":{"rendered":"<p>Le MICA300CM-PM est un actionneur con\u00e7u pour l&rsquo;excitation et l&rsquo;amortissement des vibrations dans les applications structurelles. Sa configuration de masse de preuve optimise la g\u00e9n\u00e9ration de force dynamique \u00e0 la r\u00e9sonance, ce qui le rend id\u00e9al pour les outils d&rsquo;usinage, les syst\u00e8mes d&rsquo;amortissement actifs et les tests structurels. Dot\u00e9 de la technologie des paliers flexibles &#8230; <a title=\"MICA300CM-PM\" class=\"read-more\" href=\"https:\/\/cedrat-technologies.com\/fr\/produit\/mica300cm-pm\/\" aria-label=\"En savoir plus sur MICA300CM-PM\">Lire la suite<\/a><\/p>\n","protected":false},"featured_media":25850,"comment_status":"closed","ping_status":"closed","template":"","meta":{"_acf_changed":false,"_seopress_robots_primary_cat":"none","_seopress_titles_title":"","_seopress_titles_desc":"","_seopress_robots_index":""},"product_brand":[],"product_cat":[1358,2442],"product_tag":[],"class_list":{"0":"post-25847","1":"product","2":"type-product","3":"status-publish","4":"has-post-thumbnail","6":"product_cat-actionneurs-magnetiques","7":"product_cat-actionneurs-magnetiques-proof-mass","8":"pa_frequence-de-resonance-25-hz","9":"pa_statut-standard","11":"first","12":"instock","13":"shipping-taxable","14":"product-type-simple"},"acf":[],"_links":{"self":[{"href":"https:\/\/cedrat-technologies.com\/fr\/wp-json\/wp\/v2\/product\/25847","targetHints":{"allow":["GET"]}}],"collection":[{"href":"https:\/\/cedrat-technologies.com\/fr\/wp-json\/wp\/v2\/product"}],"about":[{"href":"https:\/\/cedrat-technologies.com\/fr\/wp-json\/wp\/v2\/types\/product"}],"replies":[{"embeddable":true,"href":"https:\/\/cedrat-technologies.com\/fr\/wp-json\/wp\/v2\/comments?post=25847"}],"version-history":[{"count":0,"href":"https:\/\/cedrat-technologies.com\/fr\/wp-json\/wp\/v2\/product\/25847\/revisions"}],"wp:featuredmedia":[{"embeddable":true,"href":"https:\/\/cedrat-technologies.com\/fr\/wp-json\/wp\/v2\/media\/25850"}],"wp:attachment":[{"href":"https:\/\/cedrat-technologies.com\/fr\/wp-json\/wp\/v2\/media?parent=25847"}],"wp:term":[{"taxonomy":"product_brand","embeddable":true,"href":"https:\/\/cedrat-technologies.com\/fr\/wp-json\/wp\/v2\/product_brand?post=25847"},{"taxonomy":"product_cat","embeddable":true,"href":"https:\/\/cedrat-technologies.com\/fr\/wp-json\/wp\/v2\/product_cat?post=25847"},{"taxonomy":"product_tag","embeddable":true,"href":"https:\/\/cedrat-technologies.com\/fr\/wp-json\/wp\/v2\/product_tag?post=25847"}],"curies":[{"name":"wp","href":"https:\/\/api.w.org\/{rel}","templated":true}]}}