{"id":25832,"date":"2024-07-01T15:19:28","date_gmt":"2024-07-01T13:19:28","guid":{"rendered":"https:\/\/cedrat-technologies.com\/?post_type=product&#038;p=25832"},"modified":"2025-05-06T16:05:42","modified_gmt":"2025-05-06T14:05:42","slug":"mica20cs-pm","status":"publish","type":"product","link":"https:\/\/cedrat-technologies.com\/fr\/produit\/mica20cs-pm\/","title":{"rendered":"MICA20CS-PM"},"content":{"rendered":"<p>Le MICA20CS-PM offre une solution tr\u00e8s compacte pour un contr\u00f4le pr\u00e9cis des vibrations. Sa conception \u00e0 masse de preuve permet de g\u00e9n\u00e9rer une force dynamique efficace, id\u00e9ale pour les applications d&rsquo;amortissement et d&rsquo;excitation \u00e0 petite \u00e9chelle. \u00c9quip\u00e9 d&rsquo;un palier flexible sans frottement, il garantit une fiabilit\u00e9 sans entretien et s&rsquo;int\u00e8gre \u00e0 l&rsquo;amplificateur <a href=\"https:\/\/cedrat-technologies.com\/fr\/produit\/mcsa480\/\">MCSA480<\/a> de CTEC ainsi qu&rsquo;\u00e0 d&rsquo;autres pilotes standard.<\/p>\n","protected":false},"excerpt":{"rendered":"<p>Le MICA20CS-PM offre une solution tr\u00e8s compacte pour un contr\u00f4le pr\u00e9cis des vibrations. Sa conception \u00e0 masse de preuve permet de g\u00e9n\u00e9rer une force dynamique efficace, id\u00e9ale pour les applications d&rsquo;amortissement et d&rsquo;excitation \u00e0 petite \u00e9chelle. \u00c9quip\u00e9 d&rsquo;un palier flexible sans frottement, il garantit une fiabilit\u00e9 sans entretien et s&rsquo;int\u00e8gre \u00e0 l&rsquo;amplificateur MCSA480 de CTEC &#8230; <a title=\"MICA20CS-PM\" class=\"read-more\" href=\"https:\/\/cedrat-technologies.com\/fr\/produit\/mica20cs-pm\/\" aria-label=\"En savoir plus sur MICA20CS-PM\">Lire la suite<\/a><\/p>\n","protected":false},"featured_media":25843,"comment_status":"closed","ping_status":"closed","template":"","meta":{"_acf_changed":false,"_seopress_robots_primary_cat":"none","_seopress_titles_title":"","_seopress_titles_desc":"","_seopress_robots_index":""},"product_brand":[],"product_cat":[1358,2442],"product_tag":[],"class_list":{"0":"post-25832","1":"product","2":"type-product","3":"status-publish","4":"has-post-thumbnail","6":"product_cat-actionneurs-magnetiques","7":"product_cat-actionneurs-magnetiques-proof-mass","8":"pa_frequence-de-resonance-30-hz","9":"pa_statut-standard","11":"first","12":"instock","13":"shipping-taxable","14":"product-type-simple"},"acf":[],"_links":{"self":[{"href":"https:\/\/cedrat-technologies.com\/fr\/wp-json\/wp\/v2\/product\/25832","targetHints":{"allow":["GET"]}}],"collection":[{"href":"https:\/\/cedrat-technologies.com\/fr\/wp-json\/wp\/v2\/product"}],"about":[{"href":"https:\/\/cedrat-technologies.com\/fr\/wp-json\/wp\/v2\/types\/product"}],"replies":[{"embeddable":true,"href":"https:\/\/cedrat-technologies.com\/fr\/wp-json\/wp\/v2\/comments?post=25832"}],"version-history":[{"count":0,"href":"https:\/\/cedrat-technologies.com\/fr\/wp-json\/wp\/v2\/product\/25832\/revisions"}],"wp:featuredmedia":[{"embeddable":true,"href":"https:\/\/cedrat-technologies.com\/fr\/wp-json\/wp\/v2\/media\/25843"}],"wp:attachment":[{"href":"https:\/\/cedrat-technologies.com\/fr\/wp-json\/wp\/v2\/media?parent=25832"}],"wp:term":[{"taxonomy":"product_brand","embeddable":true,"href":"https:\/\/cedrat-technologies.com\/fr\/wp-json\/wp\/v2\/product_brand?post=25832"},{"taxonomy":"product_cat","embeddable":true,"href":"https:\/\/cedrat-technologies.com\/fr\/wp-json\/wp\/v2\/product_cat?post=25832"},{"taxonomy":"product_tag","embeddable":true,"href":"https:\/\/cedrat-technologies.com\/fr\/wp-json\/wp\/v2\/product_tag?post=25832"}],"curies":[{"name":"wp","href":"https:\/\/api.w.org\/{rel}","templated":true}]}}