{"id":22527,"date":"2023-10-12T15:35:22","date_gmt":"2023-10-12T13:35:22","guid":{"rendered":"https:\/\/cedrat-technologies.com\/produit\/new-range-of-light-driven-actuation-devices\/"},"modified":"2023-10-12T15:57:33","modified_gmt":"2023-10-12T13:57:33","slug":"new-range-of-light-driven-actuation-devices","status":"publish","type":"product","link":"https:\/\/cedrat-technologies.com\/fr\/produit\/new-range-of-light-driven-actuation-devices\/","title":{"rendered":"Nouvelle gamme de dispositifs d&rsquo;actionnement pilot\u00e9s par la lumi\u00e8re"},"content":{"rendered":"","protected":false},"excerpt":{"rendered":"<p>Les r\u00e9cents progr\u00e8s r\u00e9alis\u00e9s dans la fabrication de nouveaux films plasmoniques photomobiles offrent des solutions innovantes pour les actionneurs et dispositifs \u00e0 mouvement induit par la lumi\u00e8re. En effet, ces films peuvent \u00eatre assimil\u00e9s \u00e0 des transducteurs gr\u00e2ce \u00e0 leur capacit\u00e9 \u00e0 convertir la lumi\u00e8re en d\u00e9placement avec des courses allant jusqu&rsquo;\u00e0 plusieurs millim\u00e8tres. En ajustant les param\u00e8tres de la lumi\u00e8re incidente (longueur d&rsquo;onde, temps d&rsquo;exposition&#8230;), l&rsquo;actionnement des films photomobiles peut \u00eatre contr\u00f4l\u00e9 pour r\u00e9pondre \u00e0 de nombreuses applications n\u00e9cessitant de grands d\u00e9placements et de faibles forces. A cet \u00e9gard, le comportement des films photomobiles a \u00e9t\u00e9 caract\u00e9ris\u00e9 avant leur int\u00e9gration dans des dispositifs plus complexes. Ensuite, plusieurs preuves de concept de ces dispositifs ont \u00e9t\u00e9 fabriqu\u00e9es pour essayer d&rsquo;apporter de nouvelles fonctionnalit\u00e9s sur le march\u00e9, telles qu&rsquo;un interrupteur optique pilot\u00e9 par la lumi\u00e8re, une microvanne optique et un d\u00e9flecteur :<\/p>\n<p>&#8211; Le commutateur optique pr\u00e9sente des propri\u00e9t\u00e9s int\u00e9ressantes en termes d&rsquo;isolation \u00e9lectrique en \u00e9liminant les courants d&rsquo;obscurit\u00e9 responsables du bruit dans les capteurs d&rsquo;images. Il exploite \u00e9galement la grande course des films photomobiles pour atteindre la distance d&rsquo;isolation \u00e9lectrique standard en fonction de la tension de l&rsquo;\u00e9metteur.<br \/>\n&#8211; Les microvalves\/micro-pompes pilot\u00e9es par la lumi\u00e8re sont adapt\u00e9es \u00e0 la distribution d&rsquo;une petite quantit\u00e9 de fluides avec une grande pr\u00e9cision, par exemple dans les dispositifs m\u00e9dicaux. Gr\u00e2ce \u00e0 cette technologie, un circuit de fluide peut \u00eatre ouvert et ferm\u00e9 lorsque la lumi\u00e8re passe de l&rsquo;\u00e9tat allum\u00e9 \u00e0 l&rsquo;\u00e9tat \u00e9teint (ou inversement) sans alimentation \u00e9lectrique int\u00e9gr\u00e9e.<br \/>\n&#8211; Les d\u00e9flecteurs optiques sont largement utilis\u00e9s dans les applications de pointage optique o\u00f9 des r\u00e9ponses rapides et\/ou des pr\u00e9cisions \u00e9lev\u00e9es sont essentielles. Une bonne compr\u00e9hension du comportement des films photomobiles permet de contr\u00f4ler la direction de la d\u00e9viation du faisceau dans de grandes plages angulaires.<\/p>\n","protected":false},"featured_media":22523,"comment_status":"closed","ping_status":"closed","template":"","meta":{"_acf_changed":false,"_seopress_robots_primary_cat":"none","_seopress_titles_title":"","_seopress_titles_desc":"","_seopress_robots_index":"yes"},"product_brand":[],"product_cat":[1383,1385,1464],"product_tag":[],"class_list":{"0":"post-22527","1":"product","2":"type-product","3":"status-publish","4":"has-post-thumbnail","6":"product_cat-actionneurs-lineaires","7":"product_cat-actionneurs-piezo-fr","8":"product_cat-publications-fr","10":"first","11":"instock","12":"downloadable","13":"shipping-taxable","14":"purchasable","15":"product-type-simple"},"acf":[],"_links":{"self":[{"href":"https:\/\/cedrat-technologies.com\/fr\/wp-json\/wp\/v2\/product\/22527","targetHints":{"allow":["GET"]}}],"collection":[{"href":"https:\/\/cedrat-technologies.com\/fr\/wp-json\/wp\/v2\/product"}],"about":[{"href":"https:\/\/cedrat-technologies.com\/fr\/wp-json\/wp\/v2\/types\/product"}],"replies":[{"embeddable":true,"href":"https:\/\/cedrat-technologies.com\/fr\/wp-json\/wp\/v2\/comments?post=22527"}],"version-history":[{"count":0,"href":"https:\/\/cedrat-technologies.com\/fr\/wp-json\/wp\/v2\/product\/22527\/revisions"}],"wp:featuredmedia":[{"embeddable":true,"href":"https:\/\/cedrat-technologies.com\/fr\/wp-json\/wp\/v2\/media\/22523"}],"wp:attachment":[{"href":"https:\/\/cedrat-technologies.com\/fr\/wp-json\/wp\/v2\/media?parent=22527"}],"wp:term":[{"taxonomy":"product_brand","embeddable":true,"href":"https:\/\/cedrat-technologies.com\/fr\/wp-json\/wp\/v2\/product_brand?post=22527"},{"taxonomy":"product_cat","embeddable":true,"href":"https:\/\/cedrat-technologies.com\/fr\/wp-json\/wp\/v2\/product_cat?post=22527"},{"taxonomy":"product_tag","embeddable":true,"href":"https:\/\/cedrat-technologies.com\/fr\/wp-json\/wp\/v2\/product_tag?post=22527"}],"curies":[{"name":"wp","href":"https:\/\/api.w.org\/{rel}","templated":true}]}}