{"id":22511,"date":"2023-09-05T09:17:55","date_gmt":"2023-09-05T07:17:55","guid":{"rendered":"https:\/\/cedrat-technologies.com\/produit\/real-time-image-super-resolution-system-based-on-micro-scanning-technology\/"},"modified":"2023-10-12T15:12:17","modified_gmt":"2023-10-12T13:12:17","slug":"real-time-image-super-resolution-system-based-on-micro-scanning-technology","status":"publish","type":"product","link":"https:\/\/cedrat-technologies.com\/fr\/produit\/real-time-image-super-resolution-system-based-on-micro-scanning-technology\/","title":{"rendered":"Syst\u00e8me de super r\u00e9solution d&rsquo;images en temps r\u00e9el bas\u00e9 sur la technologie du microbalayage"},"content":{"rendered":"","protected":false},"excerpt":{"rendered":"<p>Contrairement au r\u00e9cent syst\u00e8me de super r\u00e9solution bas\u00e9 sur la technologie de l&rsquo;IA qui n\u00e9cessite normalement des ensembles de donn\u00e9es d&rsquo;entra\u00eenement massifs, le syst\u00e8me de super r\u00e9solution par microbalayage, en int\u00e9grant le m\u00e9canisme de haute pr\u00e9cision et le syst\u00e8me de traitement d&rsquo;image, peut d\u00e9passer la limite des ensembles de donn\u00e9es d&rsquo;entra\u00eenement pour am\u00e9liorer consid\u00e9rablement la r\u00e9solution et la qualit\u00e9 de l&rsquo;image en temps r\u00e9el. Un tel syst\u00e8me de super r\u00e9solution d&rsquo;image en temps r\u00e9el, appel\u00e9 Quick Demo Station (QDS), est pr\u00e9sent\u00e9. Ce syst\u00e8me est d\u00e9velopp\u00e9 conjointement par IAE Shanghai, en Chine, en coop\u00e9ration avec Cedrat Technologies, en France. Le syst\u00e8me est compos\u00e9 de deux modules, un module d&rsquo;imagerie (MicroScan_ VIS_Module ), l&rsquo;autre module de traitement d&rsquo;image (une station de travail portable de traitement d&rsquo;image). Le module de traitement d&rsquo;image effectue le contr\u00f4le du module d&rsquo;imagerie, ainsi que l&rsquo;acquisition d&rsquo;images, le recalage d&rsquo;images, la reconstruction de superr\u00e9solution d&rsquo;images, l&rsquo;am\u00e9lioration du contraste d&rsquo;images. Ici, l&rsquo;algorithme utilis\u00e9 pour restaurer les images basse r\u00e9solution (LR) est la m\u00e9thode de reconstruction it\u00e9rative, qui permet d&rsquo;obtenir des r\u00e9sultats de super-r\u00e9solution (SR) de haute qualit\u00e9. La sortie est un flux vid\u00e9o dont la fr\u00e9quence d&rsquo;images est sup\u00e9rieure \u00e0 25 images par seconde. Le syst\u00e8me est test\u00e9 dans diff\u00e9rentes applications et montre d&rsquo;excellents r\u00e9sultats de super-r\u00e9solution, y compris dans des conditions de faible luminosit\u00e9 et dans des sc\u00e9narios d&rsquo;\u00e9clairage variable en ext\u00e9rieur. En outre, l&rsquo;algorithme du module de traitement d&rsquo;images peut \u00eatre utilis\u00e9 non seulement sur les stations de travail, mais aussi dans les syst\u00e8mes de traitement embarqu\u00e9s.<\/p>\n","protected":false},"featured_media":8231,"comment_status":"closed","ping_status":"closed","template":"","meta":{"_acf_changed":false,"_seopress_robots_primary_cat":"none","_seopress_titles_title":"","_seopress_titles_desc":"","_seopress_robots_index":"yes"},"product_brand":[],"product_cat":[1392,1390,1496,1464,2390,1407,1403],"product_tag":[],"class_list":{"0":"post-22511","1":"product","2":"type-product","3":"status-publish","4":"has-post-thumbnail","6":"product_cat-fsm-plateformes-tip-tilt","7":"product_cat-mecanismes","8":"product_cat-optronique-fr","9":"product_cat-publications-fr","10":"product_cat-space-fr","11":"product_cat-systeme-denergie-embarque","12":"product_cat-systemes-mecatroniques","14":"first","15":"instock","16":"downloadable","17":"shipping-taxable","18":"purchasable","19":"product-type-simple"},"acf":[],"_links":{"self":[{"href":"https:\/\/cedrat-technologies.com\/fr\/wp-json\/wp\/v2\/product\/22511","targetHints":{"allow":["GET"]}}],"collection":[{"href":"https:\/\/cedrat-technologies.com\/fr\/wp-json\/wp\/v2\/product"}],"about":[{"href":"https:\/\/cedrat-technologies.com\/fr\/wp-json\/wp\/v2\/types\/product"}],"replies":[{"embeddable":true,"href":"https:\/\/cedrat-technologies.com\/fr\/wp-json\/wp\/v2\/comments?post=22511"}],"version-history":[{"count":0,"href":"https:\/\/cedrat-technologies.com\/fr\/wp-json\/wp\/v2\/product\/22511\/revisions"}],"wp:featuredmedia":[{"embeddable":true,"href":"https:\/\/cedrat-technologies.com\/fr\/wp-json\/wp\/v2\/media\/8231"}],"wp:attachment":[{"href":"https:\/\/cedrat-technologies.com\/fr\/wp-json\/wp\/v2\/media?parent=22511"}],"wp:term":[{"taxonomy":"product_brand","embeddable":true,"href":"https:\/\/cedrat-technologies.com\/fr\/wp-json\/wp\/v2\/product_brand?post=22511"},{"taxonomy":"product_cat","embeddable":true,"href":"https:\/\/cedrat-technologies.com\/fr\/wp-json\/wp\/v2\/product_cat?post=22511"},{"taxonomy":"product_tag","embeddable":true,"href":"https:\/\/cedrat-technologies.com\/fr\/wp-json\/wp\/v2\/product_tag?post=22511"}],"curies":[{"name":"wp","href":"https:\/\/api.w.org\/{rel}","templated":true}]}}