{"id":22508,"date":"2023-09-05T08:55:37","date_gmt":"2023-09-05T06:55:37","guid":{"rendered":"https:\/\/cedrat-technologies.com\/produit\/p-fsm-and-m-fsm-piezoelectrica-and-magnetic-fast-steering-mirrors\/"},"modified":"2023-10-12T14:57:40","modified_gmt":"2023-10-12T12:57:40","slug":"p-fsm-and-m-fsm-piezoelectrica-and-magnetic-fast-steering-mirrors","status":"publish","type":"product","link":"https:\/\/cedrat-technologies.com\/fr\/produit\/p-fsm-and-m-fsm-piezoelectrica-and-magnetic-fast-steering-mirrors\/","title":{"rendered":"Fast Steering Mirrors pi\u00e9zo\u00e9lectriques et magn\u00e9tiques"},"content":{"rendered":"<p>CEDRAT TECHNOLOGIES (CTEC) d\u00e9veloppe depuis plus de 20 ans des miroirs \u00e0 orientation rapide (FSM) pour r\u00e9pondre aux besoins des secteurs de l&rsquo;aviation, de l&rsquo;espace, de la d\u00e9fense et d&rsquo;autres applications embarqu\u00e9es ou exigeantes. Les applications typiques sont par exemple le Lidar, la communication optique en espace libre (FSO) et l&rsquo;interf\u00e9rom\u00e9trie laser. Comme les sp\u00e9cifications rencontr\u00e9es dans ces applications peuvent varier, CTEC a con\u00e7u et brevet\u00e9 diff\u00e9rentes technologies d&rsquo;actionnement :<br \/>\n&#8211; Les FSM bas\u00e9s sur les actionneurs pi\u00e9zo\u00e9lectriques amplifi\u00e9s APA\u00ae, comme pour les missions PHARAO, ATLID, PSYCHE, et pour les futures constellations spatiales FSO ainsi que d&rsquo;autres grands FSM pour l&rsquo;espace et l&rsquo;instrumentation comme l&rsquo;ELT de l&rsquo;ESO.<br \/>\n&#8211; Les FSM bas\u00e9s sur l&rsquo;actionnement magn\u00e9tique, tels qu&rsquo;ils sont d\u00e9velopp\u00e9s pour les communications optiques FSO et CO-OP vers les g\u00e9osatellites.<br \/>\n&#8211; Les FSM bas\u00e9s sur des actionneurs pi\u00e9zo\u00e9lectriques pas \u00e0 pas, comme pour l&rsquo;IASI-NG pour METOP-SG, ainsi que d&rsquo;autres FSM bas\u00e9s sur des moteurs pi\u00e9zo\u00e9lectriques.<br \/>\nLa pr\u00e9sentation d\u00e9crit le principe de fonctionnement, la conception et les performances de ces diff\u00e9rents concepts d&rsquo;actionnement.<\/p>\n","protected":false},"excerpt":{"rendered":"<p>CEDRAT TECHNOLOGIES (CTEC) d\u00e9veloppe depuis plus de 20 ans des miroirs \u00e0 orientation rapide (FSM) pour r\u00e9pondre aux besoins des secteurs de l&rsquo;aviation, de l&rsquo;espace, de la d\u00e9fense et d&rsquo;autres applications embarqu\u00e9es ou exigeantes. Les applications typiques sont par exemple le Lidar, la communication optique en espace libre (FSO) et l&rsquo;interf\u00e9rom\u00e9trie laser. Comme les sp\u00e9cifications rencontr\u00e9es dans ces applications peuvent varier, CTEC a con\u00e7u et brevet\u00e9 diff\u00e9rentes technologies d&rsquo;actionnement :<br \/>\n&#8211; Les FSM bas\u00e9s sur les actionneurs pi\u00e9zo\u00e9lectriques amplifi\u00e9s APA\u00ae, comme pour les missions PHARAO, ATLID, PSYCHE, et pour les futures constellations spatiales FSO ainsi que d&rsquo;autres grands FSM pour l&rsquo;espace et l&rsquo;instrumentation comme l&rsquo;ELT de l&rsquo;ESO.<br \/>\n&#8211; Les FSM bas\u00e9s sur l&rsquo;actionnement magn\u00e9tique, tels qu&rsquo;ils sont d\u00e9velopp\u00e9s pour les communications optiques FSO et CO-OP vers les g\u00e9osatellites.<br \/>\n&#8211; Les FSM bas\u00e9s sur des actionneurs pi\u00e9zo\u00e9lectriques pas \u00e0 pas, comme pour l&rsquo;IASI-NG pour METOP-SG, ainsi que d&rsquo;autres FSM bas\u00e9s sur des moteurs pi\u00e9zo\u00e9lectriques.<br \/>\nLa pr\u00e9sentation d\u00e9crit le principe de fonctionnement, la conception et les performances de ces diff\u00e9rents concepts d&rsquo;actionnement.<\/p>\n","protected":false},"featured_media":8165,"comment_status":"closed","ping_status":"closed","template":"","meta":{"_acf_changed":false,"_seopress_robots_primary_cat":"none","_seopress_titles_title":"","_seopress_titles_desc":"","_seopress_robots_index":"yes"},"product_brand":[],"product_cat":[1493,1392,1390,1496,1464,2390,1407,1403],"product_tag":[],"class_list":{"0":"post-22508","1":"product","2":"type-product","3":"status-publish","4":"has-post-thumbnail","6":"product_cat-defense-fr","7":"product_cat-fsm-plateformes-tip-tilt","8":"product_cat-mecanismes","9":"product_cat-optronique-fr","10":"product_cat-publications-fr","11":"product_cat-space-fr","12":"product_cat-systeme-denergie-embarque","13":"product_cat-systemes-mecatroniques","15":"first","16":"instock","17":"downloadable","18":"shipping-taxable","19":"purchasable","20":"product-type-simple"},"acf":[],"_links":{"self":[{"href":"https:\/\/cedrat-technologies.com\/fr\/wp-json\/wp\/v2\/product\/22508","targetHints":{"allow":["GET"]}}],"collection":[{"href":"https:\/\/cedrat-technologies.com\/fr\/wp-json\/wp\/v2\/product"}],"about":[{"href":"https:\/\/cedrat-technologies.com\/fr\/wp-json\/wp\/v2\/types\/product"}],"replies":[{"embeddable":true,"href":"https:\/\/cedrat-technologies.com\/fr\/wp-json\/wp\/v2\/comments?post=22508"}],"version-history":[{"count":0,"href":"https:\/\/cedrat-technologies.com\/fr\/wp-json\/wp\/v2\/product\/22508\/revisions"}],"wp:featuredmedia":[{"embeddable":true,"href":"https:\/\/cedrat-technologies.com\/fr\/wp-json\/wp\/v2\/media\/8165"}],"wp:attachment":[{"href":"https:\/\/cedrat-technologies.com\/fr\/wp-json\/wp\/v2\/media?parent=22508"}],"wp:term":[{"taxonomy":"product_brand","embeddable":true,"href":"https:\/\/cedrat-technologies.com\/fr\/wp-json\/wp\/v2\/product_brand?post=22508"},{"taxonomy":"product_cat","embeddable":true,"href":"https:\/\/cedrat-technologies.com\/fr\/wp-json\/wp\/v2\/product_cat?post=22508"},{"taxonomy":"product_tag","embeddable":true,"href":"https:\/\/cedrat-technologies.com\/fr\/wp-json\/wp\/v2\/product_tag?post=22508"}],"curies":[{"name":"wp","href":"https:\/\/api.w.org\/{rel}","templated":true}]}}