{"id":21785,"date":"2023-08-23T10:42:52","date_gmt":"2023-08-23T08:42:52","guid":{"rendered":"https:\/\/cedrat-technologies.com\/?post_type=product&#038;p=21785"},"modified":"2026-01-14T17:04:03","modified_gmt":"2026-01-14T16:04:03","slug":"pla25","status":"publish","type":"product","link":"https:\/\/cedrat-technologies.com\/fr\/produit\/pla25\/","title":{"rendered":"PLa25"},"content":{"rendered":"<p>L&rsquo;\u00e9lectronique de commande PLa25 constitue une nouvelle alternative \u00e0 l&rsquo;\u00e9lectronique LA75C pour la commande d&rsquo;actionneurs pi\u00e9zo\u00e9lectriques. Forte de 20 ans de succ\u00e8s avec la LA75C, la PLa25 offre plusieurs avantages\u00a0: bien qu&rsquo;il s&rsquo;agisse d&rsquo;une \u00e9lectronique de puissance, la PLa25 est marqu\u00e9e CE, garantissant ainsi une solution s\u00fbre, efficace et polyvalente pour les applications de laboratoire ou industrielles. Plus compacte et plus facile \u00e0 int\u00e9grer que la LA75C, la PLa25 peut \u00eatre install\u00e9e dans une armoire tierce ou un bo\u00eetier de table. Les modules PLa25 peuvent \u00eatre combin\u00e9s en topologie ma\u00eetre\/esclave pour des configurations multicanaux ou push-pull. Elle d\u00e9livre un courant de 2,5\u00a0A en r\u00e9gime permanent et un courant de cr\u00eate de 5\u00a0A, avec une plage de tension de 170\u00a0V. Cette tension, r\u00e9glable de -20\u00a0V \u00e0 150\u00a0V, est parfaitement adapt\u00e9e aux actionneurs et m\u00e9canismes pi\u00e9zo\u00e9lectriques CTEC. Leurs capacit\u00e9s dynamiques sont ainsi pleinement exploit\u00e9es gr\u00e2ce aux courants maximums disponibles avec la PLa25. Son rapport signal\/bruit sup\u00e9rieur \u00e0 celui de la LA75C assure une meilleure r\u00e9solution et une plus grande pr\u00e9cision. La s\u00e9rie PLA permet de combiner des drivers, des conditionneurs de capteurs, des contr\u00f4leurs et des modules de communication. Le nouveau contr\u00f4leur UC int\u00e8gre un r\u00e9gulateur PID et divers filtres de stabilisation, notamment des filtres coupe-bande pour att\u00e9nuer les probl\u00e8mes li\u00e9s aux fr\u00e9quences de r\u00e9sonance. Il offre \u00e9galement une vitesse de communication plus \u00e9lev\u00e9e. Enfin, et surtout, il est plus \u00e9conomique.<\/p>\n","protected":false},"excerpt":{"rendered":"<p>L&rsquo;\u00e9lectronique de commande PLa25 constitue une nouvelle alternative \u00e0 l&rsquo;\u00e9lectronique LA75C pour la commande d&rsquo;actionneurs pi\u00e9zo\u00e9lectriques. Forte de 20 ans de succ\u00e8s avec la LA75C, la PLa25 offre plusieurs avantages\u00a0: bien qu&rsquo;il s&rsquo;agisse d&rsquo;une \u00e9lectronique de puissance, la PLa25 est marqu\u00e9e CE, garantissant ainsi une solution s\u00fbre, efficace et polyvalente pour les applications de laboratoire &#8230; <a title=\"PLa25\" class=\"read-more\" href=\"https:\/\/cedrat-technologies.com\/fr\/produit\/pla25\/\" aria-label=\"En savoir plus sur PLa25\">Lire la suite<\/a><\/p>\n","protected":false},"featured_media":30681,"comment_status":"closed","ping_status":"closed","template":"","meta":{"_acf_changed":false,"_seopress_robots_primary_cat":"none","_seopress_titles_title":"","_seopress_titles_desc":"","_seopress_robots_index":""},"product_brand":[],"product_cat":[1360,2471],"product_tag":[],"class_list":{"0":"post-21785","1":"product","2":"type-product","3":"status-publish","4":"has-post-thumbnail","6":"product_cat-controleurs-piezo","7":"product_cat-gamme-pla","8":"pa_plage-de-tension-de-sortie-20-150-v","10":"first","11":"instock","12":"shipping-taxable","13":"product-type-simple"},"acf":[],"_links":{"self":[{"href":"https:\/\/cedrat-technologies.com\/fr\/wp-json\/wp\/v2\/product\/21785","targetHints":{"allow":["GET"]}}],"collection":[{"href":"https:\/\/cedrat-technologies.com\/fr\/wp-json\/wp\/v2\/product"}],"about":[{"href":"https:\/\/cedrat-technologies.com\/fr\/wp-json\/wp\/v2\/types\/product"}],"replies":[{"embeddable":true,"href":"https:\/\/cedrat-technologies.com\/fr\/wp-json\/wp\/v2\/comments?post=21785"}],"version-history":[{"count":0,"href":"https:\/\/cedrat-technologies.com\/fr\/wp-json\/wp\/v2\/product\/21785\/revisions"}],"wp:featuredmedia":[{"embeddable":true,"href":"https:\/\/cedrat-technologies.com\/fr\/wp-json\/wp\/v2\/media\/30681"}],"wp:attachment":[{"href":"https:\/\/cedrat-technologies.com\/fr\/wp-json\/wp\/v2\/media?parent=21785"}],"wp:term":[{"taxonomy":"product_brand","embeddable":true,"href":"https:\/\/cedrat-technologies.com\/fr\/wp-json\/wp\/v2\/product_brand?post=21785"},{"taxonomy":"product_cat","embeddable":true,"href":"https:\/\/cedrat-technologies.com\/fr\/wp-json\/wp\/v2\/product_cat?post=21785"},{"taxonomy":"product_tag","embeddable":true,"href":"https:\/\/cedrat-technologies.com\/fr\/wp-json\/wp\/v2\/product_tag?post=21785"}],"curies":[{"name":"wp","href":"https:\/\/api.w.org\/{rel}","templated":true}]}}