{"id":19860,"date":"2023-07-05T16:16:12","date_gmt":"2023-07-05T14:16:12","guid":{"rendered":"https:\/\/cedrat-technologies.com\/produit\/mcla18-2\/"},"modified":"2025-02-14T10:38:45","modified_gmt":"2025-02-14T09:38:45","slug":"mcla18","status":"publish","type":"product","link":"https:\/\/cedrat-technologies.com\/fr\/produit\/mcla18\/","title":{"rendered":"MCLA18"},"content":{"rendered":"<p>La MCLA18 est un amplificateur lin\u00e9aire de courant compact \u00e0 2 voies, con\u00e7u pour piloter les m\u00e9canismes de type <a href=\"https:\/\/cedrat-technologies.com\/fr\/fine-and-fast-steering-mirrors\/\">M-FSM<\/a>. Il poss\u00e8de une boucle d\u2019asservissement en courant et peut \u00eatre contr\u00f4l\u00e9 en boucle ferm\u00e9e via 2 entr\u00e9es analogiques pour les consignes et 2 entr\u00e9es analogiques pour les capteurs de position.<\/p>\n","protected":false},"excerpt":{"rendered":"<p>La MCLA18 est un amplificateur lin\u00e9aire de courant compact \u00e0 2 voies, con\u00e7u pour piloter les m\u00e9canismes de type M-FSM. Il poss\u00e8de une boucle d\u2019asservissement en courant et peut \u00eatre contr\u00f4l\u00e9 en boucle ferm\u00e9e via 2 entr\u00e9es analogiques pour les consignes et 2 entr\u00e9es analogiques pour les capteurs de position.<\/p>\n","protected":false},"featured_media":19841,"comment_status":"closed","ping_status":"closed","template":"","meta":{"_acf_changed":false,"_seopress_robots_primary_cat":"none","_seopress_titles_title":"","_seopress_titles_desc":"","_seopress_robots_index":""},"product_brand":[],"product_cat":[1367],"product_tag":[],"class_list":{"0":"post-19860","1":"product","2":"type-product","3":"status-publish","4":"has-post-thumbnail","6":"product_cat-controleurs-magnetiques","7":"pa_commands-analog-control-digital-pid-configuration-via-usb-or-rs422-fr","8":"pa_max-outpout-current-voltage-up-to-1-a-and-32v-fr","9":"pa_puissance-de-sortie-max-32w-per-channel-fr","10":"pa_tension-dalimentation-15vdc-or-6-at-36v-fr","12":"first","13":"instock","14":"shipping-taxable","15":"product-type-simple"},"acf":[],"_links":{"self":[{"href":"https:\/\/cedrat-technologies.com\/fr\/wp-json\/wp\/v2\/product\/19860","targetHints":{"allow":["GET"]}}],"collection":[{"href":"https:\/\/cedrat-technologies.com\/fr\/wp-json\/wp\/v2\/product"}],"about":[{"href":"https:\/\/cedrat-technologies.com\/fr\/wp-json\/wp\/v2\/types\/product"}],"replies":[{"embeddable":true,"href":"https:\/\/cedrat-technologies.com\/fr\/wp-json\/wp\/v2\/comments?post=19860"}],"version-history":[{"count":0,"href":"https:\/\/cedrat-technologies.com\/fr\/wp-json\/wp\/v2\/product\/19860\/revisions"}],"wp:featuredmedia":[{"embeddable":true,"href":"https:\/\/cedrat-technologies.com\/fr\/wp-json\/wp\/v2\/media\/19841"}],"wp:attachment":[{"href":"https:\/\/cedrat-technologies.com\/fr\/wp-json\/wp\/v2\/media?parent=19860"}],"wp:term":[{"taxonomy":"product_brand","embeddable":true,"href":"https:\/\/cedrat-technologies.com\/fr\/wp-json\/wp\/v2\/product_brand?post=19860"},{"taxonomy":"product_cat","embeddable":true,"href":"https:\/\/cedrat-technologies.com\/fr\/wp-json\/wp\/v2\/product_cat?post=19860"},{"taxonomy":"product_tag","embeddable":true,"href":"https:\/\/cedrat-technologies.com\/fr\/wp-json\/wp\/v2\/product_tag?post=19860"}],"curies":[{"name":"wp","href":"https:\/\/api.w.org\/{rel}","templated":true}]}}