{"id":18536,"date":"2023-06-19T10:32:28","date_gmt":"2023-06-19T08:32:28","guid":{"rendered":"http:\/\/cedrat-technologies.com\/produit\/compresseur-sans-ebullition-base-sur-des-actionneurs-mica\/"},"modified":"2023-07-20T11:20:11","modified_gmt":"2023-07-20T09:20:11","slug":"compresseur-sans-ebullition-base-sur-des-actionneurs-mica","status":"publish","type":"product","link":"https:\/\/cedrat-technologies.com\/fr\/produit\/compresseur-sans-ebullition-base-sur-des-actionneurs-mica\/","title":{"rendered":"Compresseur sans \u00e9bullition bas\u00e9 sur des actionneurs MICA"},"content":{"rendered":"","protected":false},"excerpt":{"rendered":"<p>CEDRAT TECHNOLOGIES (CTEC) d\u00e9veloppe actuellement une technologie de compresseur \u00e0 clapet \u00e0 anches pour de futures applications dans le domaine des engins spatiaux scientifiques, sur la base de l&rsquo;actionneur MICA300CM (Moving Iron Controllable Actuator) tr\u00e8s compact et tr\u00e8s puissant. La pr\u00e9sente publication d\u00e9taille la conception de la platine du compresseur et les r\u00e9sultats des tests, r\u00e9alis\u00e9s dans le cadre d&rsquo;un programme de recherche technologique de l&rsquo;ESA (ESA Technological Research Program), pour l&rsquo;essai d&rsquo;un d\u00e9monstrateur de stockage d&rsquo;hydrog\u00e8ne sans point d&rsquo;\u00e9bullition. Les r\u00e9sultats des essais pr\u00e9sent\u00e9s ont \u00e9t\u00e9 r\u00e9alis\u00e9s au niveau du compresseur avec de l&rsquo;h\u00e9lium gazeux dans les installations de CTEC, et le d\u00e9monstrateur complet de stockage d&rsquo;hydrog\u00e8ne de 20K sera bient\u00f4t test\u00e9<\/p>\n","protected":false},"featured_media":15252,"comment_status":"closed","ping_status":"open","template":"","meta":{"_acf_changed":false,"_seopress_robots_primary_cat":"none","_seopress_titles_title":"","_seopress_titles_desc":"","_seopress_robots_index":"yes"},"product_brand":[],"product_cat":[1383,1384,1394,1491,1464],"product_tag":[],"class_list":{"0":"post-18536","1":"product","2":"type-product","3":"status-publish","4":"has-post-thumbnail","6":"product_cat-actionneurs-lineaires","7":"product_cat-actionneurs-lineaires-magnetiques","8":"product_cat-dispositifs-electro-fluidique","9":"product_cat-domaine-fr","10":"product_cat-publications-fr","12":"first","13":"instock","14":"downloadable","15":"virtual","16":"purchasable","17":"product-type-simple"},"acf":[],"_links":{"self":[{"href":"https:\/\/cedrat-technologies.com\/fr\/wp-json\/wp\/v2\/product\/18536","targetHints":{"allow":["GET"]}}],"collection":[{"href":"https:\/\/cedrat-technologies.com\/fr\/wp-json\/wp\/v2\/product"}],"about":[{"href":"https:\/\/cedrat-technologies.com\/fr\/wp-json\/wp\/v2\/types\/product"}],"replies":[{"embeddable":true,"href":"https:\/\/cedrat-technologies.com\/fr\/wp-json\/wp\/v2\/comments?post=18536"}],"version-history":[{"count":0,"href":"https:\/\/cedrat-technologies.com\/fr\/wp-json\/wp\/v2\/product\/18536\/revisions"}],"wp:featuredmedia":[{"embeddable":true,"href":"https:\/\/cedrat-technologies.com\/fr\/wp-json\/wp\/v2\/media\/15252"}],"wp:attachment":[{"href":"https:\/\/cedrat-technologies.com\/fr\/wp-json\/wp\/v2\/media?parent=18536"}],"wp:term":[{"taxonomy":"product_brand","embeddable":true,"href":"https:\/\/cedrat-technologies.com\/fr\/wp-json\/wp\/v2\/product_brand?post=18536"},{"taxonomy":"product_cat","embeddable":true,"href":"https:\/\/cedrat-technologies.com\/fr\/wp-json\/wp\/v2\/product_cat?post=18536"},{"taxonomy":"product_tag","embeddable":true,"href":"https:\/\/cedrat-technologies.com\/fr\/wp-json\/wp\/v2\/product_tag?post=18536"}],"curies":[{"name":"wp","href":"https:\/\/api.w.org\/{rel}","templated":true}]}}