{"id":18535,"date":"2002-01-09T00:00:00","date_gmt":"2002-01-08T23:00:00","guid":{"rendered":"http:\/\/cedrat-technologies.com\/produit\/xy200m-un-nouveau-modele-de-platine-piezoelectrique\/"},"modified":"2023-07-20T11:22:28","modified_gmt":"2023-07-20T09:22:28","slug":"xy200m-un-nouveau-modele-de-platine-piezoelectrique","status":"publish","type":"product","link":"https:\/\/cedrat-technologies.com\/fr\/produit\/xy200m-un-nouveau-modele-de-platine-piezoelectrique\/","title":{"rendered":"XY200M : un nouveau mod\u00e8le de platine pi\u00e9zo\u00e9lectrique"},"content":{"rendered":"","protected":false},"excerpt":{"rendered":"<p>La XY200M est une platine pi\u00e9zo XY issue du laboratoire de CEDRAT TECHNOLOGIES et qui a \u00e9t\u00e9 nouvellement con\u00e7ue en fonction des besoins spatiaux d\u00e9finis avec le CNES (l&rsquo;agence spatiale fran\u00e7aise). Cette platine XY b\u00e9n\u00e9ficie de l&rsquo;h\u00e9ritage d&rsquo;une ancienne platine XY d\u00e9velopp\u00e9e pour l&rsquo;ESA (Agence Spatiale Europ\u00e9enne). Elle est bas\u00e9e sur deux paires d&rsquo;actionneurs piezo amplifi\u00e9s APA200M, affichant chacun une course de 200 \u00b5m, dispos\u00e9s en croix autour d&rsquo;un anneau central.<\/p>\n","protected":false},"featured_media":15249,"comment_status":"closed","ping_status":"open","template":"","meta":{"_acf_changed":false,"_seopress_robots_primary_cat":"none","_seopress_titles_title":"","_seopress_titles_desc":"","_seopress_robots_index":"yes"},"product_brand":[],"product_cat":[1383,1385,1491,1390,1393,1464,1403],"product_tag":[],"class_list":{"0":"post-18535","1":"product","2":"type-product","3":"status-publish","4":"has-post-thumbnail","6":"product_cat-actionneurs-lineaires","7":"product_cat-actionneurs-piezo-fr","8":"product_cat-domaine-fr","9":"product_cat-mecanismes","10":"product_cat-platines-xy","11":"product_cat-publications-fr","12":"product_cat-systemes-mecatroniques","14":"first","15":"instock","16":"downloadable","17":"virtual","18":"purchasable","19":"product-type-simple"},"acf":[],"_links":{"self":[{"href":"https:\/\/cedrat-technologies.com\/fr\/wp-json\/wp\/v2\/product\/18535","targetHints":{"allow":["GET"]}}],"collection":[{"href":"https:\/\/cedrat-technologies.com\/fr\/wp-json\/wp\/v2\/product"}],"about":[{"href":"https:\/\/cedrat-technologies.com\/fr\/wp-json\/wp\/v2\/types\/product"}],"replies":[{"embeddable":true,"href":"https:\/\/cedrat-technologies.com\/fr\/wp-json\/wp\/v2\/comments?post=18535"}],"version-history":[{"count":0,"href":"https:\/\/cedrat-technologies.com\/fr\/wp-json\/wp\/v2\/product\/18535\/revisions"}],"wp:featuredmedia":[{"embeddable":true,"href":"https:\/\/cedrat-technologies.com\/fr\/wp-json\/wp\/v2\/media\/15249"}],"wp:attachment":[{"href":"https:\/\/cedrat-technologies.com\/fr\/wp-json\/wp\/v2\/media?parent=18535"}],"wp:term":[{"taxonomy":"product_brand","embeddable":true,"href":"https:\/\/cedrat-technologies.com\/fr\/wp-json\/wp\/v2\/product_brand?post=18535"},{"taxonomy":"product_cat","embeddable":true,"href":"https:\/\/cedrat-technologies.com\/fr\/wp-json\/wp\/v2\/product_cat?post=18535"},{"taxonomy":"product_tag","embeddable":true,"href":"https:\/\/cedrat-technologies.com\/fr\/wp-json\/wp\/v2\/product_tag?post=18535"}],"curies":[{"name":"wp","href":"https:\/\/api.w.org\/{rel}","templated":true}]}}