{"id":18533,"date":"2023-06-19T10:32:28","date_gmt":"2023-06-19T08:32:28","guid":{"rendered":"http:\/\/cedrat-technologies.com\/produit\/actionneurs-a-bobine-mobile-pour-deux-instruments-mtg\/"},"modified":"2023-07-20T11:20:11","modified_gmt":"2023-07-20T09:20:11","slug":"actionneurs-a-bobine-mobile-pour-deux-instruments-mtg","status":"publish","type":"product","link":"https:\/\/cedrat-technologies.com\/fr\/produit\/actionneurs-a-bobine-mobile-pour-deux-instruments-mtg\/","title":{"rendered":"Actionneurs \u00e0 bobine mobile pour deux instruments MTG"},"content":{"rendered":"","protected":false},"excerpt":{"rendered":"<p>Alors que Cedrat Technologies est actif dans l&rsquo;espace depuis plus de 20 ans avec des m\u00e9canismes pi\u00e9zo\u00e9lectriques, nous avons \u00e9galement \u00e9t\u00e9 de plus en plus impliqu\u00e9s ces derni\u00e8res ann\u00e9es dans le d\u00e9veloppement d&rsquo;actionneurs magn\u00e9tiques pour des projets spatiaux. Dans cet article, nous nous concentrons sur le cas des actionneurs magn\u00e9tiques d\u00e9velopp\u00e9s dans le cadre du projet Meteosat Third Generation (MTG). Le premier est l&rsquo;ensemble de balayage (SCA) actionn\u00e9 par des moteurs \u00e0 bobine mobile rotative (RVCM) pour les axes est\/ouest (E\/W) et nord\/sud (N\/S) d\u00e9velopp\u00e9s en collaboration avec Sener et le second est le moteur \u00e0 bobine mobile rotative (VCM) d\u00e9velopp\u00e9 en collaboration avec le CSEM pour le m\u00e9canisme du cube d&rsquo;angle (CCM).<\/p>\n","protected":false},"featured_media":15243,"comment_status":"closed","ping_status":"open","template":"","meta":{"_acf_changed":false,"_seopress_robots_primary_cat":"none","_seopress_titles_title":"","_seopress_titles_desc":"","_seopress_robots_index":"yes"},"product_brand":[],"product_cat":[1383,1384,1491,1495,1390,1386,1464],"product_tag":[],"class_list":{"0":"post-18533","1":"product","2":"type-product","3":"status-publish","4":"has-post-thumbnail","6":"product_cat-actionneurs-lineaires","7":"product_cat-actionneurs-lineaires-magnetiques","8":"product_cat-domaine-fr","9":"product_cat-instrumentation-optique-fr","10":"product_cat-mecanismes","11":"product_cat-moteurs-piezo-fr","12":"product_cat-publications-fr","14":"first","15":"instock","16":"downloadable","17":"virtual","18":"purchasable","19":"product-type-simple"},"acf":[],"_links":{"self":[{"href":"https:\/\/cedrat-technologies.com\/fr\/wp-json\/wp\/v2\/product\/18533","targetHints":{"allow":["GET"]}}],"collection":[{"href":"https:\/\/cedrat-technologies.com\/fr\/wp-json\/wp\/v2\/product"}],"about":[{"href":"https:\/\/cedrat-technologies.com\/fr\/wp-json\/wp\/v2\/types\/product"}],"replies":[{"embeddable":true,"href":"https:\/\/cedrat-technologies.com\/fr\/wp-json\/wp\/v2\/comments?post=18533"}],"version-history":[{"count":0,"href":"https:\/\/cedrat-technologies.com\/fr\/wp-json\/wp\/v2\/product\/18533\/revisions"}],"wp:featuredmedia":[{"embeddable":true,"href":"https:\/\/cedrat-technologies.com\/fr\/wp-json\/wp\/v2\/media\/15243"}],"wp:attachment":[{"href":"https:\/\/cedrat-technologies.com\/fr\/wp-json\/wp\/v2\/media?parent=18533"}],"wp:term":[{"taxonomy":"product_brand","embeddable":true,"href":"https:\/\/cedrat-technologies.com\/fr\/wp-json\/wp\/v2\/product_brand?post=18533"},{"taxonomy":"product_cat","embeddable":true,"href":"https:\/\/cedrat-technologies.com\/fr\/wp-json\/wp\/v2\/product_cat?post=18533"},{"taxonomy":"product_tag","embeddable":true,"href":"https:\/\/cedrat-technologies.com\/fr\/wp-json\/wp\/v2\/product_tag?post=18533"}],"curies":[{"name":"wp","href":"https:\/\/api.w.org\/{rel}","templated":true}]}}