{"id":18532,"date":"2023-06-19T10:32:28","date_gmt":"2023-06-19T08:32:28","guid":{"rendered":"http:\/\/cedrat-technologies.com\/produit\/proprietes-viscoelastiques-du-cerveau-des-furets-mesurees-in-vivo-a-des-frequences-multiples-par-elastographie-par-resonance-magnetique\/"},"modified":"2023-07-20T11:20:11","modified_gmt":"2023-07-20T09:20:11","slug":"proprietes-viscoelastiques-du-cerveau-des-furets-mesurees-in-vivo-a-des-frequences-multiples-par-elastographie-par-resonance-magnetique","status":"publish","type":"product","link":"https:\/\/cedrat-technologies.com\/fr\/produit\/proprietes-viscoelastiques-du-cerveau-des-furets-mesurees-in-vivo-a-des-frequences-multiples-par-elastographie-par-resonance-magnetique\/","title":{"rendered":"Propri\u00e9t\u00e9s visco\u00e9lastiques du cerveau des furets mesur\u00e9es in vivo \u00e0 des fr\u00e9quences multiples par \u00e9lastographie par r\u00e9sonance magn\u00e9tique"},"content":{"rendered":"","protected":false},"excerpt":{"rendered":"<p>La caract\u00e9risation du comportement m\u00e9canique dynamique du tissu c\u00e9r\u00e9bral est essentielle pour comprendre et simuler les m\u00e9canismes des l\u00e9sions c\u00e9r\u00e9brales traumatiques (TBI). Les changements dans les propri\u00e9t\u00e9s m\u00e9caniques peuvent \u00e9galement refl\u00e9ter les changements dans le cerveau dus au vieillissement ou \u00e0 la maladie. Dans cette \u00e9tude, nous avons utilis\u00e9 l&rsquo;\u00e9lastographie par r\u00e9sonance magn\u00e9tique (ERM) pour mesurer les propri\u00e9t\u00e9s visco\u00e9lastiques du tissu c\u00e9r\u00e9bral du furet in vivo.<\/p>\n","protected":false},"featured_media":15240,"comment_status":"closed","ping_status":"open","template":"","meta":{"_acf_changed":false,"_seopress_robots_primary_cat":"none","_seopress_titles_title":"","_seopress_titles_desc":"","_seopress_robots_index":"yes"},"product_brand":[],"product_cat":[1383,1385,1492,1491,1464],"product_tag":[],"class_list":{"0":"post-18532","1":"product","2":"type-product","3":"status-publish","4":"has-post-thumbnail","6":"product_cat-actionneurs-lineaires","7":"product_cat-actionneurs-piezo-fr","8":"product_cat-biomedical-assistance-personnelle-fr","9":"product_cat-domaine-fr","10":"product_cat-publications-fr","12":"first","13":"instock","14":"downloadable","15":"virtual","16":"purchasable","17":"product-type-simple"},"acf":[],"_links":{"self":[{"href":"https:\/\/cedrat-technologies.com\/fr\/wp-json\/wp\/v2\/product\/18532","targetHints":{"allow":["GET"]}}],"collection":[{"href":"https:\/\/cedrat-technologies.com\/fr\/wp-json\/wp\/v2\/product"}],"about":[{"href":"https:\/\/cedrat-technologies.com\/fr\/wp-json\/wp\/v2\/types\/product"}],"replies":[{"embeddable":true,"href":"https:\/\/cedrat-technologies.com\/fr\/wp-json\/wp\/v2\/comments?post=18532"}],"version-history":[{"count":0,"href":"https:\/\/cedrat-technologies.com\/fr\/wp-json\/wp\/v2\/product\/18532\/revisions"}],"wp:featuredmedia":[{"embeddable":true,"href":"https:\/\/cedrat-technologies.com\/fr\/wp-json\/wp\/v2\/media\/15240"}],"wp:attachment":[{"href":"https:\/\/cedrat-technologies.com\/fr\/wp-json\/wp\/v2\/media?parent=18532"}],"wp:term":[{"taxonomy":"product_brand","embeddable":true,"href":"https:\/\/cedrat-technologies.com\/fr\/wp-json\/wp\/v2\/product_brand?post=18532"},{"taxonomy":"product_cat","embeddable":true,"href":"https:\/\/cedrat-technologies.com\/fr\/wp-json\/wp\/v2\/product_cat?post=18532"},{"taxonomy":"product_tag","embeddable":true,"href":"https:\/\/cedrat-technologies.com\/fr\/wp-json\/wp\/v2\/product_tag?post=18532"}],"curies":[{"name":"wp","href":"https:\/\/api.w.org\/{rel}","templated":true}]}}