{"id":18531,"date":"2023-06-19T10:32:28","date_gmt":"2023-06-19T08:32:28","guid":{"rendered":"http:\/\/cedrat-technologies.com\/produit\/isolation-vibratoire-dun-objet-etendu\/"},"modified":"2023-07-20T11:20:12","modified_gmt":"2023-07-20T09:20:12","slug":"isolation-vibratoire-dun-objet-etendu","status":"publish","type":"product","link":"https:\/\/cedrat-technologies.com\/fr\/produit\/isolation-vibratoire-dun-objet-etendu\/","title":{"rendered":"Isolation vibratoire d&rsquo;un objet \u00e9tendu"},"content":{"rendered":"","protected":false},"excerpt":{"rendered":"<p>Un nombre croissant d&rsquo;applications exige un tr\u00e8s haut niveau de pr\u00e9cision : fabrication de semi-conducteurs, microscopie \u00e0 force atomique, microscopie \u00e0 balayage, machines-outils, etc. Une telle pr\u00e9cision ne peut \u00eatre atteinte que dans des environnements tr\u00e8s stables. La proc\u00e9dure standard consiste \u00e0 monter l&rsquo;\u00e9quipement sensible sur une lourde platine isolante, parfois appel\u00e9e table optique, qui peut \u00eatre passive ou active.<\/p>\n","protected":false},"featured_media":15237,"comment_status":"closed","ping_status":"open","template":"","meta":{"_acf_changed":false,"_seopress_robots_primary_cat":"none","_seopress_titles_title":"","_seopress_titles_desc":"","_seopress_robots_index":"yes"},"product_brand":[],"product_cat":[1383,1385,1413,1464],"product_tag":[],"class_list":{"0":"post-18531","1":"product","2":"type-product","3":"status-publish","4":"has-post-thumbnail","6":"product_cat-actionneurs-lineaires","7":"product_cat-actionneurs-piezo-fr","8":"product_cat-controle-actif-de-vibration","9":"product_cat-publications-fr","11":"first","12":"instock","13":"downloadable","14":"virtual","15":"purchasable","16":"product-type-simple"},"acf":[],"_links":{"self":[{"href":"https:\/\/cedrat-technologies.com\/fr\/wp-json\/wp\/v2\/product\/18531","targetHints":{"allow":["GET"]}}],"collection":[{"href":"https:\/\/cedrat-technologies.com\/fr\/wp-json\/wp\/v2\/product"}],"about":[{"href":"https:\/\/cedrat-technologies.com\/fr\/wp-json\/wp\/v2\/types\/product"}],"replies":[{"embeddable":true,"href":"https:\/\/cedrat-technologies.com\/fr\/wp-json\/wp\/v2\/comments?post=18531"}],"version-history":[{"count":0,"href":"https:\/\/cedrat-technologies.com\/fr\/wp-json\/wp\/v2\/product\/18531\/revisions"}],"wp:featuredmedia":[{"embeddable":true,"href":"https:\/\/cedrat-technologies.com\/fr\/wp-json\/wp\/v2\/media\/15237"}],"wp:attachment":[{"href":"https:\/\/cedrat-technologies.com\/fr\/wp-json\/wp\/v2\/media?parent=18531"}],"wp:term":[{"taxonomy":"product_brand","embeddable":true,"href":"https:\/\/cedrat-technologies.com\/fr\/wp-json\/wp\/v2\/product_brand?post=18531"},{"taxonomy":"product_cat","embeddable":true,"href":"https:\/\/cedrat-technologies.com\/fr\/wp-json\/wp\/v2\/product_cat?post=18531"},{"taxonomy":"product_tag","embeddable":true,"href":"https:\/\/cedrat-technologies.com\/fr\/wp-json\/wp\/v2\/product_tag?post=18531"}],"curies":[{"name":"wp","href":"https:\/\/api.w.org\/{rel}","templated":true}]}}