{"id":18530,"date":"2023-06-19T10:32:28","date_gmt":"2023-06-19T08:32:28","guid":{"rendered":"http:\/\/cedrat-technologies.com\/produit\/collecte-denergie-vibratoire-dans-les-avions-a-laide-dactionneurs-piezoelectriques\/"},"modified":"2023-07-20T11:20:12","modified_gmt":"2023-07-20T09:20:12","slug":"collecte-denergie-vibratoire-dans-les-avions-a-laide-dactionneurs-piezoelectriques","status":"publish","type":"product","link":"https:\/\/cedrat-technologies.com\/fr\/produit\/collecte-denergie-vibratoire-dans-les-avions-a-laide-dactionneurs-piezoelectriques\/","title":{"rendered":"Collecte d&rsquo;\u00e9nergie vibratoire dans les avions \u00e0 l&rsquo;aide d&rsquo;actionneurs pi\u00e9zo\u00e9lectriques"},"content":{"rendered":"","protected":false},"excerpt":{"rendered":"<p>Dans le v\u00e9hicule a\u00e9ronautique, une partie de l&rsquo;\u00e9nergie produite est transform\u00e9e en pertes d&rsquo;\u00e9nergie dues aux vibrations m\u00e9caniques. Cette rue est plus que jamais vraie lorsque le besoin d&rsquo;\u00e9nergie \u00e9lectrique est un probl\u00e8me crucial. Les syst\u00e8mes capables de transformer l&rsquo;\u00e9nergie m\u00e9canique en \u00e9nergie \u00e9lectrique r\u00e9cup\u00e9r\u00e9e sont donc tr\u00e8s int\u00e9ressants.<\/p>\n","protected":false},"featured_media":15234,"comment_status":"closed","ping_status":"open","template":"","meta":{"_acf_changed":false,"_seopress_robots_primary_cat":"none","_seopress_titles_title":"","_seopress_titles_desc":"","_seopress_robots_index":"yes"},"product_brand":[],"product_cat":[1383,1385,1491,1406,1464,1415,1403],"product_tag":[],"class_list":{"0":"post-18530","1":"product","2":"type-product","3":"status-publish","4":"has-post-thumbnail","6":"product_cat-actionneurs-lineaires","7":"product_cat-actionneurs-piezo-fr","8":"product_cat-domaine-fr","9":"product_cat-micropositionnement","10":"product_cat-publications-fr","11":"product_cat-recuperateur-denergie","12":"product_cat-systemes-mecatroniques","14":"first","15":"instock","16":"downloadable","17":"virtual","18":"purchasable","19":"product-type-simple"},"acf":[],"_links":{"self":[{"href":"https:\/\/cedrat-technologies.com\/fr\/wp-json\/wp\/v2\/product\/18530","targetHints":{"allow":["GET"]}}],"collection":[{"href":"https:\/\/cedrat-technologies.com\/fr\/wp-json\/wp\/v2\/product"}],"about":[{"href":"https:\/\/cedrat-technologies.com\/fr\/wp-json\/wp\/v2\/types\/product"}],"replies":[{"embeddable":true,"href":"https:\/\/cedrat-technologies.com\/fr\/wp-json\/wp\/v2\/comments?post=18530"}],"version-history":[{"count":0,"href":"https:\/\/cedrat-technologies.com\/fr\/wp-json\/wp\/v2\/product\/18530\/revisions"}],"wp:featuredmedia":[{"embeddable":true,"href":"https:\/\/cedrat-technologies.com\/fr\/wp-json\/wp\/v2\/media\/15234"}],"wp:attachment":[{"href":"https:\/\/cedrat-technologies.com\/fr\/wp-json\/wp\/v2\/media?parent=18530"}],"wp:term":[{"taxonomy":"product_brand","embeddable":true,"href":"https:\/\/cedrat-technologies.com\/fr\/wp-json\/wp\/v2\/product_brand?post=18530"},{"taxonomy":"product_cat","embeddable":true,"href":"https:\/\/cedrat-technologies.com\/fr\/wp-json\/wp\/v2\/product_cat?post=18530"},{"taxonomy":"product_tag","embeddable":true,"href":"https:\/\/cedrat-technologies.com\/fr\/wp-json\/wp\/v2\/product_tag?post=18530"}],"curies":[{"name":"wp","href":"https:\/\/api.w.org\/{rel}","templated":true}]}}