{"id":18529,"date":"2023-06-19T10:32:28","date_gmt":"2023-06-19T08:32:28","guid":{"rendered":"http:\/\/cedrat-technologies.com\/produit\/integration-tres-compacte-dune-plate-forme-a-ultra-faibles-vibrations-pour-les-refroidisseurs-spatiaux-utilisant-des-actionneurs-miniatures-a-haute-frequence\/"},"modified":"2023-07-20T11:20:12","modified_gmt":"2023-07-20T09:20:12","slug":"integration-tres-compacte-dune-plate-forme-a-ultra-faibles-vibrations-pour-les-refroidisseurs-spatiaux-utilisant-des-actionneurs-miniatures-a-haute-frequence","status":"publish","type":"product","link":"https:\/\/cedrat-technologies.com\/fr\/produit\/integration-tres-compacte-dune-plate-forme-a-ultra-faibles-vibrations-pour-les-refroidisseurs-spatiaux-utilisant-des-actionneurs-miniatures-a-haute-frequence\/","title":{"rendered":"Int\u00e9gration tr\u00e8s compacte d&rsquo;une plate-forme \u00e0 ultra-faibles vibrations pour les refroidisseurs spatiaux utilisant des actionneurs miniatures \u00e0 haute fr\u00e9quence"},"content":{"rendered":"","protected":false},"excerpt":{"rendered":"<p>Air Liquide advanced Technologies, en collaboration avec Cedrat Technologies et SMAC, a r\u00e9alis\u00e9 une \u00e9tude sur une plate-forme compacte de contr\u00f4le des vibrations pour les cryor\u00e9frig\u00e9rateurs m\u00e9caniques. Cette solution a \u00e9t\u00e9 propos\u00e9e comme une approche alternative \u00e0 l&rsquo;int\u00e9gration des cryor\u00e9frig\u00e9rateurs par rapport aux syst\u00e8mes suspendus qui doivent \u00eatre verrouill\u00e9s m\u00e9caniquement pendant la phase de lancement. Ce syst\u00e8me permet une r\u00e9duction significative de la taille et de la masse de la plate-forme.<\/p>\n","protected":false},"featured_media":15231,"comment_status":"closed","ping_status":"open","template":"","meta":{"_acf_changed":false,"_seopress_robots_primary_cat":"none","_seopress_titles_title":"","_seopress_titles_desc":"","_seopress_robots_index":"yes"},"product_brand":[],"product_cat":[1383,1385,1414,1413,1394,1404,1464,1403],"product_tag":[],"class_list":{"0":"post-18529","1":"product","2":"type-product","3":"status-publish","4":"has-post-thumbnail","6":"product_cat-actionneurs-lineaires","7":"product_cat-actionneurs-piezo-fr","8":"product_cat-amortisseur-a-masse-depreuve","9":"product_cat-controle-actif-de-vibration","10":"product_cat-dispositifs-electro-fluidique","11":"product_cat-pilotage-controle","12":"product_cat-publications-fr","13":"product_cat-systemes-mecatroniques","15":"first","16":"instock","17":"downloadable","18":"virtual","19":"purchasable","20":"product-type-simple"},"acf":[],"_links":{"self":[{"href":"https:\/\/cedrat-technologies.com\/fr\/wp-json\/wp\/v2\/product\/18529","targetHints":{"allow":["GET"]}}],"collection":[{"href":"https:\/\/cedrat-technologies.com\/fr\/wp-json\/wp\/v2\/product"}],"about":[{"href":"https:\/\/cedrat-technologies.com\/fr\/wp-json\/wp\/v2\/types\/product"}],"replies":[{"embeddable":true,"href":"https:\/\/cedrat-technologies.com\/fr\/wp-json\/wp\/v2\/comments?post=18529"}],"version-history":[{"count":0,"href":"https:\/\/cedrat-technologies.com\/fr\/wp-json\/wp\/v2\/product\/18529\/revisions"}],"wp:featuredmedia":[{"embeddable":true,"href":"https:\/\/cedrat-technologies.com\/fr\/wp-json\/wp\/v2\/media\/15231"}],"wp:attachment":[{"href":"https:\/\/cedrat-technologies.com\/fr\/wp-json\/wp\/v2\/media?parent=18529"}],"wp:term":[{"taxonomy":"product_brand","embeddable":true,"href":"https:\/\/cedrat-technologies.com\/fr\/wp-json\/wp\/v2\/product_brand?post=18529"},{"taxonomy":"product_cat","embeddable":true,"href":"https:\/\/cedrat-technologies.com\/fr\/wp-json\/wp\/v2\/product_cat?post=18529"},{"taxonomy":"product_tag","embeddable":true,"href":"https:\/\/cedrat-technologies.com\/fr\/wp-json\/wp\/v2\/product_tag?post=18529"}],"curies":[{"name":"wp","href":"https:\/\/api.w.org\/{rel}","templated":true}]}}