{"id":18528,"date":"2002-01-06T00:00:00","date_gmt":"2002-01-05T23:00:00","guid":{"rendered":"http:\/\/cedrat-technologies.com\/produit\/vannes-basees-sur-des-actionneurs-piezoelectriques-amplifies\/"},"modified":"2023-07-20T11:22:29","modified_gmt":"2023-07-20T09:22:29","slug":"vannes-basees-sur-des-actionneurs-piezoelectriques-amplifies","status":"publish","type":"product","link":"https:\/\/cedrat-technologies.com\/fr\/produit\/vannes-basees-sur-des-actionneurs-piezoelectriques-amplifies\/","title":{"rendered":"Vannes bas\u00e9es sur des actionneurs pi\u00e9zo\u00e9lectriques amplifi\u00e9s"},"content":{"rendered":"","protected":false},"excerpt":{"rendered":"<p>Les actionneurs piezo amplifi\u00e9s sont d\u00e9velopp\u00e9s chez CEDRAT TECHNOLOGIES depuis plusieurs ann\u00e9es. Leurs avantages bien connus (r\u00e9ponse rapide et positionnement pr\u00e9cis) ont \u00e9t\u00e9 utilis\u00e9s dans la conception de vannes pour obtenir des vannes proportionnelles rapides ou fines.<\/p>\n","protected":false},"featured_media":15228,"comment_status":"closed","ping_status":"open","template":"","meta":{"_acf_changed":false,"_seopress_robots_primary_cat":"none","_seopress_titles_title":"","_seopress_titles_desc":"","_seopress_robots_index":"yes"},"product_brand":[],"product_cat":[1383,1385,1394,1491,1397,1396,1464],"product_tag":[],"class_list":{"0":"post-18528","1":"product","2":"type-product","3":"status-publish","4":"has-post-thumbnail","6":"product_cat-actionneurs-lineaires","7":"product_cat-actionneurs-piezo-fr","8":"product_cat-dispositifs-electro-fluidique","9":"product_cat-domaine-fr","10":"product_cat-electrovannes-proportionnelles","11":"product_cat-injecteur-fr","12":"product_cat-publications-fr","14":"first","15":"instock","16":"downloadable","17":"virtual","18":"purchasable","19":"product-type-simple"},"acf":[],"_links":{"self":[{"href":"https:\/\/cedrat-technologies.com\/fr\/wp-json\/wp\/v2\/product\/18528","targetHints":{"allow":["GET"]}}],"collection":[{"href":"https:\/\/cedrat-technologies.com\/fr\/wp-json\/wp\/v2\/product"}],"about":[{"href":"https:\/\/cedrat-technologies.com\/fr\/wp-json\/wp\/v2\/types\/product"}],"replies":[{"embeddable":true,"href":"https:\/\/cedrat-technologies.com\/fr\/wp-json\/wp\/v2\/comments?post=18528"}],"version-history":[{"count":0,"href":"https:\/\/cedrat-technologies.com\/fr\/wp-json\/wp\/v2\/product\/18528\/revisions"}],"wp:featuredmedia":[{"embeddable":true,"href":"https:\/\/cedrat-technologies.com\/fr\/wp-json\/wp\/v2\/media\/15228"}],"wp:attachment":[{"href":"https:\/\/cedrat-technologies.com\/fr\/wp-json\/wp\/v2\/media?parent=18528"}],"wp:term":[{"taxonomy":"product_brand","embeddable":true,"href":"https:\/\/cedrat-technologies.com\/fr\/wp-json\/wp\/v2\/product_brand?post=18528"},{"taxonomy":"product_cat","embeddable":true,"href":"https:\/\/cedrat-technologies.com\/fr\/wp-json\/wp\/v2\/product_cat?post=18528"},{"taxonomy":"product_tag","embeddable":true,"href":"https:\/\/cedrat-technologies.com\/fr\/wp-json\/wp\/v2\/product_tag?post=18528"}],"curies":[{"name":"wp","href":"https:\/\/api.w.org\/{rel}","templated":true}]}}