{"id":18527,"date":"2023-06-19T10:32:28","date_gmt":"2023-06-19T08:32:28","guid":{"rendered":"http:\/\/cedrat-technologies.com\/produit\/mise-a-niveau-des-moteurs-cc-sans-balais-miniatures-outrunner\/"},"modified":"2023-07-20T11:20:13","modified_gmt":"2023-07-20T09:20:13","slug":"mise-a-niveau-des-moteurs-cc-sans-balais-miniatures-outrunner","status":"publish","type":"product","link":"https:\/\/cedrat-technologies.com\/fr\/produit\/mise-a-niveau-des-moteurs-cc-sans-balais-miniatures-outrunner\/","title":{"rendered":"Mise \u00e0 niveau des moteurs CC sans balais miniatures outrunner"},"content":{"rendered":"","protected":false},"excerpt":{"rendered":"<p>Les moteurs miniatures \u00e0 courant continu sans balais (moins de 5 grammes) posent certains probl\u00e8mes, tant au niveau de la conception que de la fabrication. Ils sont utilis\u00e9s dans plusieurs applications de masse, telles que les disques durs, les gyroscopes et, plus r\u00e9cemment, dans certains v\u00e9hicules a\u00e9riens sans nom (UAV), pour lesquels Cedrat est impliqu\u00e9. Pour cette derni\u00e8re application, l&rsquo;efficacit\u00e9 est de la plus haute importance. Cedrat a utilis\u00e9 sa solution logicielle Flux pour optimiser la conception du moteur sans balais : Certains mat\u00e9riaux et dimensions ont \u00e9t\u00e9 modifi\u00e9s dans le moteur afin d&rsquo;am\u00e9liorer son efficacit\u00e9.<\/p>\n","protected":false},"featured_media":15225,"comment_status":"closed","ping_status":"open","template":"","meta":{"_acf_changed":false,"_seopress_robots_primary_cat":"none","_seopress_titles_title":"","_seopress_titles_desc":"","_seopress_robots_index":"yes"},"product_brand":[],"product_cat":[1491,1399,1401,1398,1411,1464],"product_tag":[],"class_list":{"0":"post-18527","1":"product","2":"type-product","3":"status-publish","4":"has-post-thumbnail","6":"product_cat-domaine-fr","7":"product_cat-machines-a-courant-continu","8":"product_cat-machines-synchrones","9":"product_cat-machines-tournantes","10":"product_cat-materiaux-essais","11":"product_cat-publications-fr","13":"first","14":"instock","15":"downloadable","16":"virtual","17":"purchasable","18":"product-type-simple"},"acf":[],"_links":{"self":[{"href":"https:\/\/cedrat-technologies.com\/fr\/wp-json\/wp\/v2\/product\/18527","targetHints":{"allow":["GET"]}}],"collection":[{"href":"https:\/\/cedrat-technologies.com\/fr\/wp-json\/wp\/v2\/product"}],"about":[{"href":"https:\/\/cedrat-technologies.com\/fr\/wp-json\/wp\/v2\/types\/product"}],"replies":[{"embeddable":true,"href":"https:\/\/cedrat-technologies.com\/fr\/wp-json\/wp\/v2\/comments?post=18527"}],"version-history":[{"count":0,"href":"https:\/\/cedrat-technologies.com\/fr\/wp-json\/wp\/v2\/product\/18527\/revisions"}],"wp:featuredmedia":[{"embeddable":true,"href":"https:\/\/cedrat-technologies.com\/fr\/wp-json\/wp\/v2\/media\/15225"}],"wp:attachment":[{"href":"https:\/\/cedrat-technologies.com\/fr\/wp-json\/wp\/v2\/media?parent=18527"}],"wp:term":[{"taxonomy":"product_brand","embeddable":true,"href":"https:\/\/cedrat-technologies.com\/fr\/wp-json\/wp\/v2\/product_brand?post=18527"},{"taxonomy":"product_cat","embeddable":true,"href":"https:\/\/cedrat-technologies.com\/fr\/wp-json\/wp\/v2\/product_cat?post=18527"},{"taxonomy":"product_tag","embeddable":true,"href":"https:\/\/cedrat-technologies.com\/fr\/wp-json\/wp\/v2\/product_tag?post=18527"}],"curies":[{"name":"wp","href":"https:\/\/api.w.org\/{rel}","templated":true}]}}