{"id":18525,"date":"2008-01-06T00:00:00","date_gmt":"2008-01-05T23:00:00","guid":{"rendered":"http:\/\/cedrat-technologies.com\/produit\/masse-depreuve-accordable-basee-sur-une-structure-pendulaire\/"},"modified":"2023-07-20T11:22:26","modified_gmt":"2023-07-20T09:22:26","slug":"masse-depreuve-accordable-basee-sur-une-structure-pendulaire","status":"publish","type":"product","link":"https:\/\/cedrat-technologies.com\/fr\/produit\/masse-depreuve-accordable-basee-sur-une-structure-pendulaire\/","title":{"rendered":"Masse d&rsquo;\u00e9preuve accordable bas\u00e9e sur une structure pendulaire"},"content":{"rendered":"","protected":false},"excerpt":{"rendered":"<p>Les amortisseurs de masse \u00e0 l&rsquo;\u00e9preuve sont actuellement utilis\u00e9s dans les structures a\u00e9ronautiques, mais ils ne sont pas actifs, ce qui limite leurs performances. Les actionneurs de masse d&rsquo;\u00e9preuve bas\u00e9s sur des structures de masse-ressort sont une technique int\u00e9ressante pour le contr\u00f4le actif des vibrations, mais il est difficile de les concevoir pour un fonctionnement en dessous de 100 Hz, en particulier si des forces dynamiques \u00e9lev\u00e9es sont requises. La preuve de concept d&rsquo;un actionneur de masse d&rsquo;\u00e9preuve accordable (TPMA) bas\u00e9 sur une structure pendulaire a \u00e9t\u00e9 \u00e9valu\u00e9e dans le cadre du projet Mesema FP6 EC visant une application pour h\u00e9licopt\u00e8res.<\/p>\n","protected":false},"featured_media":15219,"comment_status":"closed","ping_status":"open","template":"","meta":{"_acf_changed":false,"_seopress_robots_primary_cat":"none","_seopress_titles_title":"","_seopress_titles_desc":"","_seopress_robots_index":"yes"},"product_brand":[],"product_cat":[1383,1389,1413,1464],"product_tag":[],"class_list":{"0":"post-18525","1":"product","2":"type-product","3":"status-publish","4":"has-post-thumbnail","6":"product_cat-actionneurs-lineaires","7":"product_cat-actionneurs-magnetostrictifs","8":"product_cat-controle-actif-de-vibration","9":"product_cat-publications-fr","11":"first","12":"instock","13":"downloadable","14":"virtual","15":"purchasable","16":"product-type-simple"},"acf":[],"_links":{"self":[{"href":"https:\/\/cedrat-technologies.com\/fr\/wp-json\/wp\/v2\/product\/18525","targetHints":{"allow":["GET"]}}],"collection":[{"href":"https:\/\/cedrat-technologies.com\/fr\/wp-json\/wp\/v2\/product"}],"about":[{"href":"https:\/\/cedrat-technologies.com\/fr\/wp-json\/wp\/v2\/types\/product"}],"replies":[{"embeddable":true,"href":"https:\/\/cedrat-technologies.com\/fr\/wp-json\/wp\/v2\/comments?post=18525"}],"version-history":[{"count":0,"href":"https:\/\/cedrat-technologies.com\/fr\/wp-json\/wp\/v2\/product\/18525\/revisions"}],"wp:featuredmedia":[{"embeddable":true,"href":"https:\/\/cedrat-technologies.com\/fr\/wp-json\/wp\/v2\/media\/15219"}],"wp:attachment":[{"href":"https:\/\/cedrat-technologies.com\/fr\/wp-json\/wp\/v2\/media?parent=18525"}],"wp:term":[{"taxonomy":"product_brand","embeddable":true,"href":"https:\/\/cedrat-technologies.com\/fr\/wp-json\/wp\/v2\/product_brand?post=18525"},{"taxonomy":"product_cat","embeddable":true,"href":"https:\/\/cedrat-technologies.com\/fr\/wp-json\/wp\/v2\/product_cat?post=18525"},{"taxonomy":"product_tag","embeddable":true,"href":"https:\/\/cedrat-technologies.com\/fr\/wp-json\/wp\/v2\/product_tag?post=18525"}],"curies":[{"name":"wp","href":"https:\/\/api.w.org\/{rel}","templated":true}]}}