{"id":18523,"date":"2023-06-19T10:32:28","date_gmt":"2023-06-19T08:32:28","guid":{"rendered":"http:\/\/cedrat-technologies.com\/produit\/adaptateur-doutil-pour-le-controle-actif-des-vibrations-dans-les-operations-de-tournage\/"},"modified":"2023-07-20T11:20:14","modified_gmt":"2023-07-20T09:20:14","slug":"adaptateur-doutil-pour-le-controle-actif-des-vibrations-dans-les-operations-de-tournage","status":"publish","type":"product","link":"https:\/\/cedrat-technologies.com\/fr\/produit\/adaptateur-doutil-pour-le-controle-actif-des-vibrations-dans-les-operations-de-tournage\/","title":{"rendered":"Adaptateur d&rsquo;outil pour le contr\u00f4le actif des vibrations dans les op\u00e9rations de tournage"},"content":{"rendered":"","protected":false},"excerpt":{"rendered":"<p>Cet article pr\u00e9sente un adaptateur d&rsquo;outil avec un dispositif int\u00e9gr\u00e9 d&rsquo;amortissement actif des vibrations pour stabiliser dynamiquement le processus de tournage. Il peut \u00eatre utilis\u00e9 dans les tours CNC standard et permet l&rsquo;utilisation de t\u00eates d&rsquo;outils disponibles sur le march\u00e9. Le syst\u00e8me de compensation des vibrations est bas\u00e9 sur un actionneur pi\u00e9zo\u00e9lectrique multicouche associ\u00e9 \u00e0 un capteur de force pi\u00e9zo\u00e9lectrique. Un contr\u00f4leur analogique bas\u00e9 sur la m\u00e9thode du retour de force int\u00e9gral est utilis\u00e9 pour l&rsquo;amortissement actif.<\/p>\n","protected":false},"featured_media":15213,"comment_status":"closed","ping_status":"open","template":"","meta":{"_acf_changed":false,"_seopress_robots_primary_cat":"none","_seopress_titles_title":"","_seopress_titles_desc":"","_seopress_robots_index":"yes"},"product_brand":[],"product_cat":[1383,1385,1413,1491,1406,1497,1464,1403],"product_tag":[],"class_list":{"0":"post-18523","1":"product","2":"type-product","3":"status-publish","4":"has-post-thumbnail","6":"product_cat-actionneurs-lineaires","7":"product_cat-actionneurs-piezo-fr","8":"product_cat-controle-actif-de-vibration","9":"product_cat-domaine-fr","10":"product_cat-micropositionnement","11":"product_cat-productique-machine-outil-fr","12":"product_cat-publications-fr","13":"product_cat-systemes-mecatroniques","15":"first","16":"instock","17":"downloadable","18":"virtual","19":"purchasable","20":"product-type-simple"},"acf":[],"_links":{"self":[{"href":"https:\/\/cedrat-technologies.com\/fr\/wp-json\/wp\/v2\/product\/18523","targetHints":{"allow":["GET"]}}],"collection":[{"href":"https:\/\/cedrat-technologies.com\/fr\/wp-json\/wp\/v2\/product"}],"about":[{"href":"https:\/\/cedrat-technologies.com\/fr\/wp-json\/wp\/v2\/types\/product"}],"replies":[{"embeddable":true,"href":"https:\/\/cedrat-technologies.com\/fr\/wp-json\/wp\/v2\/comments?post=18523"}],"version-history":[{"count":0,"href":"https:\/\/cedrat-technologies.com\/fr\/wp-json\/wp\/v2\/product\/18523\/revisions"}],"wp:featuredmedia":[{"embeddable":true,"href":"https:\/\/cedrat-technologies.com\/fr\/wp-json\/wp\/v2\/media\/15213"}],"wp:attachment":[{"href":"https:\/\/cedrat-technologies.com\/fr\/wp-json\/wp\/v2\/media?parent=18523"}],"wp:term":[{"taxonomy":"product_brand","embeddable":true,"href":"https:\/\/cedrat-technologies.com\/fr\/wp-json\/wp\/v2\/product_brand?post=18523"},{"taxonomy":"product_cat","embeddable":true,"href":"https:\/\/cedrat-technologies.com\/fr\/wp-json\/wp\/v2\/product_cat?post=18523"},{"taxonomy":"product_tag","embeddable":true,"href":"https:\/\/cedrat-technologies.com\/fr\/wp-json\/wp\/v2\/product_tag?post=18523"}],"curies":[{"name":"wp","href":"https:\/\/api.w.org\/{rel}","templated":true}]}}