{"id":18519,"date":"2023-06-19T10:32:28","date_gmt":"2023-06-19T08:32:28","guid":{"rendered":"http:\/\/cedrat-technologies.com\/produit\/electronique-dalimentation-pour-actionneurs-et-moteurs-piezo\/"},"modified":"2023-07-20T11:20:10","modified_gmt":"2023-07-20T09:20:10","slug":"electronique-dalimentation-pour-actionneurs-et-moteurs-piezo","status":"publish","type":"product","link":"https:\/\/cedrat-technologies.com\/fr\/produit\/electronique-dalimentation-pour-actionneurs-et-moteurs-piezo\/","title":{"rendered":"\u00c9lectronique d&rsquo;alimentation pour actionneurs et moteurs piezo"},"content":{"rendered":"","protected":false},"excerpt":{"rendered":"<p>Dans les pr\u00e9c\u00e9dentes \u00e9ditions de Flux Magazine, nous avons pr\u00e9sent\u00e9 une partie de la gamme d&rsquo;actionneurs piezo d\u00e9velopp\u00e9e par CEDRAT RECHERCHE. Ces actionneurs couvrent toute une gamme de d\u00e9placements allant de quelques centim\u00e8tres \u00e0 des distances sub-microm\u00e9triques et de basses fr\u00e9quences \u00e0 des fr\u00e9quences ultrasoniques. Les domaines d&rsquo;application s&rsquo;\u00e9tendent rapidement et utilisent les derniers d\u00e9veloppements de l&rsquo;\u00e9lectronique pour leur alimentation et leur contr\u00f4le.<\/p>\n","protected":false},"featured_media":15201,"comment_status":"closed","ping_status":"open","template":"","meta":{"_acf_changed":false,"_seopress_robots_primary_cat":"none","_seopress_titles_title":"","_seopress_titles_desc":"","_seopress_robots_index":"yes"},"product_brand":[],"product_cat":[1405,1464,1403],"product_tag":[],"class_list":{"0":"post-18519","1":"product","2":"type-product","3":"status-publish","4":"has-post-thumbnail","6":"product_cat-electroniques-de-puissance","7":"product_cat-publications-fr","8":"product_cat-systemes-mecatroniques","10":"first","11":"instock","12":"downloadable","13":"virtual","14":"purchasable","15":"product-type-simple"},"acf":[],"_links":{"self":[{"href":"https:\/\/cedrat-technologies.com\/fr\/wp-json\/wp\/v2\/product\/18519","targetHints":{"allow":["GET"]}}],"collection":[{"href":"https:\/\/cedrat-technologies.com\/fr\/wp-json\/wp\/v2\/product"}],"about":[{"href":"https:\/\/cedrat-technologies.com\/fr\/wp-json\/wp\/v2\/types\/product"}],"replies":[{"embeddable":true,"href":"https:\/\/cedrat-technologies.com\/fr\/wp-json\/wp\/v2\/comments?post=18519"}],"version-history":[{"count":0,"href":"https:\/\/cedrat-technologies.com\/fr\/wp-json\/wp\/v2\/product\/18519\/revisions"}],"wp:featuredmedia":[{"embeddable":true,"href":"https:\/\/cedrat-technologies.com\/fr\/wp-json\/wp\/v2\/media\/15201"}],"wp:attachment":[{"href":"https:\/\/cedrat-technologies.com\/fr\/wp-json\/wp\/v2\/media?parent=18519"}],"wp:term":[{"taxonomy":"product_brand","embeddable":true,"href":"https:\/\/cedrat-technologies.com\/fr\/wp-json\/wp\/v2\/product_brand?post=18519"},{"taxonomy":"product_cat","embeddable":true,"href":"https:\/\/cedrat-technologies.com\/fr\/wp-json\/wp\/v2\/product_cat?post=18519"},{"taxonomy":"product_tag","embeddable":true,"href":"https:\/\/cedrat-technologies.com\/fr\/wp-json\/wp\/v2\/product_tag?post=18519"}],"curies":[{"name":"wp","href":"https:\/\/api.w.org\/{rel}","templated":true}]}}