{"id":18517,"date":"2020-03-02T00:00:00","date_gmt":"2020-03-01T23:00:00","guid":{"rendered":"http:\/\/cedrat-technologies.com\/produit\/etude-dun-haut-parleur-pvdf-en-forme-de-dome\/"},"modified":"2023-07-20T11:22:15","modified_gmt":"2023-07-20T09:22:15","slug":"etude-dun-haut-parleur-pvdf-en-forme-de-dome","status":"publish","type":"product","link":"https:\/\/cedrat-technologies.com\/fr\/produit\/etude-dun-haut-parleur-pvdf-en-forme-de-dome\/","title":{"rendered":"Etude d&rsquo;un haut-parleur PVDF en forme de d\u00f4me"},"content":{"rendered":"","protected":false},"excerpt":{"rendered":"<p>Les haut-parleurs en PVDF sont utilis\u00e9s pour certaines applications audio et pourraient \u00eatre utilis\u00e9s pour des applications de contr\u00f4le actif o\u00f9 des structures l\u00e9g\u00e8res sont n\u00e9cessaires, par exemple dans l&rsquo;a\u00e9ronautique. Pour toutes ces applications, il est n\u00e9cessaire de pouvoir pr\u00e9dire la r\u00e9ponse acoustique de ces syst\u00e8mes afin d&rsquo;aider le concepteur. Certains articles proposent des mod\u00e8les pour calculer la pression acoustique rayonn\u00e9e par ces haut-parleurs.<\/p>\n","protected":false},"featured_media":15195,"comment_status":"closed","ping_status":"open","template":"","meta":{"_acf_changed":false,"_seopress_robots_primary_cat":"none","_seopress_titles_title":"","_seopress_titles_desc":"","_seopress_robots_index":"yes"},"product_brand":[],"product_cat":[1464,1408,1409,1410],"product_tag":[],"class_list":{"0":"post-18517","1":"product","2":"type-product","3":"status-publish","4":"has-post-thumbnail","6":"product_cat-publications-fr","7":"product_cat-transducteurs-ndt-shm","8":"product_cat-transducteurs-soniques","9":"product_cat-transducteurs-ultrasoniques","11":"first","12":"instock","13":"downloadable","14":"virtual","15":"purchasable","16":"product-type-simple"},"acf":[],"_links":{"self":[{"href":"https:\/\/cedrat-technologies.com\/fr\/wp-json\/wp\/v2\/product\/18517","targetHints":{"allow":["GET"]}}],"collection":[{"href":"https:\/\/cedrat-technologies.com\/fr\/wp-json\/wp\/v2\/product"}],"about":[{"href":"https:\/\/cedrat-technologies.com\/fr\/wp-json\/wp\/v2\/types\/product"}],"replies":[{"embeddable":true,"href":"https:\/\/cedrat-technologies.com\/fr\/wp-json\/wp\/v2\/comments?post=18517"}],"version-history":[{"count":0,"href":"https:\/\/cedrat-technologies.com\/fr\/wp-json\/wp\/v2\/product\/18517\/revisions"}],"wp:featuredmedia":[{"embeddable":true,"href":"https:\/\/cedrat-technologies.com\/fr\/wp-json\/wp\/v2\/media\/15195"}],"wp:attachment":[{"href":"https:\/\/cedrat-technologies.com\/fr\/wp-json\/wp\/v2\/media?parent=18517"}],"wp:term":[{"taxonomy":"product_brand","embeddable":true,"href":"https:\/\/cedrat-technologies.com\/fr\/wp-json\/wp\/v2\/product_brand?post=18517"},{"taxonomy":"product_cat","embeddable":true,"href":"https:\/\/cedrat-technologies.com\/fr\/wp-json\/wp\/v2\/product_cat?post=18517"},{"taxonomy":"product_tag","embeddable":true,"href":"https:\/\/cedrat-technologies.com\/fr\/wp-json\/wp\/v2\/product_tag?post=18517"}],"curies":[{"name":"wp","href":"https:\/\/api.w.org\/{rel}","templated":true}]}}