{"id":18516,"date":"2023-06-19T10:32:09","date_gmt":"2023-06-19T08:32:09","guid":{"rendered":"http:\/\/cedrat-technologies.com\/produit\/identification-des-dommages-structurels\/"},"modified":"2023-07-20T11:20:16","modified_gmt":"2023-07-20T09:20:16","slug":"identification-des-dommages-structurels","status":"publish","type":"product","link":"https:\/\/cedrat-technologies.com\/fr\/produit\/identification-des-dommages-structurels\/","title":{"rendered":"Identification des dommages structurels"},"content":{"rendered":"","protected":false},"excerpt":{"rendered":"<p>Cet article pr\u00e9sente deux approches pour l&rsquo;identification des dommages structurels, chacune bas\u00e9e sur une philosophie diff\u00e9rente. La m\u00e9thode de distorsion virtuelle est une m\u00e9thode de mise \u00e0 jour de mod\u00e8le pour l&rsquo;\u00e9valuation des dommages, qui utilise des techniques d&rsquo;optimisation bas\u00e9es sur le gradient pour r\u00e9soudre le probl\u00e8me dynamique inverse r\u00e9sultant dans le domaine temporel. Le raisonnement bas\u00e9 sur les cas est une m\u00e9thode informatique douce qui utilise la transformation en ondelettes pour le traitement des signaux et les r\u00e9seaux neuronaux pour la formation d&rsquo;une base de cas d&rsquo;endommagement \u00e0 utiliser pour retrouver un cas similaire pertinent.<\/p>\n","protected":false},"featured_media":15192,"comment_status":"closed","ping_status":"open","template":"","meta":{"_acf_changed":false,"_seopress_robots_primary_cat":"none","_seopress_titles_title":"","_seopress_titles_desc":"","_seopress_robots_index":"yes"},"product_brand":[],"product_cat":[1464,1408],"product_tag":[],"class_list":{"0":"post-18516","1":"product","2":"type-product","3":"status-publish","4":"has-post-thumbnail","6":"product_cat-publications-fr","7":"product_cat-transducteurs-ndt-shm","9":"first","10":"instock","11":"downloadable","12":"virtual","13":"purchasable","14":"product-type-simple"},"acf":[],"_links":{"self":[{"href":"https:\/\/cedrat-technologies.com\/fr\/wp-json\/wp\/v2\/product\/18516","targetHints":{"allow":["GET"]}}],"collection":[{"href":"https:\/\/cedrat-technologies.com\/fr\/wp-json\/wp\/v2\/product"}],"about":[{"href":"https:\/\/cedrat-technologies.com\/fr\/wp-json\/wp\/v2\/types\/product"}],"replies":[{"embeddable":true,"href":"https:\/\/cedrat-technologies.com\/fr\/wp-json\/wp\/v2\/comments?post=18516"}],"version-history":[{"count":0,"href":"https:\/\/cedrat-technologies.com\/fr\/wp-json\/wp\/v2\/product\/18516\/revisions"}],"wp:featuredmedia":[{"embeddable":true,"href":"https:\/\/cedrat-technologies.com\/fr\/wp-json\/wp\/v2\/media\/15192"}],"wp:attachment":[{"href":"https:\/\/cedrat-technologies.com\/fr\/wp-json\/wp\/v2\/media?parent=18516"}],"wp:term":[{"taxonomy":"product_brand","embeddable":true,"href":"https:\/\/cedrat-technologies.com\/fr\/wp-json\/wp\/v2\/product_brand?post=18516"},{"taxonomy":"product_cat","embeddable":true,"href":"https:\/\/cedrat-technologies.com\/fr\/wp-json\/wp\/v2\/product_cat?post=18516"},{"taxonomy":"product_tag","embeddable":true,"href":"https:\/\/cedrat-technologies.com\/fr\/wp-json\/wp\/v2\/product_tag?post=18516"}],"curies":[{"name":"wp","href":"https:\/\/api.w.org\/{rel}","templated":true}]}}