{"id":18515,"date":"2023-06-19T10:32:09","date_gmt":"2023-06-19T08:32:09","guid":{"rendered":"http:\/\/cedrat-technologies.com\/produit\/capteurs-a-jauges-de-contrainte-pour-actionneurs-piezo-a-haute-stabilite\/"},"modified":"2023-07-20T11:20:16","modified_gmt":"2023-07-20T09:20:16","slug":"capteurs-a-jauges-de-contrainte-pour-actionneurs-piezo-a-haute-stabilite","status":"publish","type":"product","link":"https:\/\/cedrat-technologies.com\/fr\/produit\/capteurs-a-jauges-de-contrainte-pour-actionneurs-piezo-a-haute-stabilite\/","title":{"rendered":"Capteurs \u00e0 jauges de contrainte pour actionneurs piezo \u00e0 haute stabilit\u00e9"},"content":{"rendered":"","protected":false},"excerpt":{"rendered":"<p>Les applications spatiales, militaires et industrielles n\u00e9cessitent des capteurs de position de pr\u00e9cision afin d&rsquo;effectuer un contr\u00f4le en boucle ferm\u00e9e ou de surveiller l&rsquo;\u00e9tat d&rsquo;un syst\u00e8me. Ces applications sont g\u00e9n\u00e9ralement soumises \u00e0 des contraintes telles qu&rsquo;une large plage thermique, une longue dur\u00e9e de vie, une grande stabilit\u00e9 et un faible encombrement.<\/p>\n","protected":false},"featured_media":15189,"comment_status":"closed","ping_status":"open","template":"","meta":{"_acf_changed":false,"_seopress_robots_primary_cat":"none","_seopress_titles_title":"","_seopress_titles_desc":"","_seopress_robots_index":"yes"},"product_brand":[],"product_cat":[1383,1385,1416,1491,1464],"product_tag":[],"class_list":{"0":"post-18515","1":"product","2":"type-product","3":"status-publish","4":"has-post-thumbnail","6":"product_cat-actionneurs-lineaires","7":"product_cat-actionneurs-piezo-fr","8":"product_cat-capteurs-fr","9":"product_cat-domaine-fr","10":"product_cat-publications-fr","12":"first","13":"instock","14":"downloadable","15":"virtual","16":"purchasable","17":"product-type-simple"},"acf":[],"_links":{"self":[{"href":"https:\/\/cedrat-technologies.com\/fr\/wp-json\/wp\/v2\/product\/18515","targetHints":{"allow":["GET"]}}],"collection":[{"href":"https:\/\/cedrat-technologies.com\/fr\/wp-json\/wp\/v2\/product"}],"about":[{"href":"https:\/\/cedrat-technologies.com\/fr\/wp-json\/wp\/v2\/types\/product"}],"replies":[{"embeddable":true,"href":"https:\/\/cedrat-technologies.com\/fr\/wp-json\/wp\/v2\/comments?post=18515"}],"version-history":[{"count":0,"href":"https:\/\/cedrat-technologies.com\/fr\/wp-json\/wp\/v2\/product\/18515\/revisions"}],"wp:featuredmedia":[{"embeddable":true,"href":"https:\/\/cedrat-technologies.com\/fr\/wp-json\/wp\/v2\/media\/15189"}],"wp:attachment":[{"href":"https:\/\/cedrat-technologies.com\/fr\/wp-json\/wp\/v2\/media?parent=18515"}],"wp:term":[{"taxonomy":"product_brand","embeddable":true,"href":"https:\/\/cedrat-technologies.com\/fr\/wp-json\/wp\/v2\/product_brand?post=18515"},{"taxonomy":"product_cat","embeddable":true,"href":"https:\/\/cedrat-technologies.com\/fr\/wp-json\/wp\/v2\/product_cat?post=18515"},{"taxonomy":"product_tag","embeddable":true,"href":"https:\/\/cedrat-technologies.com\/fr\/wp-json\/wp\/v2\/product_tag?post=18515"}],"curies":[{"name":"wp","href":"https:\/\/api.w.org\/{rel}","templated":true}]}}