{"id":18513,"date":"2012-03-12T00:00:00","date_gmt":"2012-03-11T23:00:00","guid":{"rendered":"http:\/\/cedrat-technologies.com\/produit\/tribometres-spatiaux-conception-pour-des-experiences-exposees-en-orbite\/"},"modified":"2023-07-20T11:22:22","modified_gmt":"2023-07-20T09:22:22","slug":"tribometres-spatiaux-conception-pour-des-experiences-exposees-en-orbite","status":"publish","type":"product","link":"https:\/\/cedrat-technologies.com\/fr\/produit\/tribometres-spatiaux-conception-pour-des-experiences-exposees-en-orbite\/","title":{"rendered":"Tribom\u00e8tres spatiaux : Conception pour des exp\u00e9riences expos\u00e9es en orbite"},"content":{"rendered":"","protected":false},"excerpt":{"rendered":"<p>Huit tribom\u00e8tres pin-on-disk ont \u00e9t\u00e9 fabriqu\u00e9s pour tester les mat\u00e9riaux dans l&rsquo;espace \u00e0 bord de la Station spatiale internationale. Ils seront directement expos\u00e9s \u00e0 l&rsquo;environnement de l&rsquo;orbite terrestre basse (LEO) \u00e0 bord de la plate-forme \u00a0\u00bbMaterials on the International Space Station Experiments\u00a0\u00bb, o\u00f9 ils seront soumis \u00e0 des conditions extr\u00eames, notamment \u00e0 l&rsquo;oxyg\u00e8ne atomique, \u00e0 l&rsquo;ultravide, aux radiations (y compris les radiations UV) et \u00e0 des plages thermiques allant de -40 \u00e0 60 \u00b0C.<\/p>\n","protected":false},"featured_media":15185,"comment_status":"closed","ping_status":"open","template":"","meta":{"_acf_changed":false,"_seopress_robots_primary_cat":"none","_seopress_titles_title":"","_seopress_titles_desc":"","_seopress_robots_index":"yes"},"product_brand":[],"product_cat":[1383,1385,1491,1464],"product_tag":[],"class_list":{"0":"post-18513","1":"product","2":"type-product","3":"status-publish","4":"has-post-thumbnail","6":"product_cat-actionneurs-lineaires","7":"product_cat-actionneurs-piezo-fr","8":"product_cat-domaine-fr","9":"product_cat-publications-fr","11":"first","12":"instock","13":"downloadable","14":"virtual","15":"purchasable","16":"product-type-simple"},"acf":[],"_links":{"self":[{"href":"https:\/\/cedrat-technologies.com\/fr\/wp-json\/wp\/v2\/product\/18513","targetHints":{"allow":["GET"]}}],"collection":[{"href":"https:\/\/cedrat-technologies.com\/fr\/wp-json\/wp\/v2\/product"}],"about":[{"href":"https:\/\/cedrat-technologies.com\/fr\/wp-json\/wp\/v2\/types\/product"}],"replies":[{"embeddable":true,"href":"https:\/\/cedrat-technologies.com\/fr\/wp-json\/wp\/v2\/comments?post=18513"}],"version-history":[{"count":0,"href":"https:\/\/cedrat-technologies.com\/fr\/wp-json\/wp\/v2\/product\/18513\/revisions"}],"wp:featuredmedia":[{"embeddable":true,"href":"https:\/\/cedrat-technologies.com\/fr\/wp-json\/wp\/v2\/media\/15185"}],"wp:attachment":[{"href":"https:\/\/cedrat-technologies.com\/fr\/wp-json\/wp\/v2\/media?parent=18513"}],"wp:term":[{"taxonomy":"product_brand","embeddable":true,"href":"https:\/\/cedrat-technologies.com\/fr\/wp-json\/wp\/v2\/product_brand?post=18513"},{"taxonomy":"product_cat","embeddable":true,"href":"https:\/\/cedrat-technologies.com\/fr\/wp-json\/wp\/v2\/product_cat?post=18513"},{"taxonomy":"product_tag","embeddable":true,"href":"https:\/\/cedrat-technologies.com\/fr\/wp-json\/wp\/v2\/product_tag?post=18513"}],"curies":[{"name":"wp","href":"https:\/\/api.w.org\/{rel}","templated":true}]}}