{"id":18512,"date":"2023-06-19T10:32:09","date_gmt":"2023-06-19T08:32:09","guid":{"rendered":"http:\/\/cedrat-technologies.com\/produit\/actionneur-mobile-a-bobine-vocale-compatible-avec-lespace\/"},"modified":"2023-07-20T11:20:16","modified_gmt":"2023-07-20T09:20:16","slug":"actionneur-mobile-a-bobine-vocale-compatible-avec-lespace","status":"publish","type":"product","link":"https:\/\/cedrat-technologies.com\/fr\/produit\/actionneur-mobile-a-bobine-vocale-compatible-avec-lespace\/","title":{"rendered":"Actionneur mobile \u00e0 bobine vocale compatible avec l&rsquo;espace"},"content":{"rendered":"","protected":false},"excerpt":{"rendered":"<p>Un actionneur \u00e0 bobine mobile pour un positionnement de haute pr\u00e9cision et compatible avec les sp\u00e9cifications de la technologie spatiale a \u00e9t\u00e9 con\u00e7u et test\u00e9 avec succ\u00e8s. Les exigences g\u00e9n\u00e9rales de la technologie spatiale sont l&rsquo;utilisation de mat\u00e9riaux non d\u00e9gazants, l&rsquo;absence de lubrification, une faible constante de temps m\u00e9canique, une faible consommation d&rsquo;\u00e9nergie \u00e9lectrique et l&rsquo;\u00e9vacuation de l&rsquo;\u00e9nergie thermique par des \u00e9changes rayonnants et conducteurs (pas de convection en raison du fonctionnement dans un environnement sous vide). Ces sp\u00e9cifications ont \u00e9t\u00e9 prises en compte dans la conception, la r\u00e9alisation et l&rsquo;essai d&rsquo;un prototype r\u00e9ussi : Gr\u00e2ce \u00e0 une bonne conception des drains thermiques, l&rsquo;actionneur pr\u00e9sente un rapport force\/poids \u00e9lev\u00e9.<\/p>\n","protected":false},"featured_media":15182,"comment_status":"closed","ping_status":"open","template":"","meta":{"_acf_changed":false,"_seopress_robots_primary_cat":"none","_seopress_titles_title":"","_seopress_titles_desc":"","_seopress_robots_index":"yes"},"product_brand":[],"product_cat":[1383,1385,1491,1464],"product_tag":[],"class_list":{"0":"post-18512","1":"product","2":"type-product","3":"status-publish","4":"has-post-thumbnail","6":"product_cat-actionneurs-lineaires","7":"product_cat-actionneurs-piezo-fr","8":"product_cat-domaine-fr","9":"product_cat-publications-fr","11":"first","12":"instock","13":"downloadable","14":"virtual","15":"purchasable","16":"product-type-simple"},"acf":[],"_links":{"self":[{"href":"https:\/\/cedrat-technologies.com\/fr\/wp-json\/wp\/v2\/product\/18512","targetHints":{"allow":["GET"]}}],"collection":[{"href":"https:\/\/cedrat-technologies.com\/fr\/wp-json\/wp\/v2\/product"}],"about":[{"href":"https:\/\/cedrat-technologies.com\/fr\/wp-json\/wp\/v2\/types\/product"}],"replies":[{"embeddable":true,"href":"https:\/\/cedrat-technologies.com\/fr\/wp-json\/wp\/v2\/comments?post=18512"}],"version-history":[{"count":0,"href":"https:\/\/cedrat-technologies.com\/fr\/wp-json\/wp\/v2\/product\/18512\/revisions"}],"wp:featuredmedia":[{"embeddable":true,"href":"https:\/\/cedrat-technologies.com\/fr\/wp-json\/wp\/v2\/media\/15182"}],"wp:attachment":[{"href":"https:\/\/cedrat-technologies.com\/fr\/wp-json\/wp\/v2\/media?parent=18512"}],"wp:term":[{"taxonomy":"product_brand","embeddable":true,"href":"https:\/\/cedrat-technologies.com\/fr\/wp-json\/wp\/v2\/product_brand?post=18512"},{"taxonomy":"product_cat","embeddable":true,"href":"https:\/\/cedrat-technologies.com\/fr\/wp-json\/wp\/v2\/product_cat?post=18512"},{"taxonomy":"product_tag","embeddable":true,"href":"https:\/\/cedrat-technologies.com\/fr\/wp-json\/wp\/v2\/product_tag?post=18512"}],"curies":[{"name":"wp","href":"https:\/\/api.w.org\/{rel}","templated":true}]}}