{"id":18511,"date":"2001-01-03T00:00:00","date_gmt":"2001-01-02T23:00:00","guid":{"rendered":"http:\/\/cedrat-technologies.com\/produit\/transducteurs-de-sons-et-dultrasons\/"},"modified":"2023-07-20T11:22:31","modified_gmt":"2023-07-20T09:22:31","slug":"transducteurs-de-sons-et-dultrasons","status":"publish","type":"product","link":"https:\/\/cedrat-technologies.com\/fr\/produit\/transducteurs-de-sons-et-dultrasons\/","title":{"rendered":"Transducteurs de sons et d&rsquo;ultrasons"},"content":{"rendered":"","protected":false},"excerpt":{"rendered":"<p>Les applications des mat\u00e9riaux actifs dans le domaine des syst\u00e8mes de moteurs et d&rsquo;actionneurs sont en pleine expansion \u00e0 CEDRAT RECHERCHE et leurs caract\u00e9ristiques tr\u00e8s g\u00e9n\u00e9rales (qui ont conduit aux produits piezo) ont justifi\u00e9 les pr\u00e9sentations r\u00e9guli\u00e8res dans le magazine flux jusqu&rsquo;\u00e0 aujourd&rsquo;hui.<\/p>\n","protected":false},"featured_media":15179,"comment_status":"closed","ping_status":"open","template":"","meta":{"_acf_changed":false,"_seopress_robots_primary_cat":"none","_seopress_titles_title":"","_seopress_titles_desc":"","_seopress_robots_index":"yes"},"product_brand":[],"product_cat":[1383,1464,1408],"product_tag":[],"class_list":{"0":"post-18511","1":"product","2":"type-product","3":"status-publish","4":"has-post-thumbnail","6":"product_cat-actionneurs-lineaires","7":"product_cat-publications-fr","8":"product_cat-transducteurs-ndt-shm","10":"first","11":"instock","12":"downloadable","13":"virtual","14":"purchasable","15":"product-type-simple"},"acf":[],"_links":{"self":[{"href":"https:\/\/cedrat-technologies.com\/fr\/wp-json\/wp\/v2\/product\/18511","targetHints":{"allow":["GET"]}}],"collection":[{"href":"https:\/\/cedrat-technologies.com\/fr\/wp-json\/wp\/v2\/product"}],"about":[{"href":"https:\/\/cedrat-technologies.com\/fr\/wp-json\/wp\/v2\/types\/product"}],"replies":[{"embeddable":true,"href":"https:\/\/cedrat-technologies.com\/fr\/wp-json\/wp\/v2\/comments?post=18511"}],"version-history":[{"count":0,"href":"https:\/\/cedrat-technologies.com\/fr\/wp-json\/wp\/v2\/product\/18511\/revisions"}],"wp:featuredmedia":[{"embeddable":true,"href":"https:\/\/cedrat-technologies.com\/fr\/wp-json\/wp\/v2\/media\/15179"}],"wp:attachment":[{"href":"https:\/\/cedrat-technologies.com\/fr\/wp-json\/wp\/v2\/media?parent=18511"}],"wp:term":[{"taxonomy":"product_brand","embeddable":true,"href":"https:\/\/cedrat-technologies.com\/fr\/wp-json\/wp\/v2\/product_brand?post=18511"},{"taxonomy":"product_cat","embeddable":true,"href":"https:\/\/cedrat-technologies.com\/fr\/wp-json\/wp\/v2\/product_cat?post=18511"},{"taxonomy":"product_tag","embeddable":true,"href":"https:\/\/cedrat-technologies.com\/fr\/wp-json\/wp\/v2\/product_tag?post=18511"}],"curies":[{"name":"wp","href":"https:\/\/api.w.org\/{rel}","templated":true}]}}