{"id":18510,"date":"2003-01-04T00:00:00","date_gmt":"2003-01-03T23:00:00","guid":{"rendered":"http:\/\/cedrat-technologies.com\/produit\/actionneurs-intelligents-pour-les-applications-aeronautiques\/"},"modified":"2023-07-20T11:22:27","modified_gmt":"2023-07-20T09:22:27","slug":"actionneurs-intelligents-pour-les-applications-aeronautiques","status":"publish","type":"product","link":"https:\/\/cedrat-technologies.com\/fr\/produit\/actionneurs-intelligents-pour-les-applications-aeronautiques\/","title":{"rendered":"Actionneurs intelligents pour les applications a\u00e9ronautiques"},"content":{"rendered":"","protected":false},"excerpt":{"rendered":"<p>Les actionneurs intelligents et les structures intelligentes suscitent un int\u00e9r\u00eat consid\u00e9rable dans les domaines de l&rsquo;air et de l&rsquo;espace, afin de r\u00e9aliser de nouvelles fonctions ou des fonctions plus efficaces que les structures passives. Dans ces domaines, il existe des besoins pour des moyens d&rsquo;actionnement offrant une haute densit\u00e9 d&rsquo;\u00e9nergie m\u00e9canique (produit de la course et de la force divis\u00e9 par la masse), une faible consommation d&rsquo;\u00e9nergie, une r\u00e9sistance aux environnements s\u00e9v\u00e8res (tels que les vibrations) ainsi que d&rsquo;autres besoins au cas par cas : haute r\u00e9solution (optique active embarqu\u00e9e pour les cam\u00e9ras et les t\u00e9lescopes), r\u00e9ponse rapide (contr\u00f4le actif de la forme des structures, amortissement actif des vibrations)&#8230;<\/p>\n","protected":false},"featured_media":15176,"comment_status":"closed","ping_status":"open","template":"","meta":{"_acf_changed":false,"_seopress_robots_primary_cat":"none","_seopress_titles_title":"","_seopress_titles_desc":"","_seopress_robots_index":"yes"},"product_brand":[],"product_cat":[1383,1385,1493,1491,1411,1464],"product_tag":[],"class_list":{"0":"post-18510","1":"product","2":"type-product","3":"status-publish","4":"has-post-thumbnail","6":"product_cat-actionneurs-lineaires","7":"product_cat-actionneurs-piezo-fr","8":"product_cat-defense-fr","9":"product_cat-domaine-fr","10":"product_cat-materiaux-essais","11":"product_cat-publications-fr","13":"first","14":"instock","15":"downloadable","16":"virtual","17":"purchasable","18":"product-type-simple"},"acf":[],"_links":{"self":[{"href":"https:\/\/cedrat-technologies.com\/fr\/wp-json\/wp\/v2\/product\/18510","targetHints":{"allow":["GET"]}}],"collection":[{"href":"https:\/\/cedrat-technologies.com\/fr\/wp-json\/wp\/v2\/product"}],"about":[{"href":"https:\/\/cedrat-technologies.com\/fr\/wp-json\/wp\/v2\/types\/product"}],"replies":[{"embeddable":true,"href":"https:\/\/cedrat-technologies.com\/fr\/wp-json\/wp\/v2\/comments?post=18510"}],"version-history":[{"count":0,"href":"https:\/\/cedrat-technologies.com\/fr\/wp-json\/wp\/v2\/product\/18510\/revisions"}],"wp:featuredmedia":[{"embeddable":true,"href":"https:\/\/cedrat-technologies.com\/fr\/wp-json\/wp\/v2\/media\/15176"}],"wp:attachment":[{"href":"https:\/\/cedrat-technologies.com\/fr\/wp-json\/wp\/v2\/media?parent=18510"}],"wp:term":[{"taxonomy":"product_brand","embeddable":true,"href":"https:\/\/cedrat-technologies.com\/fr\/wp-json\/wp\/v2\/product_brand?post=18510"},{"taxonomy":"product_cat","embeddable":true,"href":"https:\/\/cedrat-technologies.com\/fr\/wp-json\/wp\/v2\/product_cat?post=18510"},{"taxonomy":"product_tag","embeddable":true,"href":"https:\/\/cedrat-technologies.com\/fr\/wp-json\/wp\/v2\/product_tag?post=18510"}],"curies":[{"name":"wp","href":"https:\/\/api.w.org\/{rel}","templated":true}]}}