{"id":18509,"date":"2023-06-19T10:32:09","date_gmt":"2023-06-19T08:32:09","guid":{"rendered":"http:\/\/cedrat-technologies.com\/produit\/systeme-piezo-integre-au-ski\/"},"modified":"2023-07-20T11:20:16","modified_gmt":"2023-07-20T09:20:16","slug":"systeme-piezo-integre-au-ski","status":"publish","type":"product","link":"https:\/\/cedrat-technologies.com\/fr\/produit\/systeme-piezo-integre-au-ski\/","title":{"rendered":"Syst\u00e8me pi\u00e9zo int\u00e9gr\u00e9 au ski"},"content":{"rendered":"","protected":false},"excerpt":{"rendered":"<p>Depuis de nombreuses ann\u00e9es, le domaine du contr\u00f4le actif des vibrations s&rsquo;est d\u00e9velopp\u00e9 et de nombreuses nouvelles applications utilisant des actionneurs intelligents ont vu le jour. En 2003, CEDRAT TECHNOLOGIES en collaboration avec SKI ROSSIGNOL a initi\u00e9 un projet soutenu par l&rsquo;ESA o\u00f9 ces concepts (mat\u00e9riaux intelligents et contr\u00f4le actif des vibrations) ont \u00e9t\u00e9 adapt\u00e9s et appliqu\u00e9s \u00e0 une structure de ski. L&rsquo;objectif du projet \u00e9tait d&rsquo;amortir les grands modes de vibrations tout en conservant la robustesse du contr\u00f4le et les charges statiques pendant la descente du ski.<\/p>\n","protected":false},"featured_media":15173,"comment_status":"closed","ping_status":"open","template":"","meta":{"_acf_changed":false,"_seopress_robots_primary_cat":"none","_seopress_titles_title":"","_seopress_titles_desc":"","_seopress_robots_index":"yes"},"product_brand":[],"product_cat":[1383,1385,1413,1464],"product_tag":[],"class_list":{"0":"post-18509","1":"product","2":"type-product","3":"status-publish","4":"has-post-thumbnail","6":"product_cat-actionneurs-lineaires","7":"product_cat-actionneurs-piezo-fr","8":"product_cat-controle-actif-de-vibration","9":"product_cat-publications-fr","11":"first","12":"instock","13":"downloadable","14":"virtual","15":"purchasable","16":"product-type-simple"},"acf":[],"_links":{"self":[{"href":"https:\/\/cedrat-technologies.com\/fr\/wp-json\/wp\/v2\/product\/18509","targetHints":{"allow":["GET"]}}],"collection":[{"href":"https:\/\/cedrat-technologies.com\/fr\/wp-json\/wp\/v2\/product"}],"about":[{"href":"https:\/\/cedrat-technologies.com\/fr\/wp-json\/wp\/v2\/types\/product"}],"replies":[{"embeddable":true,"href":"https:\/\/cedrat-technologies.com\/fr\/wp-json\/wp\/v2\/comments?post=18509"}],"version-history":[{"count":0,"href":"https:\/\/cedrat-technologies.com\/fr\/wp-json\/wp\/v2\/product\/18509\/revisions"}],"wp:featuredmedia":[{"embeddable":true,"href":"https:\/\/cedrat-technologies.com\/fr\/wp-json\/wp\/v2\/media\/15173"}],"wp:attachment":[{"href":"https:\/\/cedrat-technologies.com\/fr\/wp-json\/wp\/v2\/media?parent=18509"}],"wp:term":[{"taxonomy":"product_brand","embeddable":true,"href":"https:\/\/cedrat-technologies.com\/fr\/wp-json\/wp\/v2\/product_brand?post=18509"},{"taxonomy":"product_cat","embeddable":true,"href":"https:\/\/cedrat-technologies.com\/fr\/wp-json\/wp\/v2\/product_cat?post=18509"},{"taxonomy":"product_tag","embeddable":true,"href":"https:\/\/cedrat-technologies.com\/fr\/wp-json\/wp\/v2\/product_tag?post=18509"}],"curies":[{"name":"wp","href":"https:\/\/api.w.org\/{rel}","templated":true}]}}