{"id":18508,"date":"2023-06-19T10:32:09","date_gmt":"2023-06-19T08:32:09","guid":{"rendered":"http:\/\/cedrat-technologies.com\/produit\/outil-servo-piezo-spt400mml-pour-lusinage-rapide-et-precis-de-formes-libres\/"},"modified":"2023-07-20T11:20:15","modified_gmt":"2023-07-20T09:20:15","slug":"outil-servo-piezo-spt400mml-pour-lusinage-rapide-et-precis-de-formes-libres","status":"publish","type":"product","link":"https:\/\/cedrat-technologies.com\/fr\/produit\/outil-servo-piezo-spt400mml-pour-lusinage-rapide-et-precis-de-formes-libres\/","title":{"rendered":"Outil servo pi\u00e9zo SPT400MML pour l&rsquo;usinage rapide et pr\u00e9cis de formes libres"},"content":{"rendered":"","protected":false},"excerpt":{"rendered":"<p>Les exigences r\u00e9centes en mati\u00e8re de pr\u00e9cision et de r\u00e9solution requi\u00e8rent une qualit\u00e9 sup\u00e9rieure dans l&rsquo;usinage de pi\u00e8ces de pr\u00e9cision dans de nombreuses industries, telles que l&rsquo;optique, l&rsquo;automobile et l&rsquo;a\u00e9rospatiale, gr\u00e2ce \u00e0 l&rsquo;usinage de formes libres. Les op\u00e9rations requises sont possibles en utilisant des \u00e9quipements de fabrication co\u00fbteux en parall\u00e8le avec plusieurs processus tels que la rectification et le polissage. En utilisant un nouvel outil servo rapide, l&rsquo;outil servo piezo SPT400MML, entra\u00een\u00e9 par un actionneur pi\u00e9zo\u00e9lectrique pour le tournage diamant de pr\u00e9cision de surfaces non sym\u00e9triques, les composants peuvent \u00eatre usin\u00e9s avec un contr\u00f4le de mouvement rapide de l&rsquo;outil (diamant ou carbure).<\/p>\n","protected":false},"featured_media":15170,"comment_status":"closed","ping_status":"open","template":"","meta":{"_acf_changed":false,"_seopress_robots_primary_cat":"none","_seopress_titles_title":"","_seopress_titles_desc":"","_seopress_robots_index":"yes"},"product_brand":[],"product_cat":[1383,1385,1491,1390,1406,1404,1497,1464,1403],"product_tag":[],"class_list":{"0":"post-18508","1":"product","2":"type-product","3":"status-publish","4":"has-post-thumbnail","6":"product_cat-actionneurs-lineaires","7":"product_cat-actionneurs-piezo-fr","8":"product_cat-domaine-fr","9":"product_cat-mecanismes","10":"product_cat-micropositionnement","11":"product_cat-pilotage-controle","12":"product_cat-productique-machine-outil-fr","13":"product_cat-publications-fr","14":"product_cat-systemes-mecatroniques","16":"first","17":"instock","18":"downloadable","19":"virtual","20":"purchasable","21":"product-type-simple"},"acf":[],"_links":{"self":[{"href":"https:\/\/cedrat-technologies.com\/fr\/wp-json\/wp\/v2\/product\/18508","targetHints":{"allow":["GET"]}}],"collection":[{"href":"https:\/\/cedrat-technologies.com\/fr\/wp-json\/wp\/v2\/product"}],"about":[{"href":"https:\/\/cedrat-technologies.com\/fr\/wp-json\/wp\/v2\/types\/product"}],"replies":[{"embeddable":true,"href":"https:\/\/cedrat-technologies.com\/fr\/wp-json\/wp\/v2\/comments?post=18508"}],"version-history":[{"count":0,"href":"https:\/\/cedrat-technologies.com\/fr\/wp-json\/wp\/v2\/product\/18508\/revisions"}],"wp:featuredmedia":[{"embeddable":true,"href":"https:\/\/cedrat-technologies.com\/fr\/wp-json\/wp\/v2\/media\/15170"}],"wp:attachment":[{"href":"https:\/\/cedrat-technologies.com\/fr\/wp-json\/wp\/v2\/media?parent=18508"}],"wp:term":[{"taxonomy":"product_brand","embeddable":true,"href":"https:\/\/cedrat-technologies.com\/fr\/wp-json\/wp\/v2\/product_brand?post=18508"},{"taxonomy":"product_cat","embeddable":true,"href":"https:\/\/cedrat-technologies.com\/fr\/wp-json\/wp\/v2\/product_cat?post=18508"},{"taxonomy":"product_tag","embeddable":true,"href":"https:\/\/cedrat-technologies.com\/fr\/wp-json\/wp\/v2\/product_tag?post=18508"}],"curies":[{"name":"wp","href":"https:\/\/api.w.org\/{rel}","templated":true}]}}