{"id":18506,"date":"2023-06-19T10:32:09","date_gmt":"2023-06-19T08:32:09","guid":{"rendered":"http:\/\/cedrat-technologies.com\/produit\/amortisseur-semi-actif-a-masse-accordee-a-reglage-automatique-pour-la-suppression-du-broutage-des-machines-outils\/"},"modified":"2023-07-20T11:20:17","modified_gmt":"2023-07-20T09:20:17","slug":"amortisseur-semi-actif-a-masse-accordee-a-reglage-automatique-pour-la-suppression-du-broutage-des-machines-outils","status":"publish","type":"product","link":"https:\/\/cedrat-technologies.com\/fr\/produit\/amortisseur-semi-actif-a-masse-accordee-a-reglage-automatique-pour-la-suppression-du-broutage-des-machines-outils\/","title":{"rendered":"Amortisseur semi-actif \u00e0 masse accord\u00e9e \u00e0 r\u00e9glage automatique pour la suppression du broutage des machines-outils"},"content":{"rendered":"","protected":false},"excerpt":{"rendered":"<p>Les amortisseurs \u00e0 masse r\u00e9gl\u00e9e sont des dispositifs simples et efficaces pour supprimer le broutage des machines-outils, qui est l&rsquo;un des principaux effets limitant la productivit\u00e9 dans de nombreux processus d&rsquo;usinage. Toutefois, leur efficacit\u00e9 d\u00e9pend de l&rsquo;adaptation de la dynamique de l&rsquo;amortisseur \u00e0 celle de la machine. Cela implique la caract\u00e9risation dynamique du processus d&rsquo;usinage, afin d&rsquo;identifier la fr\u00e9quence de r\u00e9sonance critique, et la possibilit\u00e9 d&rsquo;adapter la fr\u00e9quence de r\u00e9sonance de l&rsquo;amortisseur \u00e0 la fr\u00e9quence. La difficult\u00e9 de r\u00e9pondre \u00e0 ces deux exigences a limit\u00e9 l&rsquo;utilisation des amortisseurs \u00e0 masse accord\u00e9e dans les applications industrielles.<\/p>\n","protected":false},"featured_media":15164,"comment_status":"closed","ping_status":"open","template":"","meta":{"_acf_changed":false,"_seopress_robots_primary_cat":"none","_seopress_titles_title":"","_seopress_titles_desc":"","_seopress_robots_index":"yes"},"product_brand":[],"product_cat":[1414,1413,1491,1406,1497,1464,1403],"product_tag":[],"class_list":{"0":"post-18506","1":"product","2":"type-product","3":"status-publish","4":"has-post-thumbnail","6":"product_cat-amortisseur-a-masse-depreuve","7":"product_cat-controle-actif-de-vibration","8":"product_cat-domaine-fr","9":"product_cat-micropositionnement","10":"product_cat-productique-machine-outil-fr","11":"product_cat-publications-fr","12":"product_cat-systemes-mecatroniques","14":"first","15":"instock","16":"downloadable","17":"virtual","18":"purchasable","19":"product-type-simple"},"acf":[],"_links":{"self":[{"href":"https:\/\/cedrat-technologies.com\/fr\/wp-json\/wp\/v2\/product\/18506","targetHints":{"allow":["GET"]}}],"collection":[{"href":"https:\/\/cedrat-technologies.com\/fr\/wp-json\/wp\/v2\/product"}],"about":[{"href":"https:\/\/cedrat-technologies.com\/fr\/wp-json\/wp\/v2\/types\/product"}],"replies":[{"embeddable":true,"href":"https:\/\/cedrat-technologies.com\/fr\/wp-json\/wp\/v2\/comments?post=18506"}],"version-history":[{"count":0,"href":"https:\/\/cedrat-technologies.com\/fr\/wp-json\/wp\/v2\/product\/18506\/revisions"}],"wp:featuredmedia":[{"embeddable":true,"href":"https:\/\/cedrat-technologies.com\/fr\/wp-json\/wp\/v2\/media\/15164"}],"wp:attachment":[{"href":"https:\/\/cedrat-technologies.com\/fr\/wp-json\/wp\/v2\/media?parent=18506"}],"wp:term":[{"taxonomy":"product_brand","embeddable":true,"href":"https:\/\/cedrat-technologies.com\/fr\/wp-json\/wp\/v2\/product_brand?post=18506"},{"taxonomy":"product_cat","embeddable":true,"href":"https:\/\/cedrat-technologies.com\/fr\/wp-json\/wp\/v2\/product_cat?post=18506"},{"taxonomy":"product_tag","embeddable":true,"href":"https:\/\/cedrat-technologies.com\/fr\/wp-json\/wp\/v2\/product_tag?post=18506"}],"curies":[{"name":"wp","href":"https:\/\/api.w.org\/{rel}","templated":true}]}}