{"id":18505,"date":"2008-01-06T00:00:00","date_gmt":"2008-01-05T23:00:00","guid":{"rendered":"http:\/\/cedrat-technologies.com\/produit\/actionneurs-mrf-autobloquants-pour-amortisseurs-et-verrous\/"},"modified":"2023-07-20T11:22:26","modified_gmt":"2023-07-20T09:22:26","slug":"actionneurs-mrf-autobloquants-pour-amortisseurs-et-verrous","status":"publish","type":"product","link":"https:\/\/cedrat-technologies.com\/fr\/produit\/actionneurs-mrf-autobloquants-pour-amortisseurs-et-verrous\/","title":{"rendered":"Actionneurs MRF autobloquants pour amortisseurs et verrous"},"content":{"rendered":"","protected":false},"excerpt":{"rendered":"<p>Les actionneurs MRF sont de nouveaux composants \u00e9lectrom\u00e9caniques utilisant des fluides magn\u00e9torh\u00e9ologiques (MRF). Lorsqu&rsquo;ils sont soumis \u00e0 un champ magn\u00e9tique suffisamment \u00e9lev\u00e9, les MRF passent d&rsquo;un \u00e9tat liquide \u00e0 un \u00e9tat quasi solide. Ces nouveaux actionneurs MRF ont \u00e9t\u00e9 d\u00e9velopp\u00e9s pour atteindre trois objectifs : offrir une force de blocage au repos qui peut \u00eatre fortement r\u00e9duite par l&rsquo;application d&rsquo;un courant, fournir une force r\u00e9sistive contr\u00f4lable \u00e9lectriquement sur une course de 30 mm, effectuer le contr\u00f4le de la force en un temps tr\u00e8s court, typiquement en quelques millisecondes.<\/p>\n","protected":false},"featured_media":14890,"comment_status":"closed","ping_status":"open","template":"","meta":{"_acf_changed":false,"_seopress_robots_primary_cat":"none","_seopress_titles_title":"","_seopress_titles_desc":"","_seopress_robots_index":"yes"},"product_brand":[],"product_cat":[1383,1388,1413,1406,1464,1403],"product_tag":[],"class_list":{"0":"post-18505","1":"product","2":"type-product","3":"status-publish","4":"has-post-thumbnail","6":"product_cat-actionneurs-lineaires","7":"product_cat-actionneurs-mrf","8":"product_cat-controle-actif-de-vibration","9":"product_cat-micropositionnement","10":"product_cat-publications-fr","11":"product_cat-systemes-mecatroniques","13":"first","14":"instock","15":"downloadable","16":"virtual","17":"purchasable","18":"product-type-simple"},"acf":[],"_links":{"self":[{"href":"https:\/\/cedrat-technologies.com\/fr\/wp-json\/wp\/v2\/product\/18505","targetHints":{"allow":["GET"]}}],"collection":[{"href":"https:\/\/cedrat-technologies.com\/fr\/wp-json\/wp\/v2\/product"}],"about":[{"href":"https:\/\/cedrat-technologies.com\/fr\/wp-json\/wp\/v2\/types\/product"}],"replies":[{"embeddable":true,"href":"https:\/\/cedrat-technologies.com\/fr\/wp-json\/wp\/v2\/comments?post=18505"}],"version-history":[{"count":0,"href":"https:\/\/cedrat-technologies.com\/fr\/wp-json\/wp\/v2\/product\/18505\/revisions"}],"wp:featuredmedia":[{"embeddable":true,"href":"https:\/\/cedrat-technologies.com\/fr\/wp-json\/wp\/v2\/media\/14890"}],"wp:attachment":[{"href":"https:\/\/cedrat-technologies.com\/fr\/wp-json\/wp\/v2\/media?parent=18505"}],"wp:term":[{"taxonomy":"product_brand","embeddable":true,"href":"https:\/\/cedrat-technologies.com\/fr\/wp-json\/wp\/v2\/product_brand?post=18505"},{"taxonomy":"product_cat","embeddable":true,"href":"https:\/\/cedrat-technologies.com\/fr\/wp-json\/wp\/v2\/product_cat?post=18505"},{"taxonomy":"product_tag","embeddable":true,"href":"https:\/\/cedrat-technologies.com\/fr\/wp-json\/wp\/v2\/product_tag?post=18505"}],"curies":[{"name":"wp","href":"https:\/\/api.w.org\/{rel}","templated":true}]}}