{"id":18504,"date":"2023-06-19T10:32:09","date_gmt":"2023-06-19T08:32:09","guid":{"rendered":"http:\/\/cedrat-technologies.com\/produit\/miroirs-bimorphes-segmentes-pour-loptique-adaptative-conception-de-segments-et-experience\/"},"modified":"2023-07-20T11:20:17","modified_gmt":"2023-07-20T09:20:17","slug":"miroirs-bimorphes-segmentes-pour-loptique-adaptative-conception-de-segments-et-experience","status":"publish","type":"product","link":"https:\/\/cedrat-technologies.com\/fr\/produit\/miroirs-bimorphes-segmentes-pour-loptique-adaptative-conception-de-segments-et-experience\/","title":{"rendered":"Miroirs bimorphes segment\u00e9s pour l&rsquo;optique adaptative : conception de segments et exp\u00e9rience"},"content":{"rendered":"","protected":false},"excerpt":{"rendered":"<p>Cet article traite d&rsquo;un concept de miroir bimorphe segment\u00e9 l\u00e9ger pour l&rsquo;optique adaptative. Le segment est constitu\u00e9 d&rsquo;un substrat de silicium monocristallin actionn\u00e9 par un r\u00e9seau d&rsquo;actionneurs pi\u00e9zoc\u00e9ramiques (PZT) dans le plan avec des \u00e9lectrodes en nid d&rsquo;abeille. L&rsquo;article se concentre sur les aspects technologiques de la conception du segment qui sont essentiels pour les applications spatiales et d\u00e9crit un d\u00e9monstrateur de segment unique. La capacit\u00e9 de morphing du segment est \u00e9valu\u00e9e exp\u00e9rimentalement. L&rsquo;article traite \u00e9galement des d\u00e9formations locales (fossettes) associ\u00e9es \u00e0 la forme des \u00e9lectrodes agissant sur le r\u00e9seau PZT.<\/p>\n","protected":false},"featured_media":15160,"comment_status":"closed","ping_status":"open","template":"","meta":{"_acf_changed":false,"_seopress_robots_primary_cat":"none","_seopress_titles_title":"","_seopress_titles_desc":"","_seopress_robots_index":"yes"},"product_brand":[],"product_cat":[1383,1385,1491,1464],"product_tag":[],"class_list":{"0":"post-18504","1":"product","2":"type-product","3":"status-publish","4":"has-post-thumbnail","6":"product_cat-actionneurs-lineaires","7":"product_cat-actionneurs-piezo-fr","8":"product_cat-domaine-fr","9":"product_cat-publications-fr","11":"first","12":"instock","13":"downloadable","14":"virtual","15":"purchasable","16":"product-type-simple"},"acf":[],"_links":{"self":[{"href":"https:\/\/cedrat-technologies.com\/fr\/wp-json\/wp\/v2\/product\/18504","targetHints":{"allow":["GET"]}}],"collection":[{"href":"https:\/\/cedrat-technologies.com\/fr\/wp-json\/wp\/v2\/product"}],"about":[{"href":"https:\/\/cedrat-technologies.com\/fr\/wp-json\/wp\/v2\/types\/product"}],"replies":[{"embeddable":true,"href":"https:\/\/cedrat-technologies.com\/fr\/wp-json\/wp\/v2\/comments?post=18504"}],"version-history":[{"count":0,"href":"https:\/\/cedrat-technologies.com\/fr\/wp-json\/wp\/v2\/product\/18504\/revisions"}],"wp:featuredmedia":[{"embeddable":true,"href":"https:\/\/cedrat-technologies.com\/fr\/wp-json\/wp\/v2\/media\/15160"}],"wp:attachment":[{"href":"https:\/\/cedrat-technologies.com\/fr\/wp-json\/wp\/v2\/media?parent=18504"}],"wp:term":[{"taxonomy":"product_brand","embeddable":true,"href":"https:\/\/cedrat-technologies.com\/fr\/wp-json\/wp\/v2\/product_brand?post=18504"},{"taxonomy":"product_cat","embeddable":true,"href":"https:\/\/cedrat-technologies.com\/fr\/wp-json\/wp\/v2\/product_cat?post=18504"},{"taxonomy":"product_tag","embeddable":true,"href":"https:\/\/cedrat-technologies.com\/fr\/wp-json\/wp\/v2\/product_tag?post=18504"}],"curies":[{"name":"wp","href":"https:\/\/api.w.org\/{rel}","templated":true}]}}