{"id":18503,"date":"2023-06-19T10:32:09","date_gmt":"2023-06-19T08:32:09","guid":{"rendered":"http:\/\/cedrat-technologies.com\/produit\/mecanismes-piezoelectriques-a-balayage-rosetta-modele-de-vol\/"},"modified":"2023-07-20T11:20:17","modified_gmt":"2023-07-20T09:20:17","slug":"mecanismes-piezoelectriques-a-balayage-rosetta-modele-de-vol","status":"publish","type":"product","link":"https:\/\/cedrat-technologies.com\/fr\/produit\/mecanismes-piezoelectriques-a-balayage-rosetta-modele-de-vol\/","title":{"rendered":"M\u00e9canismes pi\u00e9zo\u00e9lectriques \u00e0 balayage Rosetta mod\u00e8le de vol"},"content":{"rendered":"","protected":false},"excerpt":{"rendered":"<p>L&rsquo;instrument MIDAS (Micro Imaging Dust Analysis System), d\u00e9velopp\u00e9 conjointement par l&rsquo;IWF Graz (AT) et la Solar Space Division de l&rsquo;ESA\/ESTEC (NL), sera embarqu\u00e9 sur ROSETTA et analysera la poussi\u00e8re de la com\u00e8te 46P\/Wirtanen \u00e0 l&rsquo;aide d&rsquo;un microscope \u00e0 force atomique (AFM).<\/p>\n","protected":false},"featured_media":14848,"comment_status":"closed","ping_status":"open","template":"","meta":{"_acf_changed":false,"_seopress_robots_primary_cat":"none","_seopress_titles_title":"","_seopress_titles_desc":"","_seopress_robots_index":"yes"},"product_brand":[],"product_cat":[1491,1390,1393,1464],"product_tag":[],"class_list":{"0":"post-18503","1":"product","2":"type-product","3":"status-publish","4":"has-post-thumbnail","6":"product_cat-domaine-fr","7":"product_cat-mecanismes","8":"product_cat-platines-xy","9":"product_cat-publications-fr","11":"first","12":"instock","13":"downloadable","14":"virtual","15":"purchasable","16":"product-type-simple"},"acf":[],"_links":{"self":[{"href":"https:\/\/cedrat-technologies.com\/fr\/wp-json\/wp\/v2\/product\/18503","targetHints":{"allow":["GET"]}}],"collection":[{"href":"https:\/\/cedrat-technologies.com\/fr\/wp-json\/wp\/v2\/product"}],"about":[{"href":"https:\/\/cedrat-technologies.com\/fr\/wp-json\/wp\/v2\/types\/product"}],"replies":[{"embeddable":true,"href":"https:\/\/cedrat-technologies.com\/fr\/wp-json\/wp\/v2\/comments?post=18503"}],"version-history":[{"count":0,"href":"https:\/\/cedrat-technologies.com\/fr\/wp-json\/wp\/v2\/product\/18503\/revisions"}],"wp:featuredmedia":[{"embeddable":true,"href":"https:\/\/cedrat-technologies.com\/fr\/wp-json\/wp\/v2\/media\/14848"}],"wp:attachment":[{"href":"https:\/\/cedrat-technologies.com\/fr\/wp-json\/wp\/v2\/media?parent=18503"}],"wp:term":[{"taxonomy":"product_brand","embeddable":true,"href":"https:\/\/cedrat-technologies.com\/fr\/wp-json\/wp\/v2\/product_brand?post=18503"},{"taxonomy":"product_cat","embeddable":true,"href":"https:\/\/cedrat-technologies.com\/fr\/wp-json\/wp\/v2\/product_cat?post=18503"},{"taxonomy":"product_tag","embeddable":true,"href":"https:\/\/cedrat-technologies.com\/fr\/wp-json\/wp\/v2\/product_tag?post=18503"}],"curies":[{"name":"wp","href":"https:\/\/api.w.org\/{rel}","templated":true}]}}