{"id":18502,"date":"2023-06-19T10:32:09","date_gmt":"2023-06-19T08:32:09","guid":{"rendered":"http:\/\/cedrat-technologies.com\/produit\/actionneur-lineaire-sans-rotation\/"},"modified":"2023-07-20T11:20:18","modified_gmt":"2023-07-20T09:20:18","slug":"actionneur-lineaire-sans-rotation","status":"publish","type":"product","link":"https:\/\/cedrat-technologies.com\/fr\/produit\/actionneur-lineaire-sans-rotation\/","title":{"rendered":"Actionneur lin\u00e9aire sans rotation"},"content":{"rendered":"","protected":false},"excerpt":{"rendered":"<p>Cet article pr\u00e9sente le d\u00e9veloppement d&rsquo;un actionneur lin\u00e9aire sans rotation : L&rsquo;utilisation d&rsquo;un actionneur hautement dynamique dans le cadre rotatif, tel qu&rsquo;un actionneur pi\u00e9zo\u00e9l\u00e9ctrique, a n\u00e9cessit\u00e9 des dispositifs d\u00e9di\u00e9s pour transmettre l&rsquo;\u00e9nergie \u00e9lectrique du cadre statique au cadre rotatif. Les bagues collectrices et les transformateurs rotatifs peuvent assurer cette fonction. Cependant, l&rsquo;int\u00e9gration de ces composants n\u00e9cessite des op\u00e9rations invasives.<\/p>\n","protected":false},"featured_media":15156,"comment_status":"closed","ping_status":"open","template":"","meta":{"_acf_changed":false,"_seopress_robots_primary_cat":"none","_seopress_titles_title":"","_seopress_titles_desc":"","_seopress_robots_index":"yes"},"product_brand":[],"product_cat":[1383,1491,1497,1464],"product_tag":[],"class_list":{"0":"post-18502","1":"product","2":"type-product","3":"status-publish","4":"has-post-thumbnail","6":"product_cat-actionneurs-lineaires","7":"product_cat-domaine-fr","8":"product_cat-productique-machine-outil-fr","9":"product_cat-publications-fr","11":"first","12":"instock","13":"downloadable","14":"virtual","15":"purchasable","16":"product-type-simple"},"acf":[],"_links":{"self":[{"href":"https:\/\/cedrat-technologies.com\/fr\/wp-json\/wp\/v2\/product\/18502","targetHints":{"allow":["GET"]}}],"collection":[{"href":"https:\/\/cedrat-technologies.com\/fr\/wp-json\/wp\/v2\/product"}],"about":[{"href":"https:\/\/cedrat-technologies.com\/fr\/wp-json\/wp\/v2\/types\/product"}],"replies":[{"embeddable":true,"href":"https:\/\/cedrat-technologies.com\/fr\/wp-json\/wp\/v2\/comments?post=18502"}],"version-history":[{"count":0,"href":"https:\/\/cedrat-technologies.com\/fr\/wp-json\/wp\/v2\/product\/18502\/revisions"}],"wp:featuredmedia":[{"embeddable":true,"href":"https:\/\/cedrat-technologies.com\/fr\/wp-json\/wp\/v2\/media\/15156"}],"wp:attachment":[{"href":"https:\/\/cedrat-technologies.com\/fr\/wp-json\/wp\/v2\/media?parent=18502"}],"wp:term":[{"taxonomy":"product_brand","embeddable":true,"href":"https:\/\/cedrat-technologies.com\/fr\/wp-json\/wp\/v2\/product_brand?post=18502"},{"taxonomy":"product_cat","embeddable":true,"href":"https:\/\/cedrat-technologies.com\/fr\/wp-json\/wp\/v2\/product_cat?post=18502"},{"taxonomy":"product_tag","embeddable":true,"href":"https:\/\/cedrat-technologies.com\/fr\/wp-json\/wp\/v2\/product_tag?post=18502"}],"curies":[{"name":"wp","href":"https:\/\/api.w.org\/{rel}","templated":true}]}}