{"id":18501,"date":"2023-06-19T10:32:09","date_gmt":"2023-06-19T08:32:09","guid":{"rendered":"http:\/\/cedrat-technologies.com\/produit\/piezomoteur-rotatif-pas-a-pas-pour-le-nanopositionnement-et-les-applications-spatiales\/"},"modified":"2023-07-20T11:20:18","modified_gmt":"2023-07-20T09:20:18","slug":"piezomoteur-rotatif-pas-a-pas-pour-le-nanopositionnement-et-les-applications-spatiales","status":"publish","type":"product","link":"https:\/\/cedrat-technologies.com\/fr\/produit\/piezomoteur-rotatif-pas-a-pas-pour-le-nanopositionnement-et-les-applications-spatiales\/","title":{"rendered":"Pi\u00e9zomoteur rotatif pas \u00e0 pas pour le nanopositionnement et les applications spatiales"},"content":{"rendered":"","protected":false},"excerpt":{"rendered":"<p>Les pi\u00e9zomoteurs sont bien connus dans diverses applications o\u00f9 un actionnement de haute pr\u00e9cision est n\u00e9cessaire, comme l&rsquo;AFM ou l&rsquo;\u00e9quipement de manutention pour la production de semi-conducteurs. Leurs caract\u00e9ristiques sp\u00e9cifiques de faible vitesse en entra\u00eenement direct et de couple \u00e9lev\u00e9, combin\u00e9es \u00e0 un couple de maintien \u00e9lev\u00e9 hors tension, les rendent tr\u00e8s attrayants pour toute application de positionnement, en particulier pour les m\u00e9canismes spatiaux o\u00f9 une faible consommation d&rsquo;\u00e9lectricit\u00e9 est toujours recherch\u00e9e. Un nouveau concept de pi\u00e9zomoteur pas \u00e0 pas rotatif a \u00e9t\u00e9 d\u00e9velopp\u00e9 dans le cadre du projet spatial LISA o\u00f9 le m\u00e9canisme d&rsquo;orientation du t\u00e9lescope a \u00e9t\u00e9 abord\u00e9.<\/p>\n","protected":false},"featured_media":15153,"comment_status":"closed","ping_status":"open","template":"","meta":{"_acf_changed":false,"_seopress_robots_primary_cat":"none","_seopress_titles_title":"","_seopress_titles_desc":"","_seopress_robots_index":"yes"},"product_brand":[],"product_cat":[1383,1491,1398,1386,1464],"product_tag":[],"class_list":{"0":"post-18501","1":"product","2":"type-product","3":"status-publish","4":"has-post-thumbnail","6":"product_cat-actionneurs-lineaires","7":"product_cat-domaine-fr","8":"product_cat-machines-tournantes","9":"product_cat-moteurs-piezo-fr","10":"product_cat-publications-fr","12":"first","13":"instock","14":"downloadable","15":"virtual","16":"purchasable","17":"product-type-simple"},"acf":[],"_links":{"self":[{"href":"https:\/\/cedrat-technologies.com\/fr\/wp-json\/wp\/v2\/product\/18501","targetHints":{"allow":["GET"]}}],"collection":[{"href":"https:\/\/cedrat-technologies.com\/fr\/wp-json\/wp\/v2\/product"}],"about":[{"href":"https:\/\/cedrat-technologies.com\/fr\/wp-json\/wp\/v2\/types\/product"}],"replies":[{"embeddable":true,"href":"https:\/\/cedrat-technologies.com\/fr\/wp-json\/wp\/v2\/comments?post=18501"}],"version-history":[{"count":0,"href":"https:\/\/cedrat-technologies.com\/fr\/wp-json\/wp\/v2\/product\/18501\/revisions"}],"wp:featuredmedia":[{"embeddable":true,"href":"https:\/\/cedrat-technologies.com\/fr\/wp-json\/wp\/v2\/media\/15153"}],"wp:attachment":[{"href":"https:\/\/cedrat-technologies.com\/fr\/wp-json\/wp\/v2\/media?parent=18501"}],"wp:term":[{"taxonomy":"product_brand","embeddable":true,"href":"https:\/\/cedrat-technologies.com\/fr\/wp-json\/wp\/v2\/product_brand?post=18501"},{"taxonomy":"product_cat","embeddable":true,"href":"https:\/\/cedrat-technologies.com\/fr\/wp-json\/wp\/v2\/product_cat?post=18501"},{"taxonomy":"product_tag","embeddable":true,"href":"https:\/\/cedrat-technologies.com\/fr\/wp-json\/wp\/v2\/product_tag?post=18501"}],"curies":[{"name":"wp","href":"https:\/\/api.w.org\/{rel}","templated":true}]}}