{"id":18499,"date":"2002-01-07T00:00:00","date_gmt":"2002-01-06T23:00:00","guid":{"rendered":"http:\/\/cedrat-technologies.com\/produit\/actionneurs-piezo-rotatifs-pour-un-positionnement-de-haute-precision-dans-les-applications-spatiales\/"},"modified":"2023-07-20T11:22:29","modified_gmt":"2023-07-20T09:22:29","slug":"actionneurs-piezo-rotatifs-pour-un-positionnement-de-haute-precision-dans-les-applications-spatiales","status":"publish","type":"product","link":"https:\/\/cedrat-technologies.com\/fr\/produit\/actionneurs-piezo-rotatifs-pour-un-positionnement-de-haute-precision-dans-les-applications-spatiales\/","title":{"rendered":"Actionneurs piezo rotatifs pour un positionnement de haute pr\u00e9cision dans les applications spatiales"},"content":{"rendered":"","protected":false},"excerpt":{"rendered":"<p>Les moteurs pi\u00e9zo\u00e9lectriques ont \u00e9t\u00e9 d\u00e9velopp\u00e9s avec succ\u00e8s pour diverses applications telles que les commandes d&rsquo;autofocus dans les objectifs d&rsquo;appareils photo et les \u00e9quipements de manutention pour la production de semi-conducteurs. Leur vitesse \u00e9lev\u00e9e et leur capacit\u00e9 de positionnement pr\u00e9cis, combin\u00e9es \u00e0 un couple de maintien favorable en l&rsquo;absence d&rsquo;alimentation, rendent les moteurs piezo tr\u00e8s int\u00e9ressants pour l&rsquo;actionnement des m\u00e9canismes des engins spatiaux. Toutefois, jusqu&rsquo;\u00e0 pr\u00e9sent, seules quelques \u00e9tudes ont \u00e9t\u00e9 r\u00e9alis\u00e9es sur leur aptitude \u00e0 \u00eatre utilis\u00e9s dans l&rsquo;espace.<\/p>\n","protected":false},"featured_media":15147,"comment_status":"closed","ping_status":"open","template":"","meta":{"_acf_changed":false,"_seopress_robots_primary_cat":"none","_seopress_titles_title":"","_seopress_titles_desc":"","_seopress_robots_index":"yes"},"product_brand":[],"product_cat":[1383,1385,1491,1398,1386,1464],"product_tag":[],"class_list":{"0":"post-18499","1":"product","2":"type-product","3":"status-publish","4":"has-post-thumbnail","6":"product_cat-actionneurs-lineaires","7":"product_cat-actionneurs-piezo-fr","8":"product_cat-domaine-fr","9":"product_cat-machines-tournantes","10":"product_cat-moteurs-piezo-fr","11":"product_cat-publications-fr","13":"first","14":"instock","15":"downloadable","16":"virtual","17":"purchasable","18":"product-type-simple"},"acf":[],"_links":{"self":[{"href":"https:\/\/cedrat-technologies.com\/fr\/wp-json\/wp\/v2\/product\/18499","targetHints":{"allow":["GET"]}}],"collection":[{"href":"https:\/\/cedrat-technologies.com\/fr\/wp-json\/wp\/v2\/product"}],"about":[{"href":"https:\/\/cedrat-technologies.com\/fr\/wp-json\/wp\/v2\/types\/product"}],"replies":[{"embeddable":true,"href":"https:\/\/cedrat-technologies.com\/fr\/wp-json\/wp\/v2\/comments?post=18499"}],"version-history":[{"count":0,"href":"https:\/\/cedrat-technologies.com\/fr\/wp-json\/wp\/v2\/product\/18499\/revisions"}],"wp:featuredmedia":[{"embeddable":true,"href":"https:\/\/cedrat-technologies.com\/fr\/wp-json\/wp\/v2\/media\/15147"}],"wp:attachment":[{"href":"https:\/\/cedrat-technologies.com\/fr\/wp-json\/wp\/v2\/media?parent=18499"}],"wp:term":[{"taxonomy":"product_brand","embeddable":true,"href":"https:\/\/cedrat-technologies.com\/fr\/wp-json\/wp\/v2\/product_brand?post=18499"},{"taxonomy":"product_cat","embeddable":true,"href":"https:\/\/cedrat-technologies.com\/fr\/wp-json\/wp\/v2\/product_cat?post=18499"},{"taxonomy":"product_tag","embeddable":true,"href":"https:\/\/cedrat-technologies.com\/fr\/wp-json\/wp\/v2\/product_tag?post=18499"}],"curies":[{"name":"wp","href":"https:\/\/api.w.org\/{rel}","templated":true}]}}