{"id":18498,"date":"2023-06-19T10:31:49","date_gmt":"2023-06-19T08:31:49","guid":{"rendered":"http:\/\/cedrat-technologies.com\/produit\/lancement-reussi-de-rosetta-midas\/"},"modified":"2023-07-20T11:20:19","modified_gmt":"2023-07-20T09:20:19","slug":"lancement-reussi-de-rosetta-midas","status":"publish","type":"product","link":"https:\/\/cedrat-technologies.com\/fr\/produit\/lancement-reussi-de-rosetta-midas\/","title":{"rendered":"Lancement r\u00e9ussi de Rosetta Midas"},"content":{"rendered":"","protected":false},"excerpt":{"rendered":"<p>Mise en service r\u00e9ussie de la premi\u00e8re application de vol pour C. T. dans le cadre de la mission ROSETTA de l&rsquo;ESA. Le satellite ROSETTA a \u00e9t\u00e9 lanc\u00e9 avec succ\u00e8s le 2 mars 2004 depuis Kourou, en Guyane fran\u00e7aise, \u00e0 l&rsquo;aide d&rsquo;un lanceur Ariane-5 G+. Le rendez-vous avec la nouvelle com\u00e8te cibl\u00e9e \u00ab\u00a0Churyumov &#8211; Gerasimenko\u00a0\u00bb est pr\u00e9vu pour novembre 2014.<\/p>\n","protected":false},"featured_media":15144,"comment_status":"closed","ping_status":"open","template":"","meta":{"_acf_changed":false,"_seopress_robots_primary_cat":"none","_seopress_titles_title":"","_seopress_titles_desc":"","_seopress_robots_index":"yes"},"product_brand":[],"product_cat":[1383,1385,1491,1390,1464,1403],"product_tag":[],"class_list":{"0":"post-18498","1":"product","2":"type-product","3":"status-publish","4":"has-post-thumbnail","6":"product_cat-actionneurs-lineaires","7":"product_cat-actionneurs-piezo-fr","8":"product_cat-domaine-fr","9":"product_cat-mecanismes","10":"product_cat-publications-fr","11":"product_cat-systemes-mecatroniques","13":"first","14":"instock","15":"downloadable","16":"virtual","17":"purchasable","18":"product-type-simple"},"acf":[],"_links":{"self":[{"href":"https:\/\/cedrat-technologies.com\/fr\/wp-json\/wp\/v2\/product\/18498","targetHints":{"allow":["GET"]}}],"collection":[{"href":"https:\/\/cedrat-technologies.com\/fr\/wp-json\/wp\/v2\/product"}],"about":[{"href":"https:\/\/cedrat-technologies.com\/fr\/wp-json\/wp\/v2\/types\/product"}],"replies":[{"embeddable":true,"href":"https:\/\/cedrat-technologies.com\/fr\/wp-json\/wp\/v2\/comments?post=18498"}],"version-history":[{"count":0,"href":"https:\/\/cedrat-technologies.com\/fr\/wp-json\/wp\/v2\/product\/18498\/revisions"}],"wp:featuredmedia":[{"embeddable":true,"href":"https:\/\/cedrat-technologies.com\/fr\/wp-json\/wp\/v2\/media\/15144"}],"wp:attachment":[{"href":"https:\/\/cedrat-technologies.com\/fr\/wp-json\/wp\/v2\/media?parent=18498"}],"wp:term":[{"taxonomy":"product_brand","embeddable":true,"href":"https:\/\/cedrat-technologies.com\/fr\/wp-json\/wp\/v2\/product_brand?post=18498"},{"taxonomy":"product_cat","embeddable":true,"href":"https:\/\/cedrat-technologies.com\/fr\/wp-json\/wp\/v2\/product_cat?post=18498"},{"taxonomy":"product_tag","embeddable":true,"href":"https:\/\/cedrat-technologies.com\/fr\/wp-json\/wp\/v2\/product_tag?post=18498"}],"curies":[{"name":"wp","href":"https:\/\/api.w.org\/{rel}","templated":true}]}}