{"id":18497,"date":"2023-06-19T10:31:49","date_gmt":"2023-06-19T08:31:49","guid":{"rendered":"http:\/\/cedrat-technologies.com\/produit\/applications-spatiales-de-rosetta-midas-stage-atila\/"},"modified":"2023-07-20T11:20:19","modified_gmt":"2023-07-20T09:20:19","slug":"applications-spatiales-de-rosetta-midas-stage-atila","status":"publish","type":"product","link":"https:\/\/cedrat-technologies.com\/fr\/produit\/applications-spatiales-de-rosetta-midas-stage-atila\/","title":{"rendered":"Applications spatiales de Rosetta Midas Stage Atila"},"content":{"rendered":"","protected":false},"excerpt":{"rendered":"<p>La mission spatiale ROSETTA\/MIDAS a pour but d&rsquo;analyser la poussi\u00e8re provenant de la com\u00e8te Wirtanen \u00e0 l&rsquo;aide d&rsquo;un microscope \u00e0 force atomique (AFM). Pour analyser la poussi\u00e8re, il faut un m\u00e9canisme extr\u00eamement fin capable de produire une pr\u00e9cision de d\u00e9placement de l&rsquo;ordre du sous-microm\u00e8tre avec une masse limit\u00e9e. La seule technologie capable de r\u00e9pondre \u00e0 cette sp\u00e9cification est l&rsquo;actionneur pi\u00e9zo\u00e9lectrique associ\u00e9 \u00e0 des capteurs de d\u00e9placement capacitifs, qui pr\u00e9sente plusieurs avantages : conception \u00e0 l&rsquo;\u00e9tat solide, donc pas de frottement, bruit limit\u00e9 par l&rsquo;\u00e9lectronique de pilotage, &#8230;<\/p>\n","protected":false},"featured_media":14848,"comment_status":"closed","ping_status":"open","template":"","meta":{"_acf_changed":false,"_seopress_robots_primary_cat":"none","_seopress_titles_title":"","_seopress_titles_desc":"","_seopress_robots_index":"yes"},"product_brand":[],"product_cat":[1491,1390,1393,1464],"product_tag":[],"class_list":{"0":"post-18497","1":"product","2":"type-product","3":"status-publish","4":"has-post-thumbnail","6":"product_cat-domaine-fr","7":"product_cat-mecanismes","8":"product_cat-platines-xy","9":"product_cat-publications-fr","11":"first","12":"instock","13":"downloadable","14":"virtual","15":"purchasable","16":"product-type-simple"},"acf":[],"_links":{"self":[{"href":"https:\/\/cedrat-technologies.com\/fr\/wp-json\/wp\/v2\/product\/18497","targetHints":{"allow":["GET"]}}],"collection":[{"href":"https:\/\/cedrat-technologies.com\/fr\/wp-json\/wp\/v2\/product"}],"about":[{"href":"https:\/\/cedrat-technologies.com\/fr\/wp-json\/wp\/v2\/types\/product"}],"replies":[{"embeddable":true,"href":"https:\/\/cedrat-technologies.com\/fr\/wp-json\/wp\/v2\/comments?post=18497"}],"version-history":[{"count":0,"href":"https:\/\/cedrat-technologies.com\/fr\/wp-json\/wp\/v2\/product\/18497\/revisions"}],"wp:featuredmedia":[{"embeddable":true,"href":"https:\/\/cedrat-technologies.com\/fr\/wp-json\/wp\/v2\/media\/14848"}],"wp:attachment":[{"href":"https:\/\/cedrat-technologies.com\/fr\/wp-json\/wp\/v2\/media?parent=18497"}],"wp:term":[{"taxonomy":"product_brand","embeddable":true,"href":"https:\/\/cedrat-technologies.com\/fr\/wp-json\/wp\/v2\/product_brand?post=18497"},{"taxonomy":"product_cat","embeddable":true,"href":"https:\/\/cedrat-technologies.com\/fr\/wp-json\/wp\/v2\/product_cat?post=18497"},{"taxonomy":"product_tag","embeddable":true,"href":"https:\/\/cedrat-technologies.com\/fr\/wp-json\/wp\/v2\/product_tag?post=18497"}],"curies":[{"name":"wp","href":"https:\/\/api.w.org\/{rel}","templated":true}]}}