{"id":18495,"date":"2002-01-06T00:00:00","date_gmt":"2002-01-05T23:00:00","guid":{"rendered":"http:\/\/cedrat-technologies.com\/produit\/progres-recents-en-matiere-damortissement-actif-et-de-controle-des-vibrations\/"},"modified":"2023-07-20T11:22:30","modified_gmt":"2023-07-20T09:22:30","slug":"progres-recents-en-matiere-damortissement-actif-et-de-controle-des-vibrations","status":"publish","type":"product","link":"https:\/\/cedrat-technologies.com\/fr\/produit\/progres-recents-en-matiere-damortissement-actif-et-de-controle-des-vibrations\/","title":{"rendered":"Progr\u00e8s r\u00e9cents en mati\u00e8re d&rsquo;amortissement actif et de contr\u00f4le des vibrations"},"content":{"rendered":"","protected":false},"excerpt":{"rendered":"<p>Ce document passe en revue certains concepts utilis\u00e9s pour le contr\u00f4le actif des vibrations et l&rsquo;isolation des vibrations. Il est divis\u00e9 en deux parties. La premi\u00e8re partie passe en revue certaines strat\u00e9gies de contr\u00f4le bas\u00e9es sur des syst\u00e8mes de contr\u00f4le colocalis\u00e9s, qui offrent des r\u00e9sultats prometteurs pour les applications spatiales et de g\u00e9nie civil. La partie 2 (\u00e0 partir de la section 4) est ax\u00e9e sur les applications automobiles.<\/p>\n","protected":false},"featured_media":15137,"comment_status":"closed","ping_status":"open","template":"","meta":{"_acf_changed":false,"_seopress_robots_primary_cat":"none","_seopress_titles_title":"","_seopress_titles_desc":"","_seopress_robots_index":"yes"},"product_brand":[],"product_cat":[1413,1391,1390,1464,1403],"product_tag":[],"class_list":{"0":"post-18495","1":"product","2":"type-product","3":"status-publish","4":"has-post-thumbnail","6":"product_cat-controle-actif-de-vibration","7":"product_cat-degres-de-libertes-multiples","8":"product_cat-mecanismes","9":"product_cat-publications-fr","10":"product_cat-systemes-mecatroniques","12":"first","13":"instock","14":"downloadable","15":"virtual","16":"purchasable","17":"product-type-simple"},"acf":[],"_links":{"self":[{"href":"https:\/\/cedrat-technologies.com\/fr\/wp-json\/wp\/v2\/product\/18495","targetHints":{"allow":["GET"]}}],"collection":[{"href":"https:\/\/cedrat-technologies.com\/fr\/wp-json\/wp\/v2\/product"}],"about":[{"href":"https:\/\/cedrat-technologies.com\/fr\/wp-json\/wp\/v2\/types\/product"}],"replies":[{"embeddable":true,"href":"https:\/\/cedrat-technologies.com\/fr\/wp-json\/wp\/v2\/comments?post=18495"}],"version-history":[{"count":0,"href":"https:\/\/cedrat-technologies.com\/fr\/wp-json\/wp\/v2\/product\/18495\/revisions"}],"wp:featuredmedia":[{"embeddable":true,"href":"https:\/\/cedrat-technologies.com\/fr\/wp-json\/wp\/v2\/media\/15137"}],"wp:attachment":[{"href":"https:\/\/cedrat-technologies.com\/fr\/wp-json\/wp\/v2\/media?parent=18495"}],"wp:term":[{"taxonomy":"product_brand","embeddable":true,"href":"https:\/\/cedrat-technologies.com\/fr\/wp-json\/wp\/v2\/product_brand?post=18495"},{"taxonomy":"product_cat","embeddable":true,"href":"https:\/\/cedrat-technologies.com\/fr\/wp-json\/wp\/v2\/product_cat?post=18495"},{"taxonomy":"product_tag","embeddable":true,"href":"https:\/\/cedrat-technologies.com\/fr\/wp-json\/wp\/v2\/product_tag?post=18495"}],"curies":[{"name":"wp","href":"https:\/\/api.w.org\/{rel}","templated":true}]}}