{"id":18494,"date":"2023-06-19T10:31:49","date_gmt":"2023-06-19T08:31:49","guid":{"rendered":"http:\/\/cedrat-technologies.com\/produit\/rt-cnes-capteur-de-proximite-et-detection-de-fin-de-course-ecs\/"},"modified":"2023-07-20T11:20:20","modified_gmt":"2023-07-20T09:20:20","slug":"rt-cnes-capteur-de-proximite-et-detection-de-fin-de-course-ecs","status":"publish","type":"product","link":"https:\/\/cedrat-technologies.com\/fr\/produit\/rt-cnes-capteur-de-proximite-et-detection-de-fin-de-course-ecs\/","title":{"rendered":"R&#038;T CNES Capteur de proximite et detection de fin de course ECS"},"content":{"rendered":"","protected":false},"excerpt":{"rendered":"<p>Mod\u00e9lisation d&rsquo;un capteur de proximit\u00e9 sans contact qui peut \u00eatre utilis\u00e9 en m\u00eame temps comme interrupteur de fin de course (dans les m\u00e9canismes de d\u00e9ploiement) ou comme tour de contr\u00f4le.<\/p>\n","protected":false},"featured_media":15134,"comment_status":"closed","ping_status":"open","template":"","meta":{"_acf_changed":false,"_seopress_robots_primary_cat":"none","_seopress_titles_title":"","_seopress_titles_desc":"","_seopress_robots_index":"yes"},"product_brand":[],"product_cat":[1416,1491,1464],"product_tag":[],"class_list":{"0":"post-18494","1":"product","2":"type-product","3":"status-publish","4":"has-post-thumbnail","6":"product_cat-capteurs-fr","7":"product_cat-domaine-fr","8":"product_cat-publications-fr","10":"first","11":"instock","12":"downloadable","13":"virtual","14":"purchasable","15":"product-type-simple"},"acf":[],"_links":{"self":[{"href":"https:\/\/cedrat-technologies.com\/fr\/wp-json\/wp\/v2\/product\/18494","targetHints":{"allow":["GET"]}}],"collection":[{"href":"https:\/\/cedrat-technologies.com\/fr\/wp-json\/wp\/v2\/product"}],"about":[{"href":"https:\/\/cedrat-technologies.com\/fr\/wp-json\/wp\/v2\/types\/product"}],"replies":[{"embeddable":true,"href":"https:\/\/cedrat-technologies.com\/fr\/wp-json\/wp\/v2\/comments?post=18494"}],"version-history":[{"count":0,"href":"https:\/\/cedrat-technologies.com\/fr\/wp-json\/wp\/v2\/product\/18494\/revisions"}],"wp:featuredmedia":[{"embeddable":true,"href":"https:\/\/cedrat-technologies.com\/fr\/wp-json\/wp\/v2\/media\/15134"}],"wp:attachment":[{"href":"https:\/\/cedrat-technologies.com\/fr\/wp-json\/wp\/v2\/media?parent=18494"}],"wp:term":[{"taxonomy":"product_brand","embeddable":true,"href":"https:\/\/cedrat-technologies.com\/fr\/wp-json\/wp\/v2\/product_brand?post=18494"},{"taxonomy":"product_cat","embeddable":true,"href":"https:\/\/cedrat-technologies.com\/fr\/wp-json\/wp\/v2\/product_cat?post=18494"},{"taxonomy":"product_tag","embeddable":true,"href":"https:\/\/cedrat-technologies.com\/fr\/wp-json\/wp\/v2\/product_tag?post=18494"}],"curies":[{"name":"wp","href":"https:\/\/api.w.org\/{rel}","templated":true}]}}