{"id":18493,"date":"2023-06-19T10:31:49","date_gmt":"2023-06-19T08:31:49","guid":{"rendered":"http:\/\/cedrat-technologies.com\/produit\/qualification-du-cryomecanisme-du-spectro-photometre-euclid-proche-infrarouge-une-application-du-ctec-ecs\/"},"modified":"2023-07-20T11:20:20","modified_gmt":"2023-07-20T09:20:20","slug":"qualification-du-cryomecanisme-du-spectro-photometre-euclid-proche-infrarouge-une-application-du-ctec-ecs","status":"publish","type":"product","link":"https:\/\/cedrat-technologies.com\/fr\/produit\/qualification-du-cryomecanisme-du-spectro-photometre-euclid-proche-infrarouge-une-application-du-ctec-ecs\/","title":{"rendered":"Qualification du cryom\u00e9canisme du spectro-photom\u00e8tre Euclid proche infrarouge &#8211; Une application du CTEC ECS"},"content":{"rendered":"","protected":false},"excerpt":{"rendered":"<p>D\u00e9j\u00e0 pr\u00e9sent\u00e9 au symposium ESMATS 2015 [1], le CEA-Cryom\u00e9canisme (CM) est un actionneur rotatif cryog\u00e9nique qui peut fonctionner de la temp\u00e9rature ambiante jusqu&rsquo;aux environnements cryog\u00e9niques, sous vide ou sous atmosph\u00e8re d&rsquo;azote. Dans le cadre du programme spatial Euclid-NISP, apr\u00e8s avoir construit deux unit\u00e9s BBM (bread board model), le CEA a proc\u00e9d\u00e9 \u00e0 l&rsquo;int\u00e9gration de trois unit\u00e9s QM (qualification model), parmi lesquelles une unit\u00e9 fait l&rsquo;objet d&rsquo;un programme de qualification complet (les deux unit\u00e9s restantes sont destin\u00e9es \u00e0 \u00eatre qualifi\u00e9es au niveau syst\u00e8me sup\u00e9rieur).<\/p>\n","protected":false},"featured_media":15131,"comment_status":"closed","ping_status":"open","template":"","meta":{"_acf_changed":false,"_seopress_robots_primary_cat":"none","_seopress_titles_title":"","_seopress_titles_desc":"","_seopress_robots_index":"yes"},"product_brand":[],"product_cat":[1416,1491,1464],"product_tag":[],"class_list":{"0":"post-18493","1":"product","2":"type-product","3":"status-publish","4":"has-post-thumbnail","6":"product_cat-capteurs-fr","7":"product_cat-domaine-fr","8":"product_cat-publications-fr","10":"first","11":"instock","12":"downloadable","13":"virtual","14":"purchasable","15":"product-type-simple"},"acf":[],"_links":{"self":[{"href":"https:\/\/cedrat-technologies.com\/fr\/wp-json\/wp\/v2\/product\/18493","targetHints":{"allow":["GET"]}}],"collection":[{"href":"https:\/\/cedrat-technologies.com\/fr\/wp-json\/wp\/v2\/product"}],"about":[{"href":"https:\/\/cedrat-technologies.com\/fr\/wp-json\/wp\/v2\/types\/product"}],"replies":[{"embeddable":true,"href":"https:\/\/cedrat-technologies.com\/fr\/wp-json\/wp\/v2\/comments?post=18493"}],"version-history":[{"count":0,"href":"https:\/\/cedrat-technologies.com\/fr\/wp-json\/wp\/v2\/product\/18493\/revisions"}],"wp:featuredmedia":[{"embeddable":true,"href":"https:\/\/cedrat-technologies.com\/fr\/wp-json\/wp\/v2\/media\/15131"}],"wp:attachment":[{"href":"https:\/\/cedrat-technologies.com\/fr\/wp-json\/wp\/v2\/media?parent=18493"}],"wp:term":[{"taxonomy":"product_brand","embeddable":true,"href":"https:\/\/cedrat-technologies.com\/fr\/wp-json\/wp\/v2\/product_brand?post=18493"},{"taxonomy":"product_cat","embeddable":true,"href":"https:\/\/cedrat-technologies.com\/fr\/wp-json\/wp\/v2\/product_cat?post=18493"},{"taxonomy":"product_tag","embeddable":true,"href":"https:\/\/cedrat-technologies.com\/fr\/wp-json\/wp\/v2\/product_tag?post=18493"}],"curies":[{"name":"wp","href":"https:\/\/api.w.org\/{rel}","templated":true}]}}