{"id":18492,"date":"2023-06-19T10:31:49","date_gmt":"2023-06-19T08:31:49","guid":{"rendered":"http:\/\/cedrat-technologies.com\/produit\/les-soupapes-a-air-pulse-a-hautes-performances-ameliorent-lecoulement-aerodynamique-sur-les-ailes-davion\/"},"modified":"2023-07-20T11:20:20","modified_gmt":"2023-07-20T09:20:20","slug":"les-soupapes-a-air-pulse-a-hautes-performances-ameliorent-lecoulement-aerodynamique-sur-les-ailes-davion","status":"publish","type":"product","link":"https:\/\/cedrat-technologies.com\/fr\/produit\/les-soupapes-a-air-pulse-a-hautes-performances-ameliorent-lecoulement-aerodynamique-sur-les-ailes-davion\/","title":{"rendered":"Les soupapes \u00e0 air puls\u00e9 \u00e0 hautes performances am\u00e9liorent l&rsquo;\u00e9coulement a\u00e9rodynamique sur les ailes d&rsquo;avion"},"content":{"rendered":"","protected":false},"excerpt":{"rendered":"<p>L&rsquo;objectif du projet europ\u00e9en Cleansky est de d\u00e9velopper de nouvelles technologies pour les futurs avions permettant une r\u00e9duction de 20 \u00e0 30 % de la consommation de carburant et des \u00e9missions de CO2 associ\u00e9es, ainsi qu&rsquo;une r\u00e9duction similaire des niveaux de bruit par rapport aux avions actuels. L&rsquo;un des moyens d&rsquo;atteindre cet objectif est d&rsquo;am\u00e9liorer les performances a\u00e9rodynamiques des appareils actuels \u00e0 grande portance. Le contr\u00f4le actif de l&rsquo;\u00e9coulement est unanimement consid\u00e9r\u00e9 comme le meilleur moyen d&rsquo;atteindre cet objectif. En supprimant la s\u00e9paration des flux et\/ou en retardant le d\u00e9crochage, le contr\u00f4le actif des flux augmentera les performances a\u00e9rodynamiques des ailes. Le partenariat entre le CTEC et l&rsquo;ONERA dans le cadre du projet VIPER a conduit \u00e0 la conception, la fabrication et le test d&rsquo;un actionneur de jet puls\u00e9 innovant bas\u00e9 sur un actionneurs piezo amplifi\u00e9 (APA) du CTEC. Son objectif est de fournir un jet sonique puls\u00e9 jusqu&rsquo;\u00e0 500 Hz avec un d\u00e9bit massique d&rsquo;environ 34 g\/s \u00e0 travers une fente de 1 mm de large et 80 mm de long. Coupl\u00e9 \u00e0 l&rsquo;amplificateur de puissance \u00e0 d\u00e9coupage SA75D de CTEC, cet actionneur produit le jet sonique attendu avec une consommation \u00e9lectrique d&rsquo;environ 40W gr\u00e2ce \u00e0 la r\u00e9cup\u00e9ration d&rsquo;\u00e9nergie. Les r\u00e9sultats de la caract\u00e9risation de l&rsquo;actionneur (m\u00e9canique, fluidique) sont pr\u00e9sent\u00e9s dans cet article.<\/p>\n","protected":false},"featured_media":15128,"comment_status":"closed","ping_status":"open","template":"","meta":{"_acf_changed":false,"_seopress_robots_primary_cat":"none","_seopress_titles_title":"","_seopress_titles_desc":"","_seopress_robots_index":"yes"},"product_brand":[],"product_cat":[1383,1385,1494,1395,1394,1491,1405,1404,1464,1403],"product_tag":[],"class_list":{"0":"post-18492","1":"product","2":"type-product","3":"status-publish","4":"has-post-thumbnail","6":"product_cat-actionneurs-lineaires","7":"product_cat-actionneurs-piezo-fr","8":"product_cat-biomedical-assistance-personnelle-fr-2","9":"product_cat-controle-actif-de-flux","10":"product_cat-dispositifs-electro-fluidique","11":"product_cat-domaine-fr","12":"product_cat-electroniques-de-puissance","13":"product_cat-pilotage-controle","14":"product_cat-publications-fr","15":"product_cat-systemes-mecatroniques","17":"first","18":"instock","19":"downloadable","20":"virtual","21":"purchasable","22":"product-type-simple"},"acf":[],"_links":{"self":[{"href":"https:\/\/cedrat-technologies.com\/fr\/wp-json\/wp\/v2\/product\/18492","targetHints":{"allow":["GET"]}}],"collection":[{"href":"https:\/\/cedrat-technologies.com\/fr\/wp-json\/wp\/v2\/product"}],"about":[{"href":"https:\/\/cedrat-technologies.com\/fr\/wp-json\/wp\/v2\/types\/product"}],"replies":[{"embeddable":true,"href":"https:\/\/cedrat-technologies.com\/fr\/wp-json\/wp\/v2\/comments?post=18492"}],"version-history":[{"count":0,"href":"https:\/\/cedrat-technologies.com\/fr\/wp-json\/wp\/v2\/product\/18492\/revisions"}],"wp:featuredmedia":[{"embeddable":true,"href":"https:\/\/cedrat-technologies.com\/fr\/wp-json\/wp\/v2\/media\/15128"}],"wp:attachment":[{"href":"https:\/\/cedrat-technologies.com\/fr\/wp-json\/wp\/v2\/media?parent=18492"}],"wp:term":[{"taxonomy":"product_brand","embeddable":true,"href":"https:\/\/cedrat-technologies.com\/fr\/wp-json\/wp\/v2\/product_brand?post=18492"},{"taxonomy":"product_cat","embeddable":true,"href":"https:\/\/cedrat-technologies.com\/fr\/wp-json\/wp\/v2\/product_cat?post=18492"},{"taxonomy":"product_tag","embeddable":true,"href":"https:\/\/cedrat-technologies.com\/fr\/wp-json\/wp\/v2\/product_tag?post=18492"}],"curies":[{"name":"wp","href":"https:\/\/api.w.org\/{rel}","templated":true}]}}