{"id":18491,"date":"2023-06-19T10:31:49","date_gmt":"2023-06-19T08:31:49","guid":{"rendered":"http:\/\/cedrat-technologies.com\/produit\/progres-dans-les-transducteurs-sonar-magnetostrictifs\/"},"modified":"2023-07-20T11:20:21","modified_gmt":"2023-07-20T09:20:21","slug":"progres-dans-les-transducteurs-sonar-magnetostrictifs","status":"publish","type":"product","link":"https:\/\/cedrat-technologies.com\/fr\/produit\/progres-dans-les-transducteurs-sonar-magnetostrictifs\/","title":{"rendered":"Progr\u00e8s dans les transducteurs sonar magn\u00e9tostrictifs"},"content":{"rendered":"","protected":false},"excerpt":{"rendered":"<p>L&rsquo;int\u00e9r\u00eat constant de la Marine fran\u00e7aise (DRET et CERDSM) a permis d&rsquo;apporter des am\u00e9liorations significatives aux transducteurs magn\u00e9tostrictifs afin de produire des sources sonar basse fr\u00e9quence de forte puissance. Ces am\u00e9liorations peuvent \u00eatre appr\u00e9ci\u00e9es en examinant trois transducteurs.<\/p>\n","protected":false},"featured_media":14760,"comment_status":"closed","ping_status":"open","template":"","meta":{"_acf_changed":false,"_seopress_robots_primary_cat":"none","_seopress_titles_title":"","_seopress_titles_desc":"","_seopress_robots_index":"yes"},"product_brand":[],"product_cat":[1464,1408],"product_tag":[],"class_list":{"0":"post-18491","1":"product","2":"type-product","3":"status-publish","4":"has-post-thumbnail","6":"product_cat-publications-fr","7":"product_cat-transducteurs-ndt-shm","9":"first","10":"instock","11":"downloadable","12":"virtual","13":"purchasable","14":"product-type-simple"},"acf":[],"_links":{"self":[{"href":"https:\/\/cedrat-technologies.com\/fr\/wp-json\/wp\/v2\/product\/18491","targetHints":{"allow":["GET"]}}],"collection":[{"href":"https:\/\/cedrat-technologies.com\/fr\/wp-json\/wp\/v2\/product"}],"about":[{"href":"https:\/\/cedrat-technologies.com\/fr\/wp-json\/wp\/v2\/types\/product"}],"replies":[{"embeddable":true,"href":"https:\/\/cedrat-technologies.com\/fr\/wp-json\/wp\/v2\/comments?post=18491"}],"version-history":[{"count":0,"href":"https:\/\/cedrat-technologies.com\/fr\/wp-json\/wp\/v2\/product\/18491\/revisions"}],"wp:featuredmedia":[{"embeddable":true,"href":"https:\/\/cedrat-technologies.com\/fr\/wp-json\/wp\/v2\/media\/14760"}],"wp:attachment":[{"href":"https:\/\/cedrat-technologies.com\/fr\/wp-json\/wp\/v2\/media?parent=18491"}],"wp:term":[{"taxonomy":"product_brand","embeddable":true,"href":"https:\/\/cedrat-technologies.com\/fr\/wp-json\/wp\/v2\/product_brand?post=18491"},{"taxonomy":"product_cat","embeddable":true,"href":"https:\/\/cedrat-technologies.com\/fr\/wp-json\/wp\/v2\/product_cat?post=18491"},{"taxonomy":"product_tag","embeddable":true,"href":"https:\/\/cedrat-technologies.com\/fr\/wp-json\/wp\/v2\/product_tag?post=18491"}],"curies":[{"name":"wp","href":"https:\/\/api.w.org\/{rel}","templated":true}]}}