{"id":18489,"date":"2016-01-11T00:00:00","date_gmt":"2016-01-10T23:00:00","guid":{"rendered":"http:\/\/cedrat-technologies.com\/produit\/potentialites-des-actionneurs-a-coque-composite-apa-et-de-lamplificateur-sa75d-pour-de-nouvelles-applications-dynamiques\/"},"modified":"2023-07-20T11:22:20","modified_gmt":"2023-07-20T09:22:20","slug":"potentialites-des-actionneurs-a-coque-composite-apa-et-de-lamplificateur-sa75d-pour-de-nouvelles-applications-dynamiques","status":"publish","type":"product","link":"https:\/\/cedrat-technologies.com\/fr\/produit\/potentialites-des-actionneurs-a-coque-composite-apa-et-de-lamplificateur-sa75d-pour-de-nouvelles-applications-dynamiques\/","title":{"rendered":"Potentialit\u00e9s des actionneurs \u00e0 coque composite APA\u00ae et de l&rsquo;amplificateur SA75D pour de nouvelles applications dynamiques"},"content":{"rendered":"","protected":false},"excerpt":{"rendered":"<p>Le pilotage de la coque composite de l&rsquo;APA par l&rsquo;amplificateur de puissance SA75D offre de nouvelles opportunit\u00e9s pour de nouvelles applications dynamiques. Deux en particulier ont \u00e9t\u00e9 re\u00e7ues et sont en cours d&rsquo;\u00e9tude : la conception d&rsquo;une micro-machine de traction compacte sur table pour caract\u00e9riser les lois contrainte-d\u00e9formation \u00e0 haute vitesse de fils, fibres, torons et \u00e9chantillons textiles qui compl\u00e8tera utilement le parc de machines d&rsquo;essais dynamiques disponibles, la g\u00e9n\u00e9ration de jets synth\u00e9tiques d&rsquo;air puls\u00e9 \u00e9galement \u00e9tudi\u00e9e \u00e0 l&rsquo;ONERA. La capacit\u00e9 \u00e9nerg\u00e9tique (d\u00e9placement, force) sans ou avec une charge lin\u00e9aire externe a \u00e9t\u00e9 mod\u00e9lis\u00e9e en fonction du temps de mont\u00e9e \u00e0 l&rsquo;aide du code Simulink et mesur\u00e9e exp\u00e9rimentalement \u00e0 l&rsquo;aide d&rsquo;un dispositif tr\u00e8s l\u00e9ger. D&rsquo;autres am\u00e9liorations identifi\u00e9es restent \u00e0 mettre en \u0153uvre tant au niveau des actionneurs de l&rsquo;APA que de l&rsquo;amplificateur SA75D pour obtenir des gains.<\/p>\n","protected":false},"featured_media":15123,"comment_status":"closed","ping_status":"open","template":"","meta":{"_acf_changed":false,"_seopress_robots_primary_cat":"none","_seopress_titles_title":"","_seopress_titles_desc":"","_seopress_robots_index":"yes"},"product_brand":[],"product_cat":[1383,1385,1405,1404,1464,1403],"product_tag":[],"class_list":{"0":"post-18489","1":"product","2":"type-product","3":"status-publish","4":"has-post-thumbnail","6":"product_cat-actionneurs-lineaires","7":"product_cat-actionneurs-piezo-fr","8":"product_cat-electroniques-de-puissance","9":"product_cat-pilotage-controle","10":"product_cat-publications-fr","11":"product_cat-systemes-mecatroniques","13":"first","14":"instock","15":"downloadable","16":"virtual","17":"purchasable","18":"product-type-simple"},"acf":[],"_links":{"self":[{"href":"https:\/\/cedrat-technologies.com\/fr\/wp-json\/wp\/v2\/product\/18489","targetHints":{"allow":["GET"]}}],"collection":[{"href":"https:\/\/cedrat-technologies.com\/fr\/wp-json\/wp\/v2\/product"}],"about":[{"href":"https:\/\/cedrat-technologies.com\/fr\/wp-json\/wp\/v2\/types\/product"}],"replies":[{"embeddable":true,"href":"https:\/\/cedrat-technologies.com\/fr\/wp-json\/wp\/v2\/comments?post=18489"}],"version-history":[{"count":0,"href":"https:\/\/cedrat-technologies.com\/fr\/wp-json\/wp\/v2\/product\/18489\/revisions"}],"wp:featuredmedia":[{"embeddable":true,"href":"https:\/\/cedrat-technologies.com\/fr\/wp-json\/wp\/v2\/media\/15123"}],"wp:attachment":[{"href":"https:\/\/cedrat-technologies.com\/fr\/wp-json\/wp\/v2\/media?parent=18489"}],"wp:term":[{"taxonomy":"product_brand","embeddable":true,"href":"https:\/\/cedrat-technologies.com\/fr\/wp-json\/wp\/v2\/product_brand?post=18489"},{"taxonomy":"product_cat","embeddable":true,"href":"https:\/\/cedrat-technologies.com\/fr\/wp-json\/wp\/v2\/product_cat?post=18489"},{"taxonomy":"product_tag","embeddable":true,"href":"https:\/\/cedrat-technologies.com\/fr\/wp-json\/wp\/v2\/product_tag?post=18489"}],"curies":[{"name":"wp","href":"https:\/\/api.w.org\/{rel}","templated":true}]}}