{"id":18487,"date":"2022-07-11T00:00:00","date_gmt":"2022-07-10T22:00:00","guid":{"rendered":"http:\/\/cedrat-technologies.com\/produit\/fast-steering-mirrors-piezoelectriques-et-magnetiques-pour-les-communications-optiques-spatiales\/"},"modified":"2023-07-20T11:22:14","modified_gmt":"2023-07-20T09:22:14","slug":"fast-steering-mirrors-piezoelectriques-et-magnetiques-pour-les-communications-optiques-spatiales","status":"publish","type":"product","link":"https:\/\/cedrat-technologies.com\/fr\/produit\/fast-steering-mirrors-piezoelectriques-et-magnetiques-pour-les-communications-optiques-spatiales\/","title":{"rendered":"Fast steering mirrors pi\u00e9zo\u00e9lectriques et magn\u00e9tiques pour les communications optiques spatiales"},"content":{"rendered":"","protected":false},"excerpt":{"rendered":"<p>Les nouvelles constellations spatiales g\u00e9antes bas\u00e9es sur la communication optique en espace libre (FSO) repr\u00e9sentent un nouveau d\u00e9fi \u00e0 bien des \u00e9gards. La prise en compte de la rentabilit\u00e9 obligatoire, de la r\u00e9p\u00e9tabilit\u00e9 des performances et de la fiabilit\u00e9 sans d\u00e9faut lors de l&rsquo;int\u00e9gration par le client, n\u00e9cessite un bouleversement des m\u00e9thodes de production et d&rsquo;essais d&rsquo;acceptation dans l&rsquo;espace, lorsque les quantit\u00e9s d\u00e9passent plusieurs milliers d&rsquo;unit\u00e9s. Dans cette publication, CEDRAT TECHNOLOGIES (CTEC) pr\u00e9sente la conception et les r\u00e9sultats des essais des mod\u00e8les d&rsquo;ing\u00e9nierie P-FSM150S Pointing Ahead Mechanism (PAM) et M-FSM45 Fast steering mirror (FSM), d\u00e9velopp\u00e9s dans le cadre du projet TELCO-B d&rsquo;ARTES pour les futures constellations FSO. La conception sp\u00e9cifique et \u00e9conomique du mat\u00e9riel est pr\u00e9sent\u00e9e, d\u00e9di\u00e9e \u00e0 la fabrication de tr\u00e8s grandes quantit\u00e9s, ainsi que les r\u00e9sultats des tests de performance sur un lot pr\u00e9liminaire d&rsquo;EM.<\/p>\n","protected":false},"featured_media":15119,"comment_status":"closed","ping_status":"open","template":"","meta":{"_acf_changed":false,"_seopress_robots_primary_cat":"none","_seopress_titles_title":"","_seopress_titles_desc":"","_seopress_robots_index":"yes"},"product_brand":[],"product_cat":[1491,1392,1390,1464],"product_tag":[],"class_list":{"0":"post-18487","1":"product","2":"type-product","3":"status-publish","4":"has-post-thumbnail","6":"product_cat-domaine-fr","7":"product_cat-fsm-plateformes-tip-tilt","8":"product_cat-mecanismes","9":"product_cat-publications-fr","11":"first","12":"instock","13":"downloadable","14":"virtual","15":"purchasable","16":"product-type-simple"},"acf":[],"_links":{"self":[{"href":"https:\/\/cedrat-technologies.com\/fr\/wp-json\/wp\/v2\/product\/18487","targetHints":{"allow":["GET"]}}],"collection":[{"href":"https:\/\/cedrat-technologies.com\/fr\/wp-json\/wp\/v2\/product"}],"about":[{"href":"https:\/\/cedrat-technologies.com\/fr\/wp-json\/wp\/v2\/types\/product"}],"replies":[{"embeddable":true,"href":"https:\/\/cedrat-technologies.com\/fr\/wp-json\/wp\/v2\/comments?post=18487"}],"version-history":[{"count":0,"href":"https:\/\/cedrat-technologies.com\/fr\/wp-json\/wp\/v2\/product\/18487\/revisions"}],"wp:featuredmedia":[{"embeddable":true,"href":"https:\/\/cedrat-technologies.com\/fr\/wp-json\/wp\/v2\/media\/15119"}],"wp:attachment":[{"href":"https:\/\/cedrat-technologies.com\/fr\/wp-json\/wp\/v2\/media?parent=18487"}],"wp:term":[{"taxonomy":"product_brand","embeddable":true,"href":"https:\/\/cedrat-technologies.com\/fr\/wp-json\/wp\/v2\/product_brand?post=18487"},{"taxonomy":"product_cat","embeddable":true,"href":"https:\/\/cedrat-technologies.com\/fr\/wp-json\/wp\/v2\/product_cat?post=18487"},{"taxonomy":"product_tag","embeddable":true,"href":"https:\/\/cedrat-technologies.com\/fr\/wp-json\/wp\/v2\/product_tag?post=18487"}],"curies":[{"name":"wp","href":"https:\/\/api.w.org\/{rel}","templated":true}]}}