{"id":18486,"date":"2023-06-19T10:31:49","date_gmt":"2023-06-19T08:31:49","guid":{"rendered":"http:\/\/cedrat-technologies.com\/produit\/actionneur-piezoelectrique-pour-la-fabrication-rapide-et-precise-de-pistons-ovales\/"},"modified":"2023-07-20T11:20:21","modified_gmt":"2023-07-20T09:20:21","slug":"actionneur-piezoelectrique-pour-la-fabrication-rapide-et-precise-de-pistons-ovales","status":"publish","type":"product","link":"https:\/\/cedrat-technologies.com\/fr\/produit\/actionneur-piezoelectrique-pour-la-fabrication-rapide-et-precise-de-pistons-ovales\/","title":{"rendered":"Actionneur pi\u00e9zo\u00e9lectrique pour la fabrication rapide et pr\u00e9cise de pistons ovales"},"content":{"rendered":"","protected":false},"excerpt":{"rendered":"<p>Actionneur pi\u00e9zo\u00e9lectrique et \u00e9lectronique de commande et de contr\u00f4le associ\u00e9e pour la fabrication pr\u00e9cise et rapide de \u00ab\u00a0pistons ovales\u00a0\u00bb. Les pistons ovales sont utilis\u00e9s dans toute l&rsquo;industrie automobile. Tous les v\u00e9hicules, motos, voitures et camions utilisent des pistons ovales. La raison en est que les pistons de ces v\u00e9hicules fonctionnent dans un environnement tr\u00e8s chaud et que, par cons\u00e9quent, la d\u00e9formation de la forme externe induite par la croissance thermique du piston est compens\u00e9e par ces \u00ab\u00a0ovalit\u00e9s\u00a0\u00bb (formes ovales).<\/p>\n","protected":false},"featured_media":15116,"comment_status":"closed","ping_status":"open","template":"","meta":{"_acf_changed":false,"_seopress_robots_primary_cat":"none","_seopress_titles_title":"","_seopress_titles_desc":"","_seopress_robots_index":"yes"},"product_brand":[],"product_cat":[1383,1385,1491,1497,1464],"product_tag":[],"class_list":{"0":"post-18486","1":"product","2":"type-product","3":"status-publish","4":"has-post-thumbnail","6":"product_cat-actionneurs-lineaires","7":"product_cat-actionneurs-piezo-fr","8":"product_cat-domaine-fr","9":"product_cat-productique-machine-outil-fr","10":"product_cat-publications-fr","12":"first","13":"instock","14":"downloadable","15":"virtual","16":"purchasable","17":"product-type-simple"},"acf":[],"_links":{"self":[{"href":"https:\/\/cedrat-technologies.com\/fr\/wp-json\/wp\/v2\/product\/18486","targetHints":{"allow":["GET"]}}],"collection":[{"href":"https:\/\/cedrat-technologies.com\/fr\/wp-json\/wp\/v2\/product"}],"about":[{"href":"https:\/\/cedrat-technologies.com\/fr\/wp-json\/wp\/v2\/types\/product"}],"replies":[{"embeddable":true,"href":"https:\/\/cedrat-technologies.com\/fr\/wp-json\/wp\/v2\/comments?post=18486"}],"version-history":[{"count":0,"href":"https:\/\/cedrat-technologies.com\/fr\/wp-json\/wp\/v2\/product\/18486\/revisions"}],"wp:featuredmedia":[{"embeddable":true,"href":"https:\/\/cedrat-technologies.com\/fr\/wp-json\/wp\/v2\/media\/15116"}],"wp:attachment":[{"href":"https:\/\/cedrat-technologies.com\/fr\/wp-json\/wp\/v2\/media?parent=18486"}],"wp:term":[{"taxonomy":"product_brand","embeddable":true,"href":"https:\/\/cedrat-technologies.com\/fr\/wp-json\/wp\/v2\/product_brand?post=18486"},{"taxonomy":"product_cat","embeddable":true,"href":"https:\/\/cedrat-technologies.com\/fr\/wp-json\/wp\/v2\/product_cat?post=18486"},{"taxonomy":"product_tag","embeddable":true,"href":"https:\/\/cedrat-technologies.com\/fr\/wp-json\/wp\/v2\/product_tag?post=18486"}],"curies":[{"name":"wp","href":"https:\/\/api.w.org\/{rel}","templated":true}]}}