{"id":18483,"date":"2023-06-19T10:31:49","date_gmt":"2023-06-19T08:31:49","guid":{"rendered":"http:\/\/cedrat-technologies.com\/produit\/transducteurs-piezoelectriques-pour-la-surveillance-des-reservoirs-twi-sept-2005\/"},"modified":"2023-07-20T11:20:18","modified_gmt":"2023-07-20T09:20:18","slug":"transducteurs-piezoelectriques-pour-la-surveillance-des-reservoirs-twi-sept-2005","status":"publish","type":"product","link":"https:\/\/cedrat-technologies.com\/fr\/produit\/transducteurs-piezoelectriques-pour-la-surveillance-des-reservoirs-twi-sept-2005\/","title":{"rendered":"Transducteurs pi\u00e9zo\u00e9lectriques pour la surveillance des r\u00e9servoirs &#8211; TWI &#8211; Sept 2005"},"content":{"rendered":"","protected":false},"excerpt":{"rendered":"<p>D\u00e9tection des vibrations structurelles microscopiques pour la surveillance des r\u00e9servoirs de stockage \u00e0 l&rsquo;aide de transducteurs pi\u00e9zo\u00e9lectriques.<\/p>\n","protected":false},"featured_media":15107,"comment_status":"closed","ping_status":"open","template":"","meta":{"_acf_changed":false,"_seopress_robots_primary_cat":"none","_seopress_titles_title":"","_seopress_titles_desc":"","_seopress_robots_index":"yes"},"product_brand":[],"product_cat":[1464,1408,1409],"product_tag":[],"class_list":{"0":"post-18483","1":"product","2":"type-product","3":"status-publish","4":"has-post-thumbnail","6":"product_cat-publications-fr","7":"product_cat-transducteurs-ndt-shm","8":"product_cat-transducteurs-soniques","10":"first","11":"instock","12":"downloadable","13":"virtual","14":"purchasable","15":"product-type-simple"},"acf":[],"_links":{"self":[{"href":"https:\/\/cedrat-technologies.com\/fr\/wp-json\/wp\/v2\/product\/18483","targetHints":{"allow":["GET"]}}],"collection":[{"href":"https:\/\/cedrat-technologies.com\/fr\/wp-json\/wp\/v2\/product"}],"about":[{"href":"https:\/\/cedrat-technologies.com\/fr\/wp-json\/wp\/v2\/types\/product"}],"replies":[{"embeddable":true,"href":"https:\/\/cedrat-technologies.com\/fr\/wp-json\/wp\/v2\/comments?post=18483"}],"version-history":[{"count":0,"href":"https:\/\/cedrat-technologies.com\/fr\/wp-json\/wp\/v2\/product\/18483\/revisions"}],"wp:featuredmedia":[{"embeddable":true,"href":"https:\/\/cedrat-technologies.com\/fr\/wp-json\/wp\/v2\/media\/15107"}],"wp:attachment":[{"href":"https:\/\/cedrat-technologies.com\/fr\/wp-json\/wp\/v2\/media?parent=18483"}],"wp:term":[{"taxonomy":"product_brand","embeddable":true,"href":"https:\/\/cedrat-technologies.com\/fr\/wp-json\/wp\/v2\/product_brand?post=18483"},{"taxonomy":"product_cat","embeddable":true,"href":"https:\/\/cedrat-technologies.com\/fr\/wp-json\/wp\/v2\/product_cat?post=18483"},{"taxonomy":"product_tag","embeddable":true,"href":"https:\/\/cedrat-technologies.com\/fr\/wp-json\/wp\/v2\/product_tag?post=18483"}],"curies":[{"name":"wp","href":"https:\/\/api.w.org\/{rel}","templated":true}]}}